{"id":100,"date":"2020-12-09T09:11:37","date_gmt":"2020-12-09T08:11:37","guid":{"rendered":"http:\/\/covecer.cz\/subdom\/kozarov\/?page_id=100"},"modified":"2020-12-23T14:52:35","modified_gmt":"2020-12-23T13:52:35","slug":"sluzby-v-obci","status":"publish","type":"page","link":"http:\/\/covecer.cz\/subdom\/kozarov\/sluzby-v-obci\/","title":{"rendered":"Slu\u017eby v obci"},"content":{"rendered":"\n<h3 class=\"has-text-align-center\">Obec Koz\u00e1rov poskytuje:<\/h3>\n\n\n\n<p>Pron\u00e1jem kulturn\u00edho domu nebo vin\u00e1rny v\u010detn\u011b kuchyn\u011b a prostorn\u00fdm s\u00e1lem za \u00fa\u010delem kon\u00e1n\u00ed r\u016fzn\u00fdch spole\u010densk\u00fdch akc\u00ed.<\/p>\n\n\n\n<!-- default-view.php -->\n<div\n\tclass=\"ngg-galleryoverview default-view \"\n\tid=\"ngg-gallery-c7157b502ffcb2a56136e144582fdb91-1\">\n\n\t\t<!-- Thumbnails -->\n\t\t\t\t<div id=\"ngg-image-0\" class=\"ngg-gallery-thumbnail-box \" >\n\t\t\t\t        <div class=\"ngg-gallery-thumbnail\">\n            <a href=\"http:\/\/covecer.cz\/subdom\/kozarov\/wp-content\/gallery\/sluzby-vobci-kd\/P1010204.jpg\"\n               title=\"\"\n               data-src=\"http:\/\/covecer.cz\/subdom\/kozarov\/wp-content\/gallery\/sluzby-vobci-kd\/P1010204.jpg\"\n               data-thumbnail=\"http:\/\/covecer.cz\/subdom\/kozarov\/wp-content\/gallery\/sluzby-vobci-kd\/thumbs\/thumbs_P1010204.jpg\"\n               data-image-id=\"15\"\n               data-title=\"S\u00e1l v kulturn\u00edm dom\u011b\"\n               data-description=\"\"\n               data-image-slug=\"p1010204\"\n               class=\"ngg-simplelightbox\" rel=\"c7157b502ffcb2a56136e144582fdb91\">\n                <img\n                    title=\"S\u00e1l v kulturn\u00edm dom\u011b\"\n                    alt=\"S\u00e1l v kulturn\u00edm dom\u011b\"\n                    src=\"http:\/\/covecer.cz\/subdom\/kozarov\/wp-content\/gallery\/sluzby-vobci-kd\/thumbs\/thumbs_P1010204.jpg\"\n                    width=\"240\"\n                    height=\"160\"\n                    style=\"max-width:100%;\"\n                \/>\n            <\/a>\n        <\/div>\n\t\t\t\t\t\t\t<\/div> \n\t\t\t\n\t\t\t\t<div id=\"ngg-image-1\" class=\"ngg-gallery-thumbnail-box \" >\n\t\t\t\t        <div class=\"ngg-gallery-thumbnail\">\n            <a href=\"http:\/\/covecer.cz\/subdom\/kozarov\/wp-content\/gallery\/sluzby-vobci-kd\/P1010206.jpg\"\n               title=\"\"\n               data-src=\"http:\/\/covecer.cz\/subdom\/kozarov\/wp-content\/gallery\/sluzby-vobci-kd\/P1010206.jpg\"\n               data-thumbnail=\"http:\/\/covecer.cz\/subdom\/kozarov\/wp-content\/gallery\/sluzby-vobci-kd\/thumbs\/thumbs_P1010206.jpg\"\n               data-image-id=\"16\"\n               data-title=\"S\u00e1l v kulturn\u00edm dom\u011b\"\n               data-description=\"\"\n               data-image-slug=\"p1010206\"\n               class=\"ngg-simplelightbox\" rel=\"c7157b502ffcb2a56136e144582fdb91\">\n                <img\n                    title=\"S\u00e1l v kulturn\u00edm dom\u011b\"\n                    alt=\"S\u00e1l v kulturn\u00edm dom\u011b\"\n                    src=\"http:\/\/covecer.cz\/subdom\/kozarov\/wp-content\/gallery\/sluzby-vobci-kd\/thumbs\/thumbs_P1010206.jpg\"\n                    width=\"240\"\n                    height=\"160\"\n                    style=\"max-width:100%;\"\n                \/>\n            <\/a>\n        <\/div>\n\t\t\t\t\t\t\t<\/div> \n\t\t\t\n\t\t\t\t<div id=\"ngg-image-2\" class=\"ngg-gallery-thumbnail-box \" >\n\t\t\t\t        <div class=\"ngg-gallery-thumbnail\">\n            <a href=\"http:\/\/covecer.cz\/subdom\/kozarov\/wp-content\/gallery\/sluzby-vobci-kd\/P1010208.jpg\"\n               title=\"\"\n               data-src=\"http:\/\/covecer.cz\/subdom\/kozarov\/wp-content\/gallery\/sluzby-vobci-kd\/P1010208.jpg\"\n               data-thumbnail=\"http:\/\/covecer.cz\/subdom\/kozarov\/wp-content\/gallery\/sluzby-vobci-kd\/thumbs\/thumbs_P1010208.jpg\"\n               data-image-id=\"17\"\n               data-title=\"S\u00e1l v kulturn\u00edm dom\u011b\"\n               data-description=\"\"\n               data-image-slug=\"p1010208\"\n               class=\"ngg-simplelightbox\" rel=\"c7157b502ffcb2a56136e144582fdb91\">\n                <img\n                    title=\"S\u00e1l v kulturn\u00edm dom\u011b\"\n                    alt=\"S\u00e1l v kulturn\u00edm dom\u011b\"\n                    src=\"http:\/\/covecer.cz\/subdom\/kozarov\/wp-content\/gallery\/sluzby-vobci-kd\/thumbs\/thumbs_P1010208.jpg\"\n                    width=\"240\"\n                    height=\"160\"\n                    style=\"max-width:100%;\"\n                \/>\n            <\/a>\n        <\/div>\n\t\t\t\t\t\t\t<\/div> \n\t\t\t\n\t\n\t<br style=\"clear: both\" \/>\n\n\t\n\t\t<!-- Pagination -->\n\t<div class='ngg-clear'><\/div>\t<\/div>\n\n\n\n\n<p>Pron\u00e1jem kulturn\u011b spole\u010densk\u00e9ho are\u00e1lu u rozhledny za \u00fa\u010delem kon\u00e1n\u00ed r\u016fzn\u00fdch spole\u010densk\u00fdch akc\u00ed.<\/p>\n\n\n\n<!-- default-view.php -->\n<div\n\tclass=\"ngg-galleryoverview default-view \"\n\tid=\"ngg-gallery-e39150147f998c570e0d83f5df8a1765-1\">\n\n\t\t<!-- Thumbnails -->\n\t\t\t\t<div id=\"ngg-image-0\" class=\"ngg-gallery-thumbnail-box \" >\n\t\t\t\t        <div class=\"ngg-gallery-thumbnail\">\n            <a href=\"http:\/\/covecer.cz\/subdom\/kozarov\/wp-content\/gallery\/sluzby-v-obci-ksa\/P1030505.jpg\"\n               title=\"\"\n               data-src=\"http:\/\/covecer.cz\/subdom\/kozarov\/wp-content\/gallery\/sluzby-v-obci-ksa\/P1030505.jpg\"\n               data-thumbnail=\"http:\/\/covecer.cz\/subdom\/kozarov\/wp-content\/gallery\/sluzby-v-obci-ksa\/thumbs\/thumbs_P1030505.jpg\"\n               data-image-id=\"18\"\n               data-title=\"Kulturn\u011b spole\u010densk\u00fd are\u00e1l\"\n               data-description=\"\"\n               data-image-slug=\"p1030505\"\n               class=\"ngg-simplelightbox\" rel=\"e39150147f998c570e0d83f5df8a1765\">\n                <img\n                    title=\"Kulturn\u011b spole\u010densk\u00fd are\u00e1l\"\n                    alt=\"Kulturn\u011b spole\u010densk\u00fd are\u00e1l\"\n                    src=\"http:\/\/covecer.cz\/subdom\/kozarov\/wp-content\/gallery\/sluzby-v-obci-ksa\/thumbs\/thumbs_P1030505.jpg\"\n                    width=\"240\"\n                    height=\"160\"\n                    style=\"max-width:100%;\"\n                \/>\n            <\/a>\n        <\/div>\n\t\t\t\t\t\t\t<\/div> \n\t\t\t\n\t\t\t\t<div id=\"ngg-image-1\" class=\"ngg-gallery-thumbnail-box \" >\n\t\t\t\t        <div class=\"ngg-gallery-thumbnail\">\n            <a href=\"http:\/\/covecer.cz\/subdom\/kozarov\/wp-content\/gallery\/sluzby-v-obci-ksa\/P1010329.jpg\"\n               title=\"\"\n               data-src=\"http:\/\/covecer.cz\/subdom\/kozarov\/wp-content\/gallery\/sluzby-v-obci-ksa\/P1010329.jpg\"\n               data-thumbnail=\"http:\/\/covecer.cz\/subdom\/kozarov\/wp-content\/gallery\/sluzby-v-obci-ksa\/thumbs\/thumbs_P1010329.jpg\"\n               data-image-id=\"19\"\n               data-title=\"Kulturn\u011b spole\u010densk\u00fd are\u00e1l\"\n               data-description=\"\"\n               data-image-slug=\"p1010329\"\n               class=\"ngg-simplelightbox\" rel=\"e39150147f998c570e0d83f5df8a1765\">\n                <img\n                    title=\"Kulturn\u011b spole\u010densk\u00fd are\u00e1l\"\n                    alt=\"Kulturn\u011b spole\u010densk\u00fd are\u00e1l\"\n                    src=\"http:\/\/covecer.cz\/subdom\/kozarov\/wp-content\/gallery\/sluzby-v-obci-ksa\/thumbs\/thumbs_P1010329.jpg\"\n                    width=\"240\"\n                    height=\"160\"\n                    style=\"max-width:100%;\"\n                \/>\n            <\/a>\n        <\/div>\n\t\t\t\t\t\t\t<\/div> \n\t\t\t\n\t\t\t\t<div id=\"ngg-image-2\" class=\"ngg-gallery-thumbnail-box \" >\n\t\t\t\t        <div class=\"ngg-gallery-thumbnail\">\n            <a href=\"http:\/\/covecer.cz\/subdom\/kozarov\/wp-content\/gallery\/sluzby-v-obci-ksa\/DJI00103.jpg\"\n               title=\"\"\n               data-src=\"http:\/\/covecer.cz\/subdom\/kozarov\/wp-content\/gallery\/sluzby-v-obci-ksa\/DJI00103.jpg\"\n               data-thumbnail=\"http:\/\/covecer.cz\/subdom\/kozarov\/wp-content\/gallery\/sluzby-v-obci-ksa\/thumbs\/thumbs_DJI00103.jpg\"\n               data-image-id=\"20\"\n               data-title=\"Kulturn\u011b spole\u010densk\u00fd are\u00e1l\"\n               data-description=\"\"\n               data-image-slug=\"dji00103\"\n               class=\"ngg-simplelightbox\" rel=\"e39150147f998c570e0d83f5df8a1765\">\n                <img\n                    title=\"Kulturn\u011b spole\u010densk\u00fd are\u00e1l\"\n                    alt=\"Kulturn\u011b spole\u010densk\u00fd are\u00e1l\"\n                    src=\"http:\/\/covecer.cz\/subdom\/kozarov\/wp-content\/gallery\/sluzby-v-obci-ksa\/thumbs\/thumbs_DJI00103.jpg\"\n                    width=\"240\"\n                    height=\"160\"\n                    style=\"max-width:100%;\"\n                \/>\n            <\/a>\n        <\/div>\n\t\t\t\t\t\t\t<\/div> \n\t\t\t\n\t\n\t<br style=\"clear: both\" \/>\n\n\t\n\t\t<!-- Pagination -->\n\t<div class='ngg-clear'><\/div>\t<\/div>\n\n\n\n\n<h3 class=\"has-text-align-center\">Dal\u0161\u00ed osoby a podnikatel\u00e9 v obci:<\/h3>\n\n\n\n<hr class=\"wp-block-separator has-text-color has-background is-style-wide\" style=\"background-color:#5f9e45;color:#5f9e45\"\/>\n\n\n\n<p class=\"has-text-align-center\"><strong>V\u00e1clav Pa\u0159\u00edzek<\/strong><br>Koz\u00e1rov 4<br>Tel. 732 524 529<br>Opravy osobn\u00edch automobil\u016f v\u010detn\u011b pneuservisu a servisu klimatizac\u00ed<\/p>\n\n\n\n<hr class=\"wp-block-separator has-text-color has-background is-style-wide\" style=\"background-color:#5f9e45;color:#5f9e45\"\/>\n\n\n\n<p class=\"has-text-align-center\"><strong>Ji\u0159\u00ed Svoboda<\/strong><br>Koz\u00e1rov 40<br>Tel. 730 124 012<br>Zednick\u00e9 pr\u00e1ce, slu\u017eby pro zem\u011bd\u011blstv\u00ed, les a lesnictv\u00ed, technick\u00e9 slu\u017eby<\/p>\n\n\n\n<hr class=\"wp-block-separator has-text-color has-background is-style-wide\" style=\"background-color:#5f9e45;color:#5f9e45\"\/>\n\n\n\n<p class=\"has-text-align-center\"><strong>Bc. Franti\u0161ek Sedl\u00e1\u010dek<\/strong><br>Koz\u00e1rov 48<br>Tel. 604 255 544<br>Veden\u00ed \u00fa\u010detnictv\u00ed, finan\u010dn\u00ed poradenstv\u00ed v oblasti poji\u0161\u0165ovnictv\u00ed a bankovnictv\u00ed<\/p>\n\n\n\n<hr class=\"wp-block-separator has-text-color has-background is-style-wide\" style=\"background-color:#5f9e45;color:#5f9e45\"\/>\n\n\n\n<p class=\"has-text-align-center\"><strong>V\u011bra \u0160r\u00e1mkov\u00e1<\/strong><br>Koz\u00e1rov 31<br>Tel. 608 456 643<br>Mas\u00e1\u017ee \u2013 r\u016fzn\u00e9 druhy<\/p>\n\n\n\n<hr class=\"wp-block-separator has-text-color has-background is-style-wide\" style=\"background-color:#5f9e45;color:#5f9e45\"\/>\n\n\n\n<p class=\"has-text-align-center\"><strong>Jaroslav Pa\u0159\u00edzek st.<\/strong><br>Koz\u00e1rov 36<br>Tel. 777 211 214<br>Mal\u00ed\u0159stv\u00ed \u2013 nat\u011bra\u010dstv\u00ed<\/p>\n\n\n\n<hr class=\"wp-block-separator has-text-color has-background is-style-wide\" style=\"background-color:#5f9e45;color:#5f9e45\"\/>\n\n\n\n<p class=\"has-text-align-center\"><strong>Jaroslav Pa\u0159\u00edzek ml.<\/strong><br>Koz\u00e1rov 36<br>Tel. 775 607 172<br>Tesa\u0159stv\u00ed<\/p>\n\n\n\n<hr class=\"wp-block-separator has-text-color has-background is-style-wide\" style=\"background-color:#5f9e45;color:#5f9e45\"\/>\n\n\n\n<p class=\"has-text-align-center\"><strong>Eva K\u0159e\u010dkov\u00e1<\/strong><br>Koz\u00e1rov 42<br>Tel. 721 017 983<br>Pohostinsk\u00e1 \u010dinnost<\/p>\n\n\n\n<hr class=\"wp-block-separator has-text-color has-background is-style-wide\" style=\"background-color:#5f9e45;color:#5f9e45\"\/>\n\n\n\n<p class=\"has-text-align-center\"><strong>Ivana Kobylinsk\u00e1<\/strong><br>Koz\u00e1rov 55<br>Tel. 608 730 280<br>Web:\u00a0<a rel=\"noreferrer noopener\" href=\"https:\/\/www.rozmarina.cz\/\" target=\"_blank\">www.rozmarina.cz<\/a><br>Textiln\u00ed ateli\u00e9r \u2013 ru\u010dn\u011b malovan\u00e9 hedv\u00e1b\u00ed<\/p>\n\n\n\n<hr class=\"wp-block-separator has-text-color has-background is-style-wide\" style=\"background-color:#5f9e45;color:#5f9e45\"\/>\n","protected":false},"excerpt":{"rendered":"<p>Obec Koz\u00e1rov poskytuje: Pron\u00e1jem kulturn\u00edho domu nebo vin\u00e1rny v\u010detn\u011b kuchyn\u011b a prostorn\u00fdm s\u00e1lem za \u00fa\u010delem kon\u00e1n\u00ed r\u016fzn\u00fdch spole\u010densk\u00fdch akc\u00ed. Pron\u00e1jem kulturn\u011b spole\u010densk\u00e9ho are\u00e1lu u rozhledny&hellip;<\/p>\n","protected":false},"author":1,"featured_media":0,"parent":0,"menu_order":0,"comment_status":"closed","ping_status":"closed","template":"","meta":{"ngg_post_thumbnail":0},"_links":{"self":[{"href":"http:\/\/covecer.cz\/subdom\/kozarov\/wp-json\/wp\/v2\/pages\/100"}],"collection":[{"href":"http:\/\/covecer.cz\/subdom\/kozarov\/wp-json\/wp\/v2\/pages"}],"about":[{"href":"http:\/\/covecer.cz\/subdom\/kozarov\/wp-json\/wp\/v2\/types\/page"}],"author":[{"embeddable":true,"href":"http:\/\/covecer.cz\/subdom\/kozarov\/wp-json\/wp\/v2\/users\/1"}],"replies":[{"embeddable":true,"href":"http:\/\/covecer.cz\/subdom\/kozarov\/wp-json\/wp\/v2\/comments?post=100"}],"version-history":[{"count":6,"href":"http:\/\/covecer.cz\/subdom\/kozarov\/wp-json\/wp\/v2\/pages\/100\/revisions"}],"predecessor-version":[{"id":1812,"href":"http:\/\/covecer.cz\/subdom\/kozarov\/wp-json\/wp\/v2\/pages\/100\/revisions\/1812"}],"wp:attachment":[{"href":"http:\/\/covecer.cz\/subdom\/kozarov\/wp-json\/wp\/v2\/media?parent=100"}],"curies":[{"name":"wp","href":"https:\/\/api.w.org\/{rel}","templated":true}]}}