{"id":106,"date":"2020-12-09T09:12:51","date_gmt":"2020-12-09T08:12:51","guid":{"rendered":"http:\/\/covecer.cz\/subdom\/kozarov\/?page_id=106"},"modified":"2020-12-23T08:39:22","modified_gmt":"2020-12-23T07:39:22","slug":"farma-kozarov-zeas-lysice-a-s","status":"publish","type":"page","link":"http:\/\/covecer.cz\/subdom\/kozarov\/farma-kozarov-zeas-lysice-a-s\/","title":{"rendered":"Farma Koz\u00e1rov (ZEAS Lysice a.s.)"},"content":{"rendered":"\n<p>ZEAS Lysice, a.s. obhospoda\u0159uje v&nbsp;k.\u00fa. Koz\u00e1rov 130 ha zem\u011bd\u011blsk\u00e9 p\u016fdy, z&nbsp;toho je 32 ha orn\u00e1 p\u016fda a&nbsp;na&nbsp;98&nbsp;ha jsou trval\u00e9 travn\u00ed porosty.<br>Produkce z&nbsp;t\u011bchto pozemk\u016f a z&nbsp;pozemk\u016f v&nbsp;p\u0159il\u00e9haj\u00edc\u00edch katastrech ( Ra\u0161ov, Strha\u0159e, Kun\u010dina Ves a&nbsp;Bed\u0159ichov) je p\u0159edev\u0161\u00edm vyu\u017e\u00edv\u00e1na ke krmn\u00fdm \u00fa\u010del\u016fm v&nbsp;\u017eivo\u010di\u0161n\u00e9 v\u00fdrob\u011b.<\/p>\n\n\n\n<figure class=\"wp-block-image alignwide size-large is-style-default\"><img loading=\"lazy\" width=\"1024\" height=\"367\" src=\"http:\/\/covecer.cz\/subdom\/kozarov\/wp-content\/uploads\/2020\/12\/farma_kozarov-1024x367.png\" alt=\"\" class=\"wp-image-661\" srcset=\"http:\/\/covecer.cz\/subdom\/kozarov\/wp-content\/uploads\/2020\/12\/farma_kozarov-1024x367.png 1024w, http:\/\/covecer.cz\/subdom\/kozarov\/wp-content\/uploads\/2020\/12\/farma_kozarov-300x107.png 300w, http:\/\/covecer.cz\/subdom\/kozarov\/wp-content\/uploads\/2020\/12\/farma_kozarov-768x275.png 768w, http:\/\/covecer.cz\/subdom\/kozarov\/wp-content\/uploads\/2020\/12\/farma_kozarov.png 1408w\" sizes=\"(max-width: 1024px) 100vw, 1024px\" \/><\/figure>\n\n\n\n<p>I p\u0159es vysokou nadmo\u0159skou v\u00fd\u0161ku bylo v&nbsp;roce 2014 dosa\u017eeno solidn\u00edch v\u00fdsledk\u016f u poln\u00edch plodin (&nbsp;p\u0161enice 62 q\/ha, \u017eito 65 q\/ha,&nbsp; \u0159epka 43 q\/ha) .<\/p>\n\n\n\n<div class=\"wp-block-image is-style-default\"><figure class=\"alignright size-large is-resized\"><img loading=\"lazy\" src=\"http:\/\/covecer.cz\/subdom\/kozarov\/wp-content\/uploads\/2020\/12\/P1090008-1024x768.jpg\" alt=\"\" class=\"wp-image-704\" width=\"256\" height=\"192\" srcset=\"http:\/\/covecer.cz\/subdom\/kozarov\/wp-content\/uploads\/2020\/12\/P1090008-1024x768.jpg 1024w, http:\/\/covecer.cz\/subdom\/kozarov\/wp-content\/uploads\/2020\/12\/P1090008-300x225.jpg 300w, http:\/\/covecer.cz\/subdom\/kozarov\/wp-content\/uploads\/2020\/12\/P1090008-768x576.jpg 768w, http:\/\/covecer.cz\/subdom\/kozarov\/wp-content\/uploads\/2020\/12\/P1090008.jpg 1200w\" sizes=\"(max-width: 256px) 100vw, 256px\" \/><\/figure><\/div>\n\n\n\n<p>Spole\u010dnost m\u00e1 v&nbsp;hospod\u00e1\u0159sk\u00e9m st\u0159edisku Koz\u00e1rov st\u00e1j s&nbsp;voln\u00fdm ust\u00e1jen\u00edm pro dojnice s&nbsp;aktu\u00e1n\u00edm stavem&nbsp; 130 dojnic hol\u0161t\u00fdnsk\u00e9ho plemene . V&nbsp;sou\u010dasn\u00e9 dob\u011b \u010din\u00ed dod\u00e1vka ml\u00e9ka&nbsp; z&nbsp;t\u00e9to st\u00e1je do&nbsp;Ml\u00e9k\u00e1rny Ole\u0161nice cca 2700 litr\u016f denn\u011b a je dosahov\u00e1na u\u017eitkost&nbsp; 23 litr\u016f ml\u00e9ka na dojnici.<\/p>\n\n\n\n<p>D\u00e1le je ve st\u0159edisku st\u00e1j pro mlad\u00fd skot s&nbsp;aktu\u00e1ln\u00edm stavem 235 jalovic ve st\u00e1\u0159\u00ed do 2 rok\u016f.&nbsp; Travn\u00ed porosty jsou u\u017e\u00edv\u00e1ny i&nbsp;z\u010d\u00e1sti k&nbsp;pastevn\u00edmu odchovu telat a jalovic.<\/p>\n\n\n\n<p>Ve st\u0159edisku je i z\u00e1zem\u00ed ke skladov\u00e1n\u00ed krmiv ( sen\u00edk a kryt\u00fd sil\u00e1\u017en\u00ed \u017elab) a oprav\u00e1\u0159sk\u00e1 d\u00edlna.<\/p>\n\n\n\n<p>ZEAS Lysice, a.s. velice oce\u0148uje dlouhodobou v\u00fdbornou spolupr\u00e1ci s&nbsp;obc\u00ed Koz\u00e1rov,&nbsp; kter\u00e1 je prosp\u011b\u0161n\u00e1 pro ob\u011b strany.<\/p>\n\n\n\n<div class=\"wp-block-image is-style-default\"><figure class=\"aligncenter size-large\"><a href=\"https:\/\/zeasas.cz\/\" target=\"_blank\" rel=\"noopener\"><img loading=\"lazy\" width=\"150\" height=\"103\" src=\"http:\/\/covecer.cz\/subdom\/kozarov\/wp-content\/uploads\/2020\/12\/zeas1.jpg\" alt=\"ZEAS Lysice, a.s.\" class=\"wp-image-666\"\/><\/a><figcaption><a rel=\"noreferrer noopener\" href=\"https:\/\/zeasas.cz\/\" data-type=\"URL\" data-id=\"https:\/\/zeasas.cz\/\" target=\"_blank\">v\u00edce..<\/a><\/figcaption><\/figure><\/div>\n\n\n\n<p><\/p>\n","protected":false},"excerpt":{"rendered":"<p>ZEAS Lysice, a.s. obhospoda\u0159uje v&nbsp;k.\u00fa. Koz\u00e1rov 130 ha zem\u011bd\u011blsk\u00e9 p\u016fdy, z&nbsp;toho je 32 ha orn\u00e1 p\u016fda a&nbsp;na&nbsp;98&nbsp;ha jsou trval\u00e9 travn\u00ed porosty.Produkce z&nbsp;t\u011bchto pozemk\u016f a z&nbsp;pozemk\u016f&hellip;<\/p>\n","protected":false},"author":1,"featured_media":0,"parent":0,"menu_order":0,"comment_status":"closed","ping_status":"closed","template":"","meta":{"ngg_post_thumbnail":0},"_links":{"self":[{"href":"http:\/\/covecer.cz\/subdom\/kozarov\/wp-json\/wp\/v2\/pages\/106"}],"collection":[{"href":"http:\/\/covecer.cz\/subdom\/kozarov\/wp-json\/wp\/v2\/pages"}],"about":[{"href":"http:\/\/covecer.cz\/subdom\/kozarov\/wp-json\/wp\/v2\/types\/page"}],"author":[{"embeddable":true,"href":"http:\/\/covecer.cz\/subdom\/kozarov\/wp-json\/wp\/v2\/users\/1"}],"replies":[{"embeddable":true,"href":"http:\/\/covecer.cz\/subdom\/kozarov\/wp-json\/wp\/v2\/comments?post=106"}],"version-history":[{"count":13,"href":"http:\/\/covecer.cz\/subdom\/kozarov\/wp-json\/wp\/v2\/pages\/106\/revisions"}],"predecessor-version":[{"id":706,"href":"http:\/\/covecer.cz\/subdom\/kozarov\/wp-json\/wp\/v2\/pages\/106\/revisions\/706"}],"wp:attachment":[{"href":"http:\/\/covecer.cz\/subdom\/kozarov\/wp-json\/wp\/v2\/media?parent=106"}],"curies":[{"name":"wp","href":"https:\/\/api.w.org\/{rel}","templated":true}]}}