{"id":1696,"date":"2021-01-12T17:32:25","date_gmt":"2021-01-12T16:32:25","guid":{"rendered":"http:\/\/covecer.cz\/subdom\/kozarov\/?page_id=1696"},"modified":"2021-01-12T21:28:53","modified_gmt":"2021-01-12T20:28:53","slug":"fotogalerie-kultura-a-tradice-v-obci","status":"publish","type":"page","link":"http:\/\/covecer.cz\/subdom\/kozarov\/fotogalerie-kultura-a-tradice-v-obci\/","title":{"rendered":"Fotogalerie \u2013 Kultura a tradice v obci"},"content":{"rendered":"\n<ul class=\"ngg-breadcrumbs\">\n            <li class=\"ngg-breadcrumb\">\n                            <a href=\"http:\/\/covecer.cz\/subdom\/kozarov\/fotogalerie\/\">Fotogalerie<\/a>\n                                        <span class=\"ngg-breadcrumb-divisor\"> &raquo; <\/span>\n                    <\/li>\n\n<li class=\"ngg-breadcrumb\">\n                            <a href=\"http:\/\/covecer.cz\/subdom\/kozarov\/fotogalerie-kultura-a-tradice-v-obci\/\">Kultura a tradice v obci<\/a>\n                                        <span class=\"ngg-breadcrumb-divisor\"> &raquo; <\/span>\n                    <\/li>\n    <\/ul>\n\n\n\n<div class=\"ngg-albumoverview default-view\">\n            <div class=\"ngg-album-compact\">\n            <div class=\"ngg-album-compactbox\">\n                <div class=\"ngg-album-link\">\n                                        <a title='Gul\u00e1\u0161 fest 2018'\n                       href='http:\/\/covecer.cz\/subdom\/kozarov\/fotogalerie-kultura-a-tradice-v-obci\/nggallery\/gulas-fest-2018\/gulas-fest-2018'>\n                        <img class=\"Thumb\"\n                             alt=\"Gul\u00e1\u0161 fest 2018\"\n                             src=\"http:\/\/covecer.cz\/subdom\/kozarov\/wp-content\/gallery\/gulas-fest-2018\/cache\/DSC_0215.jpg-nggid0258-ngg0dyn-240x160x100-00f0w010c011r110f110r010t010.jpg\"\/>\n                    <\/a>\n                                    <\/div>\n            <\/div>\n                        <h4>\n                <a class='ngg-album-desc' title='Gul\u00e1\u0161 fest 2018'\n                       href='http:\/\/covecer.cz\/subdom\/kozarov\/fotogalerie-kultura-a-tradice-v-obci\/nggallery\/gulas-fest-2018\/gulas-fest-2018'style=\"max-width: 260px\">Gul\u00e1\u0161 fest 2018<\/a>\n            <\/h4>\n            <p class=\"ngg-album-gallery-image-counter\">\n                                    <strong>44<\/strong>&nbsp;Fotky                            <\/p>\n        <\/div>\n            <div class=\"ngg-album-compact\">\n            <div class=\"ngg-album-compactbox\">\n                <div class=\"ngg-album-link\">\n                                        <a title='Hody 2015'\n                       href='http:\/\/covecer.cz\/subdom\/kozarov\/fotogalerie-kultura-a-tradice-v-obci\/nggallery\/hody-2015\/hody-2015'>\n                        <img class=\"Thumb\"\n                             alt=\"Hody 2015\"\n                             src=\"http:\/\/covecer.cz\/subdom\/kozarov\/wp-content\/gallery\/hody-2015\/cache\/P1010320.JPG-nggid03147-ngg0dyn-240x160x100-00f0w010c011r110f110r010t010.JPG\"\/>\n                    <\/a>\n                                    <\/div>\n            <\/div>\n                        <h4>\n                <a class='ngg-album-desc' title='Hody 2015'\n                       href='http:\/\/covecer.cz\/subdom\/kozarov\/fotogalerie-kultura-a-tradice-v-obci\/nggallery\/hody-2015\/hody-2015'style=\"max-width: 260px\">Hody 2015<\/a>\n            <\/h4>\n            <p class=\"ngg-album-gallery-image-counter\">\n                                    <strong>103<\/strong>&nbsp;Fotky                            <\/p>\n        <\/div>\n            <div class=\"ngg-album-compact\">\n            <div class=\"ngg-album-compactbox\">\n                <div class=\"ngg-album-link\">\n                                        <a title='Babylon Cup 2015'\n                       href='http:\/\/covecer.cz\/subdom\/kozarov\/fotogalerie-kultura-a-tradice-v-obci\/nggallery\/babylon-cup-2015\/babylon-cup-2015'>\n                        <img class=\"Thumb\"\n                             alt=\"Babylon Cup 2015\"\n                             src=\"http:\/\/covecer.cz\/subdom\/kozarov\/wp-content\/gallery\/babylon-cup-2015\/cache\/P1010155.JPG-nggid03215-ngg0dyn-240x160x100-00f0w010c011r110f110r010t010.JPG\"\/>\n                    <\/a>\n                                    <\/div>\n            <\/div>\n                        <h4>\n                <a class='ngg-album-desc' title='Babylon Cup 2015'\n                       href='http:\/\/covecer.cz\/subdom\/kozarov\/fotogalerie-kultura-a-tradice-v-obci\/nggallery\/babylon-cup-2015\/babylon-cup-2015'style=\"max-width: 260px\">Babylon Cup 2015<\/a>\n            <\/h4>\n            <p class=\"ngg-album-gallery-image-counter\">\n                                    <strong>50<\/strong>&nbsp;Fotky                            <\/p>\n        <\/div>\n            <div class=\"ngg-album-compact\">\n            <div class=\"ngg-album-compactbox\">\n                <div class=\"ngg-album-link\">\n                                        <a title='V\u00edt\u00e1n\u00ed pr\u00e1zdnin 2015'\n                       href='http:\/\/covecer.cz\/subdom\/kozarov\/fotogalerie-kultura-a-tradice-v-obci\/nggallery\/vitani-prazdnin-2015\/vitani-prazdnin-2015'>\n                        <img class=\"Thumb\"\n                             alt=\"V\u00edt\u00e1n\u00ed pr\u00e1zdnin 2015\"\n                             src=\"http:\/\/covecer.cz\/subdom\/kozarov\/wp-content\/gallery\/vitani-prazdnin-2015\/cache\/P1010050.JPG-nggid03235-ngg0dyn-240x160x100-00f0w010c011r110f110r010t010.JPG\"\/>\n                    <\/a>\n                                    <\/div>\n            <\/div>\n                        <h4>\n                <a class='ngg-album-desc' title='V\u00edt\u00e1n\u00ed pr\u00e1zdnin 2015'\n                       href='http:\/\/covecer.cz\/subdom\/kozarov\/fotogalerie-kultura-a-tradice-v-obci\/nggallery\/vitani-prazdnin-2015\/vitani-prazdnin-2015'style=\"max-width: 260px\">V\u00edt\u00e1n\u00ed pr\u00e1zdnin 2015<\/a>\n            <\/h4>\n            <p class=\"ngg-album-gallery-image-counter\">\n                                    <strong>64<\/strong>&nbsp;Fotky                            <\/p>\n        <\/div>\n            <div class=\"ngg-album-compact\">\n            <div class=\"ngg-album-compactbox\">\n                <div class=\"ngg-album-link\">\n                                        <a title='Ostatky 2015'\n                       href='http:\/\/covecer.cz\/subdom\/kozarov\/fotogalerie-kultura-a-tradice-v-obci\/nggallery\/ostatky-2015\/ostatky-2015'>\n                        <img class=\"Thumb\"\n                             alt=\"Ostatky 2015\"\n                             src=\"http:\/\/covecer.cz\/subdom\/kozarov\/wp-content\/gallery\/ostatky-2015\/cache\/100_6771-1.jpg-nggid03285-ngg0dyn-240x160x100-00f0w010c011r110f110r010t010.jpg\"\/>\n                    <\/a>\n                                    <\/div>\n            <\/div>\n                        <h4>\n                <a class='ngg-album-desc' title='Ostatky 2015'\n                       href='http:\/\/covecer.cz\/subdom\/kozarov\/fotogalerie-kultura-a-tradice-v-obci\/nggallery\/ostatky-2015\/ostatky-2015'style=\"max-width: 260px\">Ostatky 2015<\/a>\n            <\/h4>\n            <p class=\"ngg-album-gallery-image-counter\">\n                                    <strong>15<\/strong>&nbsp;Fotky                            <\/p>\n        <\/div>\n            <div class=\"ngg-album-compact\">\n            <div class=\"ngg-album-compactbox\">\n                <div class=\"ngg-album-link\">\n                                        <a title='Rozsv\u00edcen\u00ed v\u00e1no\u010dn\u00edho stromu 2014'\n                       href='http:\/\/covecer.cz\/subdom\/kozarov\/fotogalerie-kultura-a-tradice-v-obci\/nggallery\/rozsviceni-vanocniho-stromu-2014\/rozsviceni-vanocniho-stromu-2014'>\n                        <img class=\"Thumb\"\n                             alt=\"Rozsv\u00edcen\u00ed v\u00e1no\u010dn\u00edho stromu 2014\"\n                             src=\"http:\/\/covecer.cz\/subdom\/kozarov\/wp-content\/gallery\/rozsviceni-vanocniho-stromu-2014\/cache\/DSC_1655.jpg-nggid03321-ngg0dyn-240x160x100-00f0w010c011r110f110r010t010.jpg\"\/>\n                    <\/a>\n                                    <\/div>\n            <\/div>\n                        <h4>\n                <a class='ngg-album-desc' title='Rozsv\u00edcen\u00ed v\u00e1no\u010dn\u00edho stromu 2014'\n                       href='http:\/\/covecer.cz\/subdom\/kozarov\/fotogalerie-kultura-a-tradice-v-obci\/nggallery\/rozsviceni-vanocniho-stromu-2014\/rozsviceni-vanocniho-stromu-2014'style=\"max-width: 260px\">Rozsv\u00edcen\u00ed v\u00e1no\u010dn\u00edho stromu 2014<\/a>\n            <\/h4>\n            <p class=\"ngg-album-gallery-image-counter\">\n                                    <strong>38<\/strong>&nbsp;Fotky                            <\/p>\n        <\/div>\n            <div class=\"ngg-album-compact\">\n            <div class=\"ngg-album-compactbox\">\n                <div class=\"ngg-album-link\">\n                                        <a title='Hody 2014'\n                       href='http:\/\/covecer.cz\/subdom\/kozarov\/fotogalerie-kultura-a-tradice-v-obci\/nggallery\/hody-2014\/hody-2014'>\n                        <img class=\"Thumb\"\n                             alt=\"Hody 2014\"\n                             src=\"http:\/\/covecer.cz\/subdom\/kozarov\/wp-content\/gallery\/hody-2014\/cache\/P1010151.jpg-nggid03379-ngg0dyn-240x160x100-00f0w010c011r110f110r010t010.jpg\"\/>\n                    <\/a>\n                                    <\/div>\n            <\/div>\n                        <h4>\n                <a class='ngg-album-desc' title='Hody 2014'\n                       href='http:\/\/covecer.cz\/subdom\/kozarov\/fotogalerie-kultura-a-tradice-v-obci\/nggallery\/hody-2014\/hody-2014'style=\"max-width: 260px\">Hody 2014<\/a>\n            <\/h4>\n            <p class=\"ngg-album-gallery-image-counter\">\n                                    <strong>57<\/strong>&nbsp;Fotky                            <\/p>\n        <\/div>\n            <div class=\"ngg-album-compact\">\n            <div class=\"ngg-album-compactbox\">\n                <div class=\"ngg-album-link\">\n                                        <a title='Babylon Cup 2014'\n                       href='http:\/\/covecer.cz\/subdom\/kozarov\/fotogalerie-kultura-a-tradice-v-obci\/nggallery\/babylon-cup-2014\/babylon-cup-2014'>\n                        <img class=\"Thumb\"\n                             alt=\"Babylon Cup 2014\"\n                             src=\"http:\/\/covecer.cz\/subdom\/kozarov\/wp-content\/gallery\/babylon-cup-2014\/cache\/P1010077.JPG-nggid03412-ngg0dyn-240x160x100-00f0w010c011r110f110r010t010.JPG\"\/>\n                    <\/a>\n                                    <\/div>\n            <\/div>\n                        <h4>\n                <a class='ngg-album-desc' title='Babylon Cup 2014'\n                       href='http:\/\/covecer.cz\/subdom\/kozarov\/fotogalerie-kultura-a-tradice-v-obci\/nggallery\/babylon-cup-2014\/babylon-cup-2014'style=\"max-width: 260px\">Babylon Cup 2014<\/a>\n            <\/h4>\n            <p class=\"ngg-album-gallery-image-counter\">\n                                    <strong>21<\/strong>&nbsp;Fotky                            <\/p>\n        <\/div>\n        <br class=\"ngg-clear\"\/>\n    <div class='ngg-clear'><\/div><\/div>\n\n","protected":false},"excerpt":{"rendered":"<p>Fotogalerie &raquo; Kultura a tradice v obci &raquo;<\/p>\n","protected":false},"author":1,"featured_media":0,"parent":0,"menu_order":0,"comment_status":"closed","ping_status":"closed","template":"","meta":{"ngg_post_thumbnail":0},"_links":{"self":[{"href":"http:\/\/covecer.cz\/subdom\/kozarov\/wp-json\/wp\/v2\/pages\/1696"}],"collection":[{"href":"http:\/\/covecer.cz\/subdom\/kozarov\/wp-json\/wp\/v2\/pages"}],"about":[{"href":"http:\/\/covecer.cz\/subdom\/kozarov\/wp-json\/wp\/v2\/types\/page"}],"author":[{"embeddable":true,"href":"http:\/\/covecer.cz\/subdom\/kozarov\/wp-json\/wp\/v2\/users\/1"}],"replies":[{"embeddable":true,"href":"http:\/\/covecer.cz\/subdom\/kozarov\/wp-json\/wp\/v2\/comments?post=1696"}],"version-history":[{"count":12,"href":"http:\/\/covecer.cz\/subdom\/kozarov\/wp-json\/wp\/v2\/pages\/1696\/revisions"}],"predecessor-version":[{"id":1779,"href":"http:\/\/covecer.cz\/subdom\/kozarov\/wp-json\/wp\/v2\/pages\/1696\/revisions\/1779"}],"wp:attachment":[{"href":"http:\/\/covecer.cz\/subdom\/kozarov\/wp-json\/wp\/v2\/media?parent=1696"}],"curies":[{"name":"wp","href":"https:\/\/api.w.org\/{rel}","templated":true}]}}