{"id":1780,"date":"2021-01-12T21:38:28","date_gmt":"2021-01-12T20:38:28","guid":{"rendered":"http:\/\/covecer.cz\/subdom\/kozarov\/?page_id=1780"},"modified":"2021-01-12T21:55:26","modified_gmt":"2021-01-12T20:55:26","slug":"fotogalerie-fotbaliste-fotbalove-hriste","status":"publish","type":"page","link":"http:\/\/covecer.cz\/subdom\/kozarov\/fotogalerie-fotbaliste-fotbalove-hriste\/","title":{"rendered":"Fotogalerie \u2013 Fotbalist\u00e9 \/ Fotbalov\u00e9 h\u0159i\u0161t\u011b"},"content":{"rendered":"\n<ul class=\"ngg-breadcrumbs\">\n            <li class=\"ngg-breadcrumb\">\n                            <a href=\"http:\/\/covecer.cz\/subdom\/kozarov\/fotogalerie\/\">Fotogalerie<\/a>\n                                        <span class=\"ngg-breadcrumb-divisor\"> \u00bb <\/span>\n                    <\/li>\n\n<li class=\"ngg-breadcrumb\">\n                            <a href=\"http:\/\/covecer.cz\/subdom\/kozarov\/fotogalerie-fotbaliste-fotbalove-hriste\/\">Fotbalist\u00e9 \/ Fotbalov\u00e9 h\u0159i\u0161t\u011b<\/a>\n                                        <span class=\"ngg-breadcrumb-divisor\"> \u00bb <\/span>\n                    <\/li>\n    <\/ul>\n\n\n\n<div class=\"ngg-albumoverview default-view\">\n            <div class=\"ngg-album-compact\">\n            <div class=\"ngg-album-compactbox\">\n                <div class=\"ngg-album-link\">\n                                        <a title='Babylon Cup 2015'\n                       href='http:\/\/covecer.cz\/subdom\/kozarov\/fotogalerie-fotbaliste-fotbalove-hriste\/nggallery\/babylon-cup-2015\/babylon-cup-2015'>\n                        <img class=\"Thumb\"\n                             alt=\"Babylon Cup 2015\"\n                             src=\"http:\/\/covecer.cz\/subdom\/kozarov\/wp-content\/gallery\/babylon-cup-2015\/cache\/P1010155.JPG-nggid03215-ngg0dyn-240x160x100-00f0w010c011r110f110r010t010.JPG\"\/>\n                    <\/a>\n                                    <\/div>\n            <\/div>\n                        <h4>\n                <a class='ngg-album-desc' title='Babylon Cup 2015'\n                       href='http:\/\/covecer.cz\/subdom\/kozarov\/fotogalerie-fotbaliste-fotbalove-hriste\/nggallery\/babylon-cup-2015\/babylon-cup-2015'style=\"max-width: 260px\">Babylon Cup 2015<\/a>\n            <\/h4>\n            <p class=\"ngg-album-gallery-image-counter\">\n                                    <strong>50<\/strong>&nbsp;Fotky                            <\/p>\n        <\/div>\n            <div class=\"ngg-album-compact\">\n            <div class=\"ngg-album-compactbox\">\n                <div class=\"ngg-album-link\">\n                                        <a title='Babylon Cup 2014'\n                       href='http:\/\/covecer.cz\/subdom\/kozarov\/fotogalerie-fotbaliste-fotbalove-hriste\/nggallery\/babylon-cup-2014\/babylon-cup-2014'>\n                        <img class=\"Thumb\"\n                             alt=\"Babylon Cup 2014\"\n                             src=\"http:\/\/covecer.cz\/subdom\/kozarov\/wp-content\/gallery\/babylon-cup-2014\/cache\/P1010077.JPG-nggid03412-ngg0dyn-240x160x100-00f0w010c011r110f110r010t010.JPG\"\/>\n                    <\/a>\n                                    <\/div>\n            <\/div>\n                        <h4>\n                <a class='ngg-album-desc' title='Babylon Cup 2014'\n                       href='http:\/\/covecer.cz\/subdom\/kozarov\/fotogalerie-fotbaliste-fotbalove-hriste\/nggallery\/babylon-cup-2014\/babylon-cup-2014'style=\"max-width: 260px\">Babylon Cup 2014<\/a>\n            <\/h4>\n            <p class=\"ngg-album-gallery-image-counter\">\n                                    <strong>21<\/strong>&nbsp;Fotky                            <\/p>\n        <\/div>\n        <br class=\"ngg-clear\"\/>\n    <div class='ngg-clear'><\/div><\/div>\n\n\n\n\n<p class=\"has-text-align-center\"><strong>Neza\u0159azen\u00e9 fotografie<\/strong><\/p>\n\n\n\n<hr class=\"wp-block-separator has-text-color has-background is-style-wide\" style=\"background-color:#5f9e45;color:#5f9e45\"\/>\n\n\n\n<!-- default-view.php -->\n<div\n\tclass=\"ngg-galleryoverview default-view \"\n\tid=\"ngg-gallery-b266f8cee5415ca9dd2b630036f3e3d7-1\">\n\n\t\t<!-- Thumbnails -->\n\t\t\t\t<div id=\"ngg-image-0\" class=\"ngg-gallery-thumbnail-box \" >\n\t\t\t\t        <div class=\"ngg-gallery-thumbnail\">\n            <a href=\"http:\/\/covecer.cz\/subdom\/kozarov\/wp-content\/gallery\/fotbaliste-fotbalove-hriste\/314.jpg\"\n               title=\"\"\n               data-src=\"http:\/\/covecer.cz\/subdom\/kozarov\/wp-content\/gallery\/fotbaliste-fotbalove-hriste\/314.jpg\"\n               data-thumbnail=\"http:\/\/covecer.cz\/subdom\/kozarov\/wp-content\/gallery\/fotbaliste-fotbalove-hriste\/thumbs\/thumbs_314.jpg\"\n               data-image-id=\"432\"\n               data-title=\"Fotbalist\u00e9 \/ Fotbalov\u00e9 h\u0159i\u0161t\u011b\"\n               data-description=\"\"\n               data-image-slug=\"314\"\n               class=\"ngg-simplelightbox\" rel=\"b266f8cee5415ca9dd2b630036f3e3d7\">\n                <img\n                    title=\"Fotbalist\u00e9 \/ Fotbalov\u00e9 h\u0159i\u0161t\u011b\"\n                    alt=\"Fotbalist\u00e9 \/ Fotbalov\u00e9 h\u0159i\u0161t\u011b\"\n                    src=\"http:\/\/covecer.cz\/subdom\/kozarov\/wp-content\/gallery\/fotbaliste-fotbalove-hriste\/thumbs\/thumbs_314.jpg\"\n                    width=\"240\"\n                    height=\"160\"\n                    style=\"max-width:100%;\"\n                \/>\n            <\/a>\n        <\/div>\n\t\t\t\t\t\t\t<\/div> \n\t\t\t\n\t\t\t\t<div id=\"ngg-image-1\" class=\"ngg-gallery-thumbnail-box \" >\n\t\t\t\t        <div class=\"ngg-gallery-thumbnail\">\n            <a href=\"http:\/\/covecer.cz\/subdom\/kozarov\/wp-content\/gallery\/fotbaliste-fotbalove-hriste\/419.jpg\"\n               title=\"\"\n               data-src=\"http:\/\/covecer.cz\/subdom\/kozarov\/wp-content\/gallery\/fotbaliste-fotbalove-hriste\/419.jpg\"\n               data-thumbnail=\"http:\/\/covecer.cz\/subdom\/kozarov\/wp-content\/gallery\/fotbaliste-fotbalove-hriste\/thumbs\/thumbs_419.jpg\"\n               data-image-id=\"433\"\n               data-title=\"Fotbalist\u00e9 \/ Fotbalov\u00e9 h\u0159i\u0161t\u011b\"\n               data-description=\"\"\n               data-image-slug=\"419\"\n               class=\"ngg-simplelightbox\" rel=\"b266f8cee5415ca9dd2b630036f3e3d7\">\n                <img\n                    title=\"Fotbalist\u00e9 \/ Fotbalov\u00e9 h\u0159i\u0161t\u011b\"\n                    alt=\"Fotbalist\u00e9 \/ Fotbalov\u00e9 h\u0159i\u0161t\u011b\"\n                    src=\"http:\/\/covecer.cz\/subdom\/kozarov\/wp-content\/gallery\/fotbaliste-fotbalove-hriste\/thumbs\/thumbs_419.jpg\"\n                    width=\"240\"\n                    height=\"160\"\n                    style=\"max-width:100%;\"\n                \/>\n            <\/a>\n        <\/div>\n\t\t\t\t\t\t\t<\/div> \n\t\t\t\n\t\t\t\t<div id=\"ngg-image-2\" class=\"ngg-gallery-thumbnail-box \" >\n\t\t\t\t        <div class=\"ngg-gallery-thumbnail\">\n            <a href=\"http:\/\/covecer.cz\/subdom\/kozarov\/wp-content\/gallery\/fotbaliste-fotbalove-hriste\/328.jpg\"\n               title=\"\"\n               data-src=\"http:\/\/covecer.cz\/subdom\/kozarov\/wp-content\/gallery\/fotbaliste-fotbalove-hriste\/328.jpg\"\n               data-thumbnail=\"http:\/\/covecer.cz\/subdom\/kozarov\/wp-content\/gallery\/fotbaliste-fotbalove-hriste\/thumbs\/thumbs_328.jpg\"\n               data-image-id=\"434\"\n               data-title=\"Fotbalist\u00e9 \/ Fotbalov\u00e9 h\u0159i\u0161t\u011b\"\n               data-description=\"\"\n               data-image-slug=\"328\"\n               class=\"ngg-simplelightbox\" rel=\"b266f8cee5415ca9dd2b630036f3e3d7\">\n                <img\n                    title=\"Fotbalist\u00e9 \/ Fotbalov\u00e9 h\u0159i\u0161t\u011b\"\n                    alt=\"Fotbalist\u00e9 \/ Fotbalov\u00e9 h\u0159i\u0161t\u011b\"\n                    src=\"http:\/\/covecer.cz\/subdom\/kozarov\/wp-content\/gallery\/fotbaliste-fotbalove-hriste\/thumbs\/thumbs_328.jpg\"\n                    width=\"240\"\n                    height=\"160\"\n                    style=\"max-width:100%;\"\n                \/>\n            <\/a>\n        <\/div>\n\t\t\t\t\t\t\t<\/div> \n\t\t\t\n\t\t\t\t<div id=\"ngg-image-3\" class=\"ngg-gallery-thumbnail-box \" >\n\t\t\t\t        <div class=\"ngg-gallery-thumbnail\">\n            <a href=\"http:\/\/covecer.cz\/subdom\/kozarov\/wp-content\/gallery\/fotbaliste-fotbalove-hriste\/425.jpg\"\n               title=\"\"\n               data-src=\"http:\/\/covecer.cz\/subdom\/kozarov\/wp-content\/gallery\/fotbaliste-fotbalove-hriste\/425.jpg\"\n               data-thumbnail=\"http:\/\/covecer.cz\/subdom\/kozarov\/wp-content\/gallery\/fotbaliste-fotbalove-hriste\/thumbs\/thumbs_425.jpg\"\n               data-image-id=\"435\"\n               data-title=\"Fotbalist\u00e9 \/ Fotbalov\u00e9 h\u0159i\u0161t\u011b\"\n               data-description=\"\"\n               data-image-slug=\"425\"\n               class=\"ngg-simplelightbox\" rel=\"b266f8cee5415ca9dd2b630036f3e3d7\">\n                <img\n                    title=\"Fotbalist\u00e9 \/ Fotbalov\u00e9 h\u0159i\u0161t\u011b\"\n                    alt=\"Fotbalist\u00e9 \/ Fotbalov\u00e9 h\u0159i\u0161t\u011b\"\n                    src=\"http:\/\/covecer.cz\/subdom\/kozarov\/wp-content\/gallery\/fotbaliste-fotbalove-hriste\/thumbs\/thumbs_425.jpg\"\n                    width=\"240\"\n                    height=\"160\"\n                    style=\"max-width:100%;\"\n                \/>\n            <\/a>\n        <\/div>\n\t\t\t\t\t\t\t<\/div> \n\t\t\t\n\t\t\t\t<div id=\"ngg-image-4\" class=\"ngg-gallery-thumbnail-box \" >\n\t\t\t\t        <div class=\"ngg-gallery-thumbnail\">\n            <a href=\"http:\/\/covecer.cz\/subdom\/kozarov\/wp-content\/gallery\/fotbaliste-fotbalove-hriste\/325.jpg\"\n               title=\"\"\n               data-src=\"http:\/\/covecer.cz\/subdom\/kozarov\/wp-content\/gallery\/fotbaliste-fotbalove-hriste\/325.jpg\"\n               data-thumbnail=\"http:\/\/covecer.cz\/subdom\/kozarov\/wp-content\/gallery\/fotbaliste-fotbalove-hriste\/thumbs\/thumbs_325.jpg\"\n               data-image-id=\"436\"\n               data-title=\"Fotbalist\u00e9 \/ Fotbalov\u00e9 h\u0159i\u0161t\u011b\"\n               data-description=\"\"\n               data-image-slug=\"325\"\n               class=\"ngg-simplelightbox\" rel=\"b266f8cee5415ca9dd2b630036f3e3d7\">\n                <img\n                    title=\"Fotbalist\u00e9 \/ Fotbalov\u00e9 h\u0159i\u0161t\u011b\"\n                    alt=\"Fotbalist\u00e9 \/ Fotbalov\u00e9 h\u0159i\u0161t\u011b\"\n                    src=\"http:\/\/covecer.cz\/subdom\/kozarov\/wp-content\/gallery\/fotbaliste-fotbalove-hriste\/thumbs\/thumbs_325.jpg\"\n                    width=\"240\"\n                    height=\"160\"\n                    style=\"max-width:100%;\"\n                \/>\n            <\/a>\n        <\/div>\n\t\t\t\t\t\t\t<\/div> \n\t\t\t\n\t\t\t\t<div id=\"ngg-image-5\" class=\"ngg-gallery-thumbnail-box \" >\n\t\t\t\t        <div class=\"ngg-gallery-thumbnail\">\n            <a href=\"http:\/\/covecer.cz\/subdom\/kozarov\/wp-content\/gallery\/fotbaliste-fotbalove-hriste\/429.jpg\"\n               title=\"\"\n               data-src=\"http:\/\/covecer.cz\/subdom\/kozarov\/wp-content\/gallery\/fotbaliste-fotbalove-hriste\/429.jpg\"\n               data-thumbnail=\"http:\/\/covecer.cz\/subdom\/kozarov\/wp-content\/gallery\/fotbaliste-fotbalove-hriste\/thumbs\/thumbs_429.jpg\"\n               data-image-id=\"437\"\n               data-title=\"Fotbalist\u00e9 \/ Fotbalov\u00e9 h\u0159i\u0161t\u011b\"\n               data-description=\"\"\n               data-image-slug=\"429\"\n               class=\"ngg-simplelightbox\" rel=\"b266f8cee5415ca9dd2b630036f3e3d7\">\n                <img\n                    title=\"Fotbalist\u00e9 \/ Fotbalov\u00e9 h\u0159i\u0161t\u011b\"\n                    alt=\"Fotbalist\u00e9 \/ Fotbalov\u00e9 h\u0159i\u0161t\u011b\"\n                    src=\"http:\/\/covecer.cz\/subdom\/kozarov\/wp-content\/gallery\/fotbaliste-fotbalove-hriste\/thumbs\/thumbs_429.jpg\"\n                    width=\"240\"\n                    height=\"160\"\n                    style=\"max-width:100%;\"\n                \/>\n            <\/a>\n        <\/div>\n\t\t\t\t\t\t\t<\/div> \n\t\t\t\n\t\t\t\t<div id=\"ngg-image-6\" class=\"ngg-gallery-thumbnail-box \" >\n\t\t\t\t        <div class=\"ngg-gallery-thumbnail\">\n            <a href=\"http:\/\/covecer.cz\/subdom\/kozarov\/wp-content\/gallery\/fotbaliste-fotbalove-hriste\/AC-Kozarov.jpg\"\n               title=\"\"\n               data-src=\"http:\/\/covecer.cz\/subdom\/kozarov\/wp-content\/gallery\/fotbaliste-fotbalove-hriste\/AC-Kozarov.jpg\"\n               data-thumbnail=\"http:\/\/covecer.cz\/subdom\/kozarov\/wp-content\/gallery\/fotbaliste-fotbalove-hriste\/thumbs\/thumbs_AC-Kozarov.jpg\"\n               data-image-id=\"438\"\n               data-title=\"Fotbalist\u00e9 \/ Fotbalov\u00e9 h\u0159i\u0161t\u011b\"\n               data-description=\"\"\n               data-image-slug=\"ac-kozarov\"\n               class=\"ngg-simplelightbox\" rel=\"b266f8cee5415ca9dd2b630036f3e3d7\">\n                <img\n                    title=\"Fotbalist\u00e9 \/ Fotbalov\u00e9 h\u0159i\u0161t\u011b\"\n                    alt=\"Fotbalist\u00e9 \/ Fotbalov\u00e9 h\u0159i\u0161t\u011b\"\n                    src=\"http:\/\/covecer.cz\/subdom\/kozarov\/wp-content\/gallery\/fotbaliste-fotbalove-hriste\/thumbs\/thumbs_AC-Kozarov.jpg\"\n                    width=\"240\"\n                    height=\"160\"\n                    style=\"max-width:100%;\"\n                \/>\n            <\/a>\n        <\/div>\n\t\t\t\t\t\t\t<\/div> \n\t\t\t\n\t\t\t\t<div id=\"ngg-image-7\" class=\"ngg-gallery-thumbnail-box \" >\n\t\t\t\t        <div class=\"ngg-gallery-thumbnail\">\n            <a href=\"http:\/\/covecer.cz\/subdom\/kozarov\/wp-content\/gallery\/fotbaliste-fotbalove-hriste\/P1010030.JPG\"\n               title=\"\"\n               data-src=\"http:\/\/covecer.cz\/subdom\/kozarov\/wp-content\/gallery\/fotbaliste-fotbalove-hriste\/P1010030.JPG\"\n               data-thumbnail=\"http:\/\/covecer.cz\/subdom\/kozarov\/wp-content\/gallery\/fotbaliste-fotbalove-hriste\/thumbs\/thumbs_P1010030.JPG\"\n               data-image-id=\"439\"\n               data-title=\"Fotbalist\u00e9 \/ Fotbalov\u00e9 h\u0159i\u0161t\u011b\"\n               data-description=\"\"\n               data-image-slug=\"p1010030\"\n               class=\"ngg-simplelightbox\" rel=\"b266f8cee5415ca9dd2b630036f3e3d7\">\n                <img\n                    title=\"Fotbalist\u00e9 \/ Fotbalov\u00e9 h\u0159i\u0161t\u011b\"\n                    alt=\"Fotbalist\u00e9 \/ Fotbalov\u00e9 h\u0159i\u0161t\u011b\"\n                    src=\"http:\/\/covecer.cz\/subdom\/kozarov\/wp-content\/gallery\/fotbaliste-fotbalove-hriste\/thumbs\/thumbs_P1010030.JPG\"\n                    width=\"240\"\n                    height=\"160\"\n                    style=\"max-width:100%;\"\n                \/>\n            <\/a>\n        <\/div>\n\t\t\t\t\t\t\t<\/div> \n\t\t\t\n\t\t\t\t<div id=\"ngg-image-8\" class=\"ngg-gallery-thumbnail-box \" >\n\t\t\t\t        <div class=\"ngg-gallery-thumbnail\">\n            <a href=\"http:\/\/covecer.cz\/subdom\/kozarov\/wp-content\/gallery\/fotbaliste-fotbalove-hriste\/DSC_7437.jpg\"\n               title=\"\"\n               data-src=\"http:\/\/covecer.cz\/subdom\/kozarov\/wp-content\/gallery\/fotbaliste-fotbalove-hriste\/DSC_7437.jpg\"\n               data-thumbnail=\"http:\/\/covecer.cz\/subdom\/kozarov\/wp-content\/gallery\/fotbaliste-fotbalove-hriste\/thumbs\/thumbs_DSC_7437.jpg\"\n               data-image-id=\"440\"\n               data-title=\"Fotbalist\u00e9 \/ Fotbalov\u00e9 h\u0159i\u0161t\u011b\"\n               data-description=\"\"\n               data-image-slug=\"dsc_7437\"\n               class=\"ngg-simplelightbox\" rel=\"b266f8cee5415ca9dd2b630036f3e3d7\">\n                <img\n                    title=\"Fotbalist\u00e9 \/ Fotbalov\u00e9 h\u0159i\u0161t\u011b\"\n                    alt=\"Fotbalist\u00e9 \/ Fotbalov\u00e9 h\u0159i\u0161t\u011b\"\n                    src=\"http:\/\/covecer.cz\/subdom\/kozarov\/wp-content\/gallery\/fotbaliste-fotbalove-hriste\/thumbs\/thumbs_DSC_7437.jpg\"\n                    width=\"240\"\n                    height=\"160\"\n                    style=\"max-width:100%;\"\n                \/>\n            <\/a>\n        <\/div>\n\t\t\t\t\t\t\t<\/div> \n\t\t\t\n\t\t\t\t<div id=\"ngg-image-9\" class=\"ngg-gallery-thumbnail-box \" >\n\t\t\t\t        <div class=\"ngg-gallery-thumbnail\">\n            <a href=\"http:\/\/covecer.cz\/subdom\/kozarov\/wp-content\/gallery\/fotbaliste-fotbalove-hriste\/DSC_7438.jpg\"\n               title=\"\"\n               data-src=\"http:\/\/covecer.cz\/subdom\/kozarov\/wp-content\/gallery\/fotbaliste-fotbalove-hriste\/DSC_7438.jpg\"\n               data-thumbnail=\"http:\/\/covecer.cz\/subdom\/kozarov\/wp-content\/gallery\/fotbaliste-fotbalove-hriste\/thumbs\/thumbs_DSC_7438.jpg\"\n               data-image-id=\"441\"\n               data-title=\"Fotbalist\u00e9 \/ Fotbalov\u00e9 h\u0159i\u0161t\u011b\"\n               data-description=\"\"\n               data-image-slug=\"dsc_7438\"\n               class=\"ngg-simplelightbox\" rel=\"b266f8cee5415ca9dd2b630036f3e3d7\">\n                <img\n                    title=\"Fotbalist\u00e9 \/ Fotbalov\u00e9 h\u0159i\u0161t\u011b\"\n                    alt=\"Fotbalist\u00e9 \/ Fotbalov\u00e9 h\u0159i\u0161t\u011b\"\n                    src=\"http:\/\/covecer.cz\/subdom\/kozarov\/wp-content\/gallery\/fotbaliste-fotbalove-hriste\/thumbs\/thumbs_DSC_7438.jpg\"\n                    width=\"240\"\n                    height=\"160\"\n                    style=\"max-width:100%;\"\n                \/>\n            <\/a>\n        <\/div>\n\t\t\t\t\t\t\t<\/div> \n\t\t\t\n\t\t\t\t<div id=\"ngg-image-10\" class=\"ngg-gallery-thumbnail-box \" >\n\t\t\t\t        <div class=\"ngg-gallery-thumbnail\">\n            <a href=\"http:\/\/covecer.cz\/subdom\/kozarov\/wp-content\/gallery\/fotbaliste-fotbalove-hriste\/P1010031.JPG\"\n               title=\"\"\n               data-src=\"http:\/\/covecer.cz\/subdom\/kozarov\/wp-content\/gallery\/fotbaliste-fotbalove-hriste\/P1010031.JPG\"\n               data-thumbnail=\"http:\/\/covecer.cz\/subdom\/kozarov\/wp-content\/gallery\/fotbaliste-fotbalove-hriste\/thumbs\/thumbs_P1010031.JPG\"\n               data-image-id=\"442\"\n               data-title=\"Fotbalist\u00e9 \/ Fotbalov\u00e9 h\u0159i\u0161t\u011b\"\n               data-description=\"\"\n               data-image-slug=\"p1010031\"\n               class=\"ngg-simplelightbox\" rel=\"b266f8cee5415ca9dd2b630036f3e3d7\">\n                <img\n                    title=\"Fotbalist\u00e9 \/ Fotbalov\u00e9 h\u0159i\u0161t\u011b\"\n                    alt=\"Fotbalist\u00e9 \/ Fotbalov\u00e9 h\u0159i\u0161t\u011b\"\n                    src=\"http:\/\/covecer.cz\/subdom\/kozarov\/wp-content\/gallery\/fotbaliste-fotbalove-hriste\/thumbs\/thumbs_P1010031.JPG\"\n                    width=\"240\"\n                    height=\"160\"\n                    style=\"max-width:100%;\"\n                \/>\n            <\/a>\n        <\/div>\n\t\t\t\t\t\t\t<\/div> \n\t\t\t\n\t\t\t\t<div id=\"ngg-image-11\" class=\"ngg-gallery-thumbnail-box \" >\n\t\t\t\t        <div class=\"ngg-gallery-thumbnail\">\n            <a href=\"http:\/\/covecer.cz\/subdom\/kozarov\/wp-content\/gallery\/fotbaliste-fotbalove-hriste\/P1010032.JPG\"\n               title=\"\"\n               data-src=\"http:\/\/covecer.cz\/subdom\/kozarov\/wp-content\/gallery\/fotbaliste-fotbalove-hriste\/P1010032.JPG\"\n               data-thumbnail=\"http:\/\/covecer.cz\/subdom\/kozarov\/wp-content\/gallery\/fotbaliste-fotbalove-hriste\/thumbs\/thumbs_P1010032.JPG\"\n               data-image-id=\"443\"\n               data-title=\"Fotbalist\u00e9 \/ Fotbalov\u00e9 h\u0159i\u0161t\u011b\"\n               data-description=\"\"\n               data-image-slug=\"p1010032\"\n               class=\"ngg-simplelightbox\" rel=\"b266f8cee5415ca9dd2b630036f3e3d7\">\n                <img\n                    title=\"Fotbalist\u00e9 \/ Fotbalov\u00e9 h\u0159i\u0161t\u011b\"\n                    alt=\"Fotbalist\u00e9 \/ Fotbalov\u00e9 h\u0159i\u0161t\u011b\"\n                    src=\"http:\/\/covecer.cz\/subdom\/kozarov\/wp-content\/gallery\/fotbaliste-fotbalove-hriste\/thumbs\/thumbs_P1010032.JPG\"\n                    width=\"240\"\n                    height=\"160\"\n                    style=\"max-width:100%;\"\n                \/>\n            <\/a>\n        <\/div>\n\t\t\t\t\t\t\t<\/div> \n\t\t\t\n\t\n\t<br style=\"clear: both\" \/>\n\n\t\n\t\t<!-- Pagination -->\n\t<div class='ngg-clear'><\/div>\t<\/div>\n\n","protected":false},"excerpt":{"rendered":"<p>Fotogalerie \u00bb Fotbalist\u00e9 \/ Fotbalov\u00e9 h\u0159i\u0161t\u011b \u00bb Neza\u0159azen\u00e9 fotografie<\/p>\n","protected":false},"author":1,"featured_media":0,"parent":0,"menu_order":0,"comment_status":"closed","ping_status":"closed","template":"","meta":{"ngg_post_thumbnail":0},"_links":{"self":[{"href":"http:\/\/covecer.cz\/subdom\/kozarov\/wp-json\/wp\/v2\/pages\/1780"}],"collection":[{"href":"http:\/\/covecer.cz\/subdom\/kozarov\/wp-json\/wp\/v2\/pages"}],"about":[{"href":"http:\/\/covecer.cz\/subdom\/kozarov\/wp-json\/wp\/v2\/types\/page"}],"author":[{"embeddable":true,"href":"http:\/\/covecer.cz\/subdom\/kozarov\/wp-json\/wp\/v2\/users\/1"}],"replies":[{"embeddable":true,"href":"http:\/\/covecer.cz\/subdom\/kozarov\/wp-json\/wp\/v2\/comments?post=1780"}],"version-history":[{"count":6,"href":"http:\/\/covecer.cz\/subdom\/kozarov\/wp-json\/wp\/v2\/pages\/1780\/revisions"}],"predecessor-version":[{"id":1790,"href":"http:\/\/covecer.cz\/subdom\/kozarov\/wp-json\/wp\/v2\/pages\/1780\/revisions\/1790"}],"wp:attachment":[{"href":"http:\/\/covecer.cz\/subdom\/kozarov\/wp-json\/wp\/v2\/media?parent=1780"}],"curies":[{"name":"wp","href":"https:\/\/api.w.org\/{rel}","templated":true}]}}