{"id":2,"date":"2020-12-08T19:50:54","date_gmt":"2020-12-08T18:50:54","guid":{"rendered":"http:\/\/covecer.cz\/subdom\/kozarov\/?page_id=2"},"modified":"2020-12-10T21:39:42","modified_gmt":"2020-12-10T20:39:42","slug":"zkusebni-stranka","status":"publish","type":"page","link":"http:\/\/covecer.cz\/subdom\/kozarov\/","title":{"rendered":"\u00davod"},"content":{"rendered":"\n<div class=\"wp-block-image is-style-default\"><figure class=\"alignright size-large is-resized\"><img loading=\"lazy\" src=\"http:\/\/covecer.cz\/subdom\/kozarov\/wp-content\/uploads\/2020\/12\/2011-029-315-050-02-Kozarov-1024x732.jpg\" alt=\"\" class=\"wp-image-403\" width=\"512\" height=\"366\" title=\"Obec Koz\u00e1rov\" srcset=\"http:\/\/covecer.cz\/subdom\/kozarov\/wp-content\/uploads\/2020\/12\/2011-029-315-050-02-Kozarov-1024x732.jpg 1024w, http:\/\/covecer.cz\/subdom\/kozarov\/wp-content\/uploads\/2020\/12\/2011-029-315-050-02-Kozarov-300x214.jpg 300w, http:\/\/covecer.cz\/subdom\/kozarov\/wp-content\/uploads\/2020\/12\/2011-029-315-050-02-Kozarov-768x549.jpg 768w, http:\/\/covecer.cz\/subdom\/kozarov\/wp-content\/uploads\/2020\/12\/2011-029-315-050-02-Kozarov-1536x1097.jpg 1536w, http:\/\/covecer.cz\/subdom\/kozarov\/wp-content\/uploads\/2020\/12\/2011-029-315-050-02-Kozarov-2048x1463.jpg 2048w\" sizes=\"(max-width: 512px) 100vw, 512px\" \/><\/figure><\/div>\n\n\n\n<p>Obec Koz\u00e1rov se rozkl\u00e1d\u00e1 uprost\u0159ed troj\u00faheln\u00edku m\u011bst Ti\u0161nov, Boskovice a Byst\u0159ice nad Pern\u0161tejnem v okrese Blansko. P\u0159esn\u011bji na z\u00e1padn\u00edm \u00fabo\u010d\u00ed vrchu \u201c Babylonu\u201c na \u010ceskomoravsk\u00e9 vrchovin\u011b, v kr\u00e1sn\u00e9m kopcovit\u00e9m ter\u00e9nu s dalek\u00fdmi v\u00fdhledy a s nadmo\u0159skou v\u00fd\u0161kou 614 m.- sev. 15 km od Ti\u0161nova. Koz\u00e1rovsk\u00fdmi \u201esousedy\u201c jsou obce: Kun\u010dina Ves, Bed\u0159ichov, Strha\u0159e a Ra\u0161ov. Nejbli\u017e\u0161\u00ed v\u011bt\u0161\u00ed m\u011bsta jsou Blansko (22 km), Boskovice (19 km), Ti\u0161nov (15 km) a Kun\u0161t\u00e1t (15 km).<\/p>\n\n\n\n<p>Nem\u00e9n\u011b v\u00fdznamn\u00e1 je ov\u0161em i obec Lysice, kter\u00e1 Koz\u00e1rovu (spole\u010dn\u011b s dal\u0161\u00edmi obcemi) poskytuje \u0159adu slu\u017eeb, jako nap\u0159. mate\u0159skou \u0161kolu, z\u00e1kladn\u00ed \u0161kolu, zdravotnick\u00e9 za\u0159\u00edzen\u00ed, n\u011bkter\u00e9 obchody, po\u0161tu, pracovn\u00ed p\u0159\u00edle\u017eitosti\u2026\u2026<br>Obec Koz\u00e1rov m\u00e1 pravidelnou autobusovou dopravu a po cel\u00fd rok je dob\u0159e dostupn\u00e1 automobilem.<\/p>\n\n\n\n\n\n<div class=\"ngg-galleryoverview ngg-slideshow\"\n\t id=\"ngg-slideshow-6c6761c4f54a8321842cd2086efd6bce-16002546840\"\n     data-gallery-id=\"6c6761c4f54a8321842cd2086efd6bce\"\n     style=\"max-width: 1200px; max-height: 250px;\">\n\n \t<div id=\"ngg-image-0\" class=\"ngg-gallery-slideshow-image\" style=\"height:250px\">\n\n        <a href=\"http:\/\/covecer.cz\/subdom\/kozarov\/wp-content\/gallery\/uvodni_galerie\/1.png\"\n           title=\"\"\n           data-src=\"http:\/\/covecer.cz\/subdom\/kozarov\/wp-content\/gallery\/uvodni_galerie\/1.png\"\n           data-thumbnail=\"http:\/\/covecer.cz\/subdom\/kozarov\/wp-content\/gallery\/uvodni_galerie\/thumbs\/thumbs_1.png\"\n           data-image-id=\"4\"\n           data-title=\"1\"\n           data-description=\"\"\n           class=\"ngg-simplelightbox\" rel=\"6c6761c4f54a8321842cd2086efd6bce\">\n\n            <img data-image-id='4'\n                 title=\"\"\n                 alt=\"1\"\n                 src=\"http:\/\/covecer.cz\/subdom\/kozarov\/wp-content\/gallery\/uvodni_galerie\/1.png\"\n                 style=\"max-height: 230px;\"\/>\n        <\/a>\n\n        <\/div> \n<div id=\"ngg-image-1\" class=\"ngg-gallery-slideshow-image\" style=\"height:250px\">\n\n        <a href=\"http:\/\/covecer.cz\/subdom\/kozarov\/wp-content\/gallery\/uvodni_galerie\/2.png\"\n           title=\"\"\n           data-src=\"http:\/\/covecer.cz\/subdom\/kozarov\/wp-content\/gallery\/uvodni_galerie\/2.png\"\n           data-thumbnail=\"http:\/\/covecer.cz\/subdom\/kozarov\/wp-content\/gallery\/uvodni_galerie\/thumbs\/thumbs_2.png\"\n           data-image-id=\"1\"\n           data-title=\"2\"\n           data-description=\"\"\n           class=\"ngg-simplelightbox\" rel=\"6c6761c4f54a8321842cd2086efd6bce\">\n\n            <img data-image-id='1'\n                 title=\"\"\n                 alt=\"2\"\n                 src=\"http:\/\/covecer.cz\/subdom\/kozarov\/wp-content\/gallery\/uvodni_galerie\/2.png\"\n                 style=\"max-height: 230px;\"\/>\n        <\/a>\n\n        <\/div> \n<div id=\"ngg-image-2\" class=\"ngg-gallery-slideshow-image\" style=\"height:250px\">\n\n        <a href=\"http:\/\/covecer.cz\/subdom\/kozarov\/wp-content\/gallery\/uvodni_galerie\/5.png\"\n           title=\"\"\n           data-src=\"http:\/\/covecer.cz\/subdom\/kozarov\/wp-content\/gallery\/uvodni_galerie\/5.png\"\n           data-thumbnail=\"http:\/\/covecer.cz\/subdom\/kozarov\/wp-content\/gallery\/uvodni_galerie\/thumbs\/thumbs_5.png\"\n           data-image-id=\"2\"\n           data-title=\"5\"\n           data-description=\"\"\n           class=\"ngg-simplelightbox\" rel=\"6c6761c4f54a8321842cd2086efd6bce\">\n\n            <img data-image-id='2'\n                 title=\"\"\n                 alt=\"5\"\n                 src=\"http:\/\/covecer.cz\/subdom\/kozarov\/wp-content\/gallery\/uvodni_galerie\/5.png\"\n                 style=\"max-height: 230px;\"\/>\n        <\/a>\n\n        <\/div> \n<div id=\"ngg-image-3\" class=\"ngg-gallery-slideshow-image\" style=\"height:250px\">\n\n        <a href=\"http:\/\/covecer.cz\/subdom\/kozarov\/wp-content\/gallery\/uvodni_galerie\/3.png\"\n           title=\"\"\n           data-src=\"http:\/\/covecer.cz\/subdom\/kozarov\/wp-content\/gallery\/uvodni_galerie\/3.png\"\n           data-thumbnail=\"http:\/\/covecer.cz\/subdom\/kozarov\/wp-content\/gallery\/uvodni_galerie\/thumbs\/thumbs_3.png\"\n           data-image-id=\"3\"\n           data-title=\"3\"\n           data-description=\"\"\n           class=\"ngg-simplelightbox\" rel=\"6c6761c4f54a8321842cd2086efd6bce\">\n\n            <img data-image-id='3'\n                 title=\"\"\n                 alt=\"3\"\n                 src=\"http:\/\/covecer.cz\/subdom\/kozarov\/wp-content\/gallery\/uvodni_galerie\/3.png\"\n                 style=\"max-height: 230px;\"\/>\n        <\/a>\n\n        <\/div> \n<div id=\"ngg-image-4\" class=\"ngg-gallery-slideshow-image\" style=\"height:250px\">\n\n        <a href=\"http:\/\/covecer.cz\/subdom\/kozarov\/wp-content\/gallery\/uvodni_galerie\/4.png\"\n           title=\"\"\n           data-src=\"http:\/\/covecer.cz\/subdom\/kozarov\/wp-content\/gallery\/uvodni_galerie\/4.png\"\n           data-thumbnail=\"http:\/\/covecer.cz\/subdom\/kozarov\/wp-content\/gallery\/uvodni_galerie\/thumbs\/thumbs_4.png\"\n           data-image-id=\"5\"\n           data-title=\"4\"\n           data-description=\"\"\n           class=\"ngg-simplelightbox\" rel=\"6c6761c4f54a8321842cd2086efd6bce\">\n\n            <img data-image-id='5'\n                 title=\"\"\n                 alt=\"4\"\n                 src=\"http:\/\/covecer.cz\/subdom\/kozarov\/wp-content\/gallery\/uvodni_galerie\/4.png\"\n                 style=\"max-height: 230px;\"\/>\n        <\/a>\n\n        <\/div> \n<div id=\"ngg-image-5\" class=\"ngg-gallery-slideshow-image\" style=\"height:250px\">\n\n        <a href=\"http:\/\/covecer.cz\/subdom\/kozarov\/wp-content\/gallery\/uvodni_galerie\/6.png\"\n           title=\"\"\n           data-src=\"http:\/\/covecer.cz\/subdom\/kozarov\/wp-content\/gallery\/uvodni_galerie\/6.png\"\n           data-thumbnail=\"http:\/\/covecer.cz\/subdom\/kozarov\/wp-content\/gallery\/uvodni_galerie\/thumbs\/thumbs_6.png\"\n           data-image-id=\"6\"\n           data-title=\"6\"\n           data-description=\"\"\n           class=\"ngg-simplelightbox\" rel=\"6c6761c4f54a8321842cd2086efd6bce\">\n\n            <img data-image-id='6'\n                 title=\"\"\n                 alt=\"6\"\n                 src=\"http:\/\/covecer.cz\/subdom\/kozarov\/wp-content\/gallery\/uvodni_galerie\/6.png\"\n                 style=\"max-height: 230px;\"\/>\n        <\/a>\n\n        <\/div> \n<div id=\"ngg-image-6\" class=\"ngg-gallery-slideshow-image\" style=\"height:250px\">\n\n        <a href=\"http:\/\/covecer.cz\/subdom\/kozarov\/wp-content\/gallery\/uvodni_galerie\/7.png\"\n           title=\"\"\n           data-src=\"http:\/\/covecer.cz\/subdom\/kozarov\/wp-content\/gallery\/uvodni_galerie\/7.png\"\n           data-thumbnail=\"http:\/\/covecer.cz\/subdom\/kozarov\/wp-content\/gallery\/uvodni_galerie\/thumbs\/thumbs_7.png\"\n           data-image-id=\"7\"\n           data-title=\"7\"\n           data-description=\"\"\n           class=\"ngg-simplelightbox\" rel=\"6c6761c4f54a8321842cd2086efd6bce\">\n\n            <img data-image-id='7'\n                 title=\"\"\n                 alt=\"7\"\n                 src=\"http:\/\/covecer.cz\/subdom\/kozarov\/wp-content\/gallery\/uvodni_galerie\/7.png\"\n                 style=\"max-height: 230px;\"\/>\n        <\/a>\n\n        <\/div> \n<div id=\"ngg-image-7\" class=\"ngg-gallery-slideshow-image\" style=\"height:250px\">\n\n        <a href=\"http:\/\/covecer.cz\/subdom\/kozarov\/wp-content\/gallery\/uvodni_galerie\/8.png\"\n           title=\"\"\n           data-src=\"http:\/\/covecer.cz\/subdom\/kozarov\/wp-content\/gallery\/uvodni_galerie\/8.png\"\n           data-thumbnail=\"http:\/\/covecer.cz\/subdom\/kozarov\/wp-content\/gallery\/uvodni_galerie\/thumbs\/thumbs_8.png\"\n           data-image-id=\"8\"\n           data-title=\"8\"\n           data-description=\"\"\n           class=\"ngg-simplelightbox\" rel=\"6c6761c4f54a8321842cd2086efd6bce\">\n\n            <img data-image-id='8'\n                 title=\"\"\n                 alt=\"8\"\n                 src=\"http:\/\/covecer.cz\/subdom\/kozarov\/wp-content\/gallery\/uvodni_galerie\/8.png\"\n                 style=\"max-height: 230px;\"\/>\n        <\/a>\n\n        <\/div> \n<\/div>\n\n\n\n\n","protected":false},"excerpt":{"rendered":"<p>Obec Koz\u00e1rov se rozkl\u00e1d\u00e1 uprost\u0159ed troj\u00faheln\u00edku m\u011bst Ti\u0161nov, Boskovice a Byst\u0159ice nad Pern\u0161tejnem v okrese Blansko. P\u0159esn\u011bji na z\u00e1padn\u00edm \u00fabo\u010d\u00ed vrchu \u201c Babylonu\u201c na \u010ceskomoravsk\u00e9&hellip;<\/p>\n","protected":false},"author":1,"featured_media":0,"parent":0,"menu_order":0,"comment_status":"closed","ping_status":"open","template":"","meta":{"ngg_post_thumbnail":0},"_links":{"self":[{"href":"http:\/\/covecer.cz\/subdom\/kozarov\/wp-json\/wp\/v2\/pages\/2"}],"collection":[{"href":"http:\/\/covecer.cz\/subdom\/kozarov\/wp-json\/wp\/v2\/pages"}],"about":[{"href":"http:\/\/covecer.cz\/subdom\/kozarov\/wp-json\/wp\/v2\/types\/page"}],"author":[{"embeddable":true,"href":"http:\/\/covecer.cz\/subdom\/kozarov\/wp-json\/wp\/v2\/users\/1"}],"replies":[{"embeddable":true,"href":"http:\/\/covecer.cz\/subdom\/kozarov\/wp-json\/wp\/v2\/comments?post=2"}],"version-history":[{"count":33,"href":"http:\/\/covecer.cz\/subdom\/kozarov\/wp-json\/wp\/v2\/pages\/2\/revisions"}],"predecessor-version":[{"id":535,"href":"http:\/\/covecer.cz\/subdom\/kozarov\/wp-json\/wp\/v2\/pages\/2\/revisions\/535"}],"wp:attachment":[{"href":"http:\/\/covecer.cz\/subdom\/kozarov\/wp-json\/wp\/v2\/media?parent=2"}],"curies":[{"name":"wp","href":"https:\/\/api.w.org\/{rel}","templated":true}]}}