{"id":537,"date":"2020-12-10T22:06:55","date_gmt":"2020-12-10T21:06:55","guid":{"rendered":"http:\/\/covecer.cz\/subdom\/kozarov\/?page_id=537"},"modified":"2020-12-14T15:37:38","modified_gmt":"2020-12-14T14:37:38","slug":"mapa-stranek","status":"publish","type":"page","link":"http:\/\/covecer.cz\/subdom\/kozarov\/mapa-stranek\/","title":{"rendered":"Mapa str\u00e1nek"},"content":{"rendered":"\n<figure class=\"wp-block-table aligncenter\"><table><tbody><tr><td><a rel=\"noreferrer noopener\" href=\"http:\/\/covecer.cz\/subdom\/kozarov\" data-type=\"URL\" data-id=\"http:\/\/covecer.cz\/subdom\/kozarov\" target=\"_blank\">\u00davod<\/a><\/td><td><\/td><\/tr><tr><td>Obecn\u00ed \u00fa\u0159ad<\/td><td><a rel=\"noreferrer noopener\" href=\"http:\/\/covecer.cz\/subdom\/kozarov\/zakladni-informace\" data-type=\"URL\" data-id=\"http:\/\/covecer.cz\/subdom\/kozarov\/zakladni-informace\" target=\"_blank\">Z\u00e1kladn\u00ed informace<\/a><\/td><\/tr><tr><td><\/td><td><a rel=\"noreferrer noopener\" href=\"http:\/\/covecer.cz\/subdom\/kozarov\/popis-uradu\" data-type=\"URL\" data-id=\"http:\/\/covecer.cz\/subdom\/kozarov\/popis-uradu\" target=\"_blank\">Popis \u00fa\u0159adu<\/a><\/td><\/tr><tr><td><\/td><td><a rel=\"noreferrer noopener\" href=\"http:\/\/covecer.cz\/subdom\/kozarov\/uredni-deska\" data-type=\"URL\" data-id=\"http:\/\/covecer.cz\/subdom\/kozarov\/uredni-deska\" target=\"_blank\">\u00da\u0159edn\u00ed deska<\/a><\/td><\/tr><tr><td><\/td><td><a rel=\"noreferrer noopener\" href=\"http:\/\/covecer.cz\/subdom\/kozarov\/vyhlasky-a-zakony\" data-type=\"URL\" data-id=\"http:\/\/covecer.cz\/subdom\/kozarov\/vyhlasky-a-zakony\" target=\"_blank\">Vyhl\u00e1\u0161ky a z\u00e1kony<\/a><\/td><\/tr><tr><td><\/td><td><a rel=\"noreferrer noopener\" href=\"http:\/\/covecer.cz\/subdom\/kozarov\/rozpocet\" data-type=\"URL\" data-id=\"http:\/\/covecer.cz\/subdom\/kozarov\/rozpocet\" target=\"_blank\">Rozpo\u010det<\/a><\/td><\/tr><tr><td><\/td><td><a rel=\"noreferrer noopener\" href=\"http:\/\/covecer.cz\/subdom\/kozarov\/dotace\" data-type=\"URL\" data-id=\"http:\/\/covecer.cz\/subdom\/kozarov\/dotace\" target=\"_blank\">Dotace<\/a><\/td><\/tr><tr><td><\/td><td><a rel=\"noreferrer noopener\" href=\"http:\/\/covecer.cz\/subdom\/kozarov\/poskytovani-informaci-prijem-podani\" data-type=\"URL\" data-id=\"http:\/\/covecer.cz\/subdom\/kozarov\/poskytovani-informaci-prijem-podani\" target=\"_blank\">Poskytov\u00e1n\u00ed informac\u00ed, p\u0159\u00edjem pod\u00e1n\u00ed<\/a><\/td><\/tr><tr><td><a rel=\"noreferrer noopener\" href=\"http:\/\/covecer.cz\/subdom\/kozarov\/sluzby-v-obci\" data-type=\"URL\" data-id=\"http:\/\/covecer.cz\/subdom\/kozarov\/sluzby-v-obci\" target=\"_blank\">Slu\u017eby v obci<\/a><\/td><td><\/td><\/tr><tr><td>Historie obce<\/td><td><a rel=\"noreferrer noopener\" href=\"http:\/\/covecer.cz\/subdom\/kozarov\/publikace-k-400-let-obce\" data-type=\"URL\" data-id=\"http:\/\/covecer.cz\/subdom\/kozarov\/publikace-k-400-let-obce\" target=\"_blank\">Publikace k 400 let obce<\/a><\/td><\/tr><tr><td><\/td><td><a rel=\"noreferrer noopener\" href=\"http:\/\/covecer.cz\/subdom\/kozarov\/prapor-a-znak\" data-type=\"URL\" data-id=\"http:\/\/covecer.cz\/subdom\/kozarov\/prapor-a-znak\" target=\"_blank\">Prapor a znak<\/a><\/td><\/tr><tr><td><\/td><td><a rel=\"noreferrer noopener\" href=\"http:\/\/covecer.cz\/subdom\/kozarov\/kaple-sv-anny\" data-type=\"URL\" data-id=\"http:\/\/covecer.cz\/subdom\/kozarov\/kaple-sv-anny\" target=\"_blank\">Kaple sv. Anny<\/a><\/td><\/tr><tr><td>\u017divot v obci<\/td><td><a rel=\"noreferrer noopener\" href=\"http:\/\/covecer.cz\/subdom\/kozarov\/kultura-a-tradice-v-obci\" data-type=\"URL\" data-id=\"http:\/\/covecer.cz\/subdom\/kozarov\/kultura-a-tradice-v-obci\" target=\"_blank\">Kultura a tradice<\/a><\/td><\/tr><tr><td><\/td><td><a rel=\"noreferrer noopener\" href=\"http:\/\/covecer.cz\/subdom\/kozarov\/koupaliste-pozarni-nadrz\" data-type=\"URL\" data-id=\"http:\/\/covecer.cz\/subdom\/kozarov\/koupaliste-pozarni-nadrz\" target=\"_blank\">Koupali\u0161t\u011b (po\u017e\u00e1rn\u00ed n\u00e1dr\u017e)<\/a><\/td><\/tr><tr><td><\/td><td><a rel=\"noreferrer noopener\" href=\"http:\/\/covecer.cz\/subdom\/kozarov\/fotbalove-hriste\" data-type=\"URL\" data-id=\"http:\/\/covecer.cz\/subdom\/kozarov\/fotbalove-hriste\" target=\"_blank\">Fotbalov\u00e9 h\u0159i\u0161t\u011b<\/a><\/td><\/tr><tr><td><\/td><td><a href=\"http:\/\/covecer.cz\/subdom\/kozarov\/plazove-hriste\" data-type=\"URL\" data-id=\"http:\/\/covecer.cz\/subdom\/kozarov\/plazove-hriste\" target=\"_blank\" rel=\"noreferrer noopener\">Pl\u00e1\u017eov\u00e9 h\u0159i\u0161t\u011b<\/a><\/td><\/tr><tr><td><\/td><td><a href=\"http:\/\/covecer.cz\/subdom\/kozarov\/rozhledna\" data-type=\"URL\" data-id=\"http:\/\/covecer.cz\/subdom\/kozarov\/rozhledna\" target=\"_blank\" rel=\"noreferrer noopener\">Rozhledna<\/a><\/td><\/tr><tr><td>Spolky v obci<\/td><td><a href=\"http:\/\/covecer.cz\/subdom\/kozarov\/hasici\" data-type=\"URL\" data-id=\"http:\/\/covecer.cz\/subdom\/kozarov\/hasici\" target=\"_blank\" rel=\"noreferrer noopener\">Hasi\u010di<\/a><\/td><\/tr><tr><td><\/td><td><a href=\"http:\/\/covecer.cz\/subdom\/kozarov\/fotbalisti\" data-type=\"URL\" data-id=\"http:\/\/covecer.cz\/subdom\/kozarov\/fotbalisti\" target=\"_blank\" rel=\"noreferrer noopener\">Fotbalisti<\/a><\/td><\/tr><tr><td><\/td><td><a href=\"http:\/\/covecer.cz\/subdom\/kozarov\/myslivci\" data-type=\"URL\" data-id=\"http:\/\/covecer.cz\/subdom\/kozarov\/myslivci\" target=\"_blank\" rel=\"noreferrer noopener\">Myslivci<\/a><\/td><\/tr><tr><td><a href=\"http:\/\/covecer.cz\/subdom\/kozarov\/fotogalerie\" data-type=\"URL\" data-id=\"http:\/\/covecer.cz\/subdom\/kozarov\/fotogalerie\" target=\"_blank\" rel=\"noreferrer noopener\">Fotogalerie<\/a><\/td><td><\/td><\/tr><tr><td><a href=\"http:\/\/covecer.cz\/subdom\/kozarov\/kontakt\" data-type=\"URL\" data-id=\"http:\/\/covecer.cz\/subdom\/kozarov\/kontakt\" target=\"_blank\" rel=\"noreferrer noopener\">Kontakt<\/a><\/td><td><\/td><\/tr><tr><td>Subjekty<\/td><td><a href=\"http:\/\/covecer.cz\/subdom\/kozarov\/rozhledna\" data-type=\"URL\" data-id=\"http:\/\/covecer.cz\/subdom\/kozarov\/rozhledna\" target=\"_blank\" rel=\"noreferrer noopener\">Rozhledna<\/a><\/td><\/tr><tr><td><\/td><td><a href=\"http:\/\/covecer.cz\/subdom\/kozarov\/farma-kozarov-zeas-lysice-a-s\" data-type=\"URL\" data-id=\"http:\/\/covecer.cz\/subdom\/kozarov\/farma-kozarov-zeas-lysice-a-s\" target=\"_blank\" rel=\"noreferrer noopener\">Farma Koz\u00e1rov (ZEAS Lysice, a.s.)<\/a><\/td><\/tr><tr><td><\/td><td><\/td><\/tr><tr><td><\/td><td><\/td><\/tr><tr><td><\/td><td><\/td><\/tr><\/tbody><\/table><\/figure>\n","protected":false},"excerpt":{"rendered":"<p>\u00davod Obecn\u00ed \u00fa\u0159ad Z\u00e1kladn\u00ed informace Popis \u00fa\u0159adu \u00da\u0159edn\u00ed deska Vyhl\u00e1\u0161ky a z\u00e1kony Rozpo\u010det Dotace Poskytov\u00e1n\u00ed informac\u00ed, p\u0159\u00edjem pod\u00e1n\u00ed Slu\u017eby v obci Historie obce Publikace k&hellip;<\/p>\n","protected":false},"author":1,"featured_media":0,"parent":0,"menu_order":0,"comment_status":"closed","ping_status":"closed","template":"","meta":{"ngg_post_thumbnail":0},"_links":{"self":[{"href":"http:\/\/covecer.cz\/subdom\/kozarov\/wp-json\/wp\/v2\/pages\/537"}],"collection":[{"href":"http:\/\/covecer.cz\/subdom\/kozarov\/wp-json\/wp\/v2\/pages"}],"about":[{"href":"http:\/\/covecer.cz\/subdom\/kozarov\/wp-json\/wp\/v2\/types\/page"}],"author":[{"embeddable":true,"href":"http:\/\/covecer.cz\/subdom\/kozarov\/wp-json\/wp\/v2\/users\/1"}],"replies":[{"embeddable":true,"href":"http:\/\/covecer.cz\/subdom\/kozarov\/wp-json\/wp\/v2\/comments?post=537"}],"version-history":[{"count":3,"href":"http:\/\/covecer.cz\/subdom\/kozarov\/wp-json\/wp\/v2\/pages\/537\/revisions"}],"predecessor-version":[{"id":1810,"href":"http:\/\/covecer.cz\/subdom\/kozarov\/wp-json\/wp\/v2\/pages\/537\/revisions\/1810"}],"wp:attachment":[{"href":"http:\/\/covecer.cz\/subdom\/kozarov\/wp-json\/wp\/v2\/media?parent=537"}],"curies":[{"name":"wp","href":"https:\/\/api.w.org\/{rel}","templated":true}]}}