{"id":547,"date":"2020-12-10T23:15:47","date_gmt":"2020-12-10T22:15:47","guid":{"rendered":"http:\/\/covecer.cz\/subdom\/kozarov\/?page_id=547"},"modified":"2020-12-22T17:40:20","modified_gmt":"2020-12-22T16:40:20","slug":"krizove-kontakty","status":"publish","type":"page","link":"http:\/\/covecer.cz\/subdom\/kozarov\/krizove-kontakty\/","title":{"rendered":"Krizov\u00e9 kontakty \/ odkazy"},"content":{"rendered":"\n<figure class=\"wp-block-table aligncenter\"><table><tbody><tr><td><strong>Obec Koz\u00e1rov<\/strong><\/td><td class=\"has-text-align-center\" data-align=\"center\">(+420) 516 473 143<\/td><td class=\"has-text-align-left\" data-align=\"left\"><a rel=\"noreferrer noopener\" href=\"http:\/\/www.kozarov.cz\" target=\"_blank\">www.kozarov.cz<\/a><\/td><\/tr><\/tbody><\/table><\/figure>\n\n\n\n<h3 class=\"alignwide has-text-align-center\">T\u00eds\u0148ov\u00e9 vol\u00e1n\u00ed:<\/h3>\n\n\n\n<figure class=\"wp-block-table aligncenter\"><table><tbody><tr><td><strong>Hasi\u010di<\/strong><\/td><td class=\"has-text-align-center\" data-align=\"center\">150<\/td><td class=\"has-text-align-left\" data-align=\"left\"><a href=\"http:\/\/www.hzscr.cz\" data-type=\"URL\" data-id=\"www.hzscr.cz\" target=\"_blank\" rel=\"noreferrer noopener\">www.hzscr.cz<\/a><\/td><\/tr><tr><td><strong>Policie<\/strong><\/td><td class=\"has-text-align-center\" data-align=\"center\">158<\/td><td class=\"has-text-align-left\" data-align=\"left\"><a href=\"http:\/\/www.policie.cz\" data-type=\"URL\" data-id=\"www.policie.cz\" target=\"_blank\" rel=\"noreferrer noopener\">www.policie.cz<\/a><\/td><\/tr><tr><td><strong>Prvn\u00ed pomoc<\/strong><\/td><td class=\"has-text-align-center\" data-align=\"center\">155<\/td><td class=\"has-text-align-left\" data-align=\"left\"><a href=\"http:\/\/www.zzsjmk.cz\" data-type=\"URL\" data-id=\"www.zzsjmk.cz\" target=\"_blank\" rel=\"noreferrer noopener\">www.zzsjmk.cz<\/a><\/td><\/tr><tr><td><strong>Jednotn\u00e9 evropsk\u00e9 \u010d\u00edslo<\/strong><\/td><td class=\"has-text-align-center\" data-align=\"center\">112<\/td><td class=\"has-text-align-left\" data-align=\"left\"><\/td><\/tr><\/tbody><\/table><\/figure>\n\n\n\n<h3 class=\"alignwide has-text-align-center\">Pohotovostn\u00ed a havarijn\u00ed slu\u017eby<\/h3>\n\n\n\n<figure class=\"wp-block-table aligncenter\"><table><tbody><tr><td class=\"has-text-align-left\" data-align=\"left\"><strong>Elekt\u0159ina &#8211; E.ON \u010cesk\u00e1 republika<\/strong><\/td><td class=\"has-text-align-center\" data-align=\"center\">Poruchov\u00e1 slu\u017eba (+420) 800 22 55 77<\/td><td class=\"has-text-align-left\" data-align=\"left\"><a href=\"http:\/\/www.eon.cz\" data-type=\"URL\" data-id=\"www.eon.cz\" target=\"_blank\" rel=\"noreferrer noopener\">www.eon.cz<\/a><\/td><\/tr><tr><td class=\"has-text-align-left\" data-align=\"left\"><\/td><td class=\"has-text-align-center\" data-align=\"center\">Z\u00e1kaznick\u00e1 linka (+420) 840 111 333<\/td><td class=\"has-text-align-left\" data-align=\"left\"><\/td><\/tr><tr><td class=\"has-text-align-left\" data-align=\"left\"><strong>Plyn &#8211; Jihomoravsk\u00e1 plyn\u00e1rensk\u00e1<\/strong><\/td><td class=\"has-text-align-center\" data-align=\"center\">Pohotovost 1239<\/td><td class=\"has-text-align-left\" data-align=\"left\"><a href=\"http:\/\/www.innogy.cz\" data-type=\"URL\" data-id=\"www.innogy.cz\" target=\"_blank\" rel=\"noreferrer noopener\">www.innogy.cz<\/a><\/td><\/tr><tr><td class=\"has-text-align-left\" data-align=\"left\"><\/td><td class=\"has-text-align-center\" data-align=\"center\">Z\u00e1kaznick\u00e1 linka (+420) 800 113 355<\/td><td class=\"has-text-align-left\" data-align=\"left\"><\/td><\/tr><tr><td class=\"has-text-align-left\" data-align=\"left\"><strong>Voda &#8211; Vod\u00e1rensk\u00e1 akciov\u00e1 spole\u010dnost, a.s.<\/strong><\/td><td class=\"has-text-align-center\" data-align=\"center\">(+420) 516 427 230<\/td><td class=\"has-text-align-left\" data-align=\"left\"><a href=\"http:\/\/www.vodarenska.cz\" data-type=\"URL\" data-id=\"www.vodarenska.cz\" target=\"_blank\" rel=\"noreferrer noopener\">www.vodarenska.cz<\/a><\/td><\/tr><tr><td class=\"has-text-align-left\" data-align=\"left\"><strong>BAZ-internet &#8211; poskytovatel internetov\u00e9ho p\u0159ipojen\u00ed<\/strong><\/td><td class=\"has-text-align-center\" data-align=\"center\">(+420) 515 539 800<\/td><td class=\"has-text-align-left\" data-align=\"left\"><a href=\"http:\/\/www.baz-internet.cz\" data-type=\"URL\" data-id=\"www.baz-internet.cz\" target=\"_blank\" rel=\"noreferrer noopener\">www.baz-internet.cz<\/a><\/td><\/tr><tr><td class=\"has-text-align-left\" data-align=\"left\"><strong>Pohotovostn\u00ed slu\u017eba Nemocnice Boskovice<\/strong><\/td><td class=\"has-text-align-center\" data-align=\"center\">(+420) 516 491 111<\/td><td class=\"has-text-align-left\" data-align=\"left\"><a href=\"http:\/\/www.nembce.cz\" data-type=\"URL\" data-id=\"www.nembce.cz\" target=\"_blank\" rel=\"noreferrer noopener\">www.nembce.cz<\/a><\/td><\/tr><tr><td class=\"has-text-align-left\" data-align=\"left\"><\/td><td class=\"has-text-align-center\" data-align=\"center\">(+420) 516 491 155<\/td><td class=\"has-text-align-left\" data-align=\"left\"><\/td><\/tr><\/tbody><\/table><\/figure>\n\n\n\n<h3 class=\"alignwide has-text-align-center\">Pov\u011b\u0159en\u00fd \u00fa\u0159ad a \u00fa\u0159ad s roz\u0161\u00ed\u0159enou p\u016fsobnost\u00ed<\/h3>\n\n\n\n<figure class=\"wp-block-table aligncenter\"><table><tbody><tr><td><strong>\u00da\u0159ad m\u011bstyse Lysice<\/strong><\/td><td class=\"has-text-align-center\" data-align=\"center\">(+420) 516 472 210<\/td><td class=\"has-text-align-left\" data-align=\"left\"><a href=\"http:\/\/www.lysice.cz\" data-type=\"URL\" data-id=\"www.lysice.cz\" target=\"_blank\" rel=\"noreferrer noopener\">www.lysice.cz<\/a><\/td><\/tr><tr><td><\/td><td class=\"has-text-align-center\" data-align=\"center\">stavebn\u00ed \u00fa\u0159ad (+420) 516 472 211<\/td><td class=\"has-text-align-left\" data-align=\"left\"><\/td><\/tr><tr><td><\/td><td class=\"has-text-align-center\" data-align=\"center\">matrika (+420) 516 472 210<\/td><td class=\"has-text-align-left\" data-align=\"left\"><\/td><\/tr><tr><td><strong>M\u011bstsk\u00fd \u00fa\u0159ad Boskovice<\/strong><\/td><td class=\"has-text-align-center\" data-align=\"center\">(+420) 516 488 600<\/td><td class=\"has-text-align-left\" data-align=\"left\"><a href=\"http:\/\/www.boskovice.cz\" data-type=\"URL\" data-id=\"www.boskovice.cz\" target=\"_blank\" rel=\"noreferrer noopener\">www.boskovice.cz<\/a><\/td><\/tr><\/tbody><\/table><\/figure>\n\n\n\n<h3 class=\"alignwide has-text-align-center\">Jin\u00e9 d\u016fle\u017eit\u00e9 kontakty<\/h3>\n\n\n\n<figure class=\"wp-block-table aligncenter\"><table><tbody><tr><td><strong>Zdravotn\u00ed st\u0159edisko Lysice<\/strong><\/td><td class=\"has-text-align-center\" data-align=\"center\">MUDr. Sylva Habartov\u00e1, PRAKTIK Lysice, s.r.o. &#8211; Praktick\u00e1 l\u00e9ka\u0159ka pro dosp\u011bl\u00e9 (+420) 516 472 106<\/td><td class=\"has-text-align-left\" data-align=\"left\"><a href=\"http:\/\/www.lysice.cz\/mestys\/firmy-sluzby-lekari\" data-type=\"URL\" target=\"_blank\" rel=\"noreferrer noopener\">www.lysice.cz<\/a><\/td><\/tr><tr><td><\/td><td class=\"has-text-align-center\" data-align=\"center\">MUDr. Tereza Hlav\u00e1\u010dkov\u00e1, MUDr. Zuzana Hol\u00e1\u0161kov\u00e1 &#8211; V\u0161eobecn\u00fd l\u00e9ka\u0159, s.r.o. &#8211; Praktick\u00fd l\u00e9ka\u0159 pro dosp\u011bl\u00e9 (+420) 608 515 344<\/td><td class=\"has-text-align-left\" data-align=\"left\"><a href=\"http:\/\/www.lysice.cz\/mestys\/firmy-sluzby-lekari\" data-type=\"URL\" data-id=\"www.lysice.cz\/mestys\/firmy-sluzby-lekari\" target=\"_blank\" rel=\"noreferrer noopener\"><a rel=\"noreferrer noopener\" href=\"http:\/\/www.lysice.cz\/mestys\/firmy-sluzby-lekari\" target=\"_blank\">www.lysice.cz<\/a><\/a><\/td><\/tr><tr><td><\/td><td class=\"has-text-align-center\" data-align=\"center\">MUDr. Miriam Mokro\u0161ov\u00e1 &#8211; D\u011btsk\u00e1 l\u00e9ka\u0159ka (+420) 516 472 132<\/td><td class=\"has-text-align-left\" data-align=\"left\"><a href=\"http:\/\/www.lysice.cz\/mestys\/firmy-sluzby-lekari\" data-type=\"URL\" target=\"_blank\" rel=\"noreferrer noopener\"><a rel=\"noreferrer noopener\" href=\"http:\/\/www.lysice.cz\/mestys\/firmy-sluzby-lekari\" target=\"_blank\">www.lysice.cz<\/a><\/a><\/td><\/tr><tr><td><\/td><td class=\"has-text-align-center\" data-align=\"center\">MUDr. Ludmila \u0160umberov\u00e1 &#8211; Zubn\u00ed l\u00e9ka\u0159ka (+420) 516 472 227<\/td><td class=\"has-text-align-left\" data-align=\"left\"><a rel=\"noreferrer noopener\" href=\"http:\/\/www.lysice.cz\/mestys\/firmy-sluzby-lekari\" target=\"_blank\">www.lysice.cz<\/a><\/td><\/tr><tr><td><\/td><td class=\"has-text-align-center\" data-align=\"center\">MUDr. Lea Chroustov\u00e1 &#8211; Gynekologie (+420) 516 472 097<\/td><td class=\"has-text-align-left\" data-align=\"left\"><a rel=\"noreferrer noopener\" href=\"http:\/\/www.lysice.cz\/mestys\/firmy-sluzby-lekari\" target=\"_blank\">www.lysice.cz<\/a><\/td><\/tr><tr><td><strong>L\u00e9k\u00e1rna Lysice<\/strong><\/td><td class=\"has-text-align-center\" data-align=\"center\">(+420) 516 472 420<\/td><td class=\"has-text-align-left\" data-align=\"left\"><a rel=\"noreferrer noopener\" href=\"http:\/\/www.lysice.cz\/mestys\/firmy-sluzby-lekari\" target=\"_blank\">www.lysice.cz<\/a><\/td><\/tr><tr><td><strong>\u010cesk\u00e1 po\u0161ta &#8211; Lysice<\/strong><\/td><td class=\"has-text-align-center\" data-align=\"center\">(+420) 954 267 971<\/td><td class=\"has-text-align-left\" data-align=\"left\"><a rel=\"noreferrer noopener\" href=\"https:\/\/www.postaonline.cz\/detail-pobocky\/-\/pobocky\/detail\/67971\" data-type=\"URL\" data-id=\"https:\/\/www.postaonline.cz\/detail-pobocky\/-\/pobocky\/detail\/67971\" target=\"_blank\">www.postaonline.cz<\/a><\/td><\/tr><tr><td><strong>Z\u00e1kladn\u00ed \u0161kola Edvarda Bene\u0161e Lysice<\/strong><\/td><td class=\"has-text-align-center\" data-align=\"center\">(+420) 516 472 660<\/td><td class=\"has-text-align-left\" data-align=\"left\"><a href=\"http:\/\/www.zslysice.cz\" data-type=\"URL\" data-id=\"www.zslysice.cz\" target=\"_blank\" rel=\"noreferrer noopener\">www.zslysice.cz<\/a><\/td><\/tr><tr><td><\/td><td class=\"has-text-align-center\" data-align=\"center\">(+420) 516 472 215<\/td><td class=\"has-text-align-left\" data-align=\"left\"><\/td><\/tr><tr><td><strong>Mate\u0159sk\u00e1 \u0161kola Lysice<\/strong><\/td><td class=\"has-text-align-center\" data-align=\"center\">(+420) 516 472 184<\/td><td class=\"has-text-align-left\" data-align=\"left\"><a rel=\"noreferrer noopener\" href=\"http:\/\/www.ms-lysice.cz\/\" data-type=\"URL\" data-id=\"www.ms-lysice.cz\/\" target=\"_blank\">www.ms-lysice.cz<\/a><\/td><\/tr><tr><td><strong>Mate\u0159sk\u00e1 \u0161kola \u010cernovice<\/strong><\/td><td class=\"has-text-align-center\" data-align=\"center\">(+420) 516 460 650<\/td><td class=\"has-text-align-left\" data-align=\"left\"><a rel=\"noreferrer noopener\" href=\"http:\/\/www.obeccernovice.cz\/skola\" target=\"_blank\">www.obeccernovice.cz\/skola<\/a><\/td><\/tr><tr><td><strong>ZEAS Lysice, a.s.<\/strong><\/td><td class=\"has-text-align-center\" data-align=\"center\">\u017divo\u010di\u0161n\u00e1 v\u00fdroba Koz\u00e1rov (+420) 516 473 153<\/td><td class=\"has-text-align-left\" data-align=\"left\">www.<a rel=\"noreferrer noopener\" href=\"http:\/\/zeasas.cz\" data-type=\"URL\" data-id=\"zeasas.cz\" target=\"_blank\">zeasas.cz<\/a><\/td><\/tr><tr><td><\/td><td class=\"has-text-align-center\" data-align=\"center\">Franti\u0161ek Ne\u010das (+420) 739 557 308<\/td><td class=\"has-text-align-left\" data-align=\"left\"><\/td><\/tr><tr><td><strong>\u0158\u00edmskokatol. farnost Lysice<\/strong><\/td><td class=\"has-text-align-center\" data-align=\"center\">(+420) 732 690 783<\/td><td class=\"has-text-align-left\" data-align=\"left\"><a href=\"http:\/\/www.rkf.lysice.cz\" data-type=\"URL\" data-id=\"www.rkf.lysice.cz\" target=\"_blank\" rel=\"noreferrer noopener\">www.rkf.lysice.cz<\/a><\/td><\/tr><\/tbody><\/table><\/figure>\n\n\n\n<figure class=\"wp-block-table aligncenter\"><table><tbody><tr><td><strong>Informace o tel. \u010d\u00edslech v \u010cR<\/strong><\/td><td>1180<\/td><\/tr><tr><td><strong>Informace o tel. \u010d\u00edslech v cizin\u011b<\/strong><\/td><td>1181<\/td><\/tr><\/tbody><\/table><\/figure>\n\n\n\n<h3 class=\"alignwide has-text-align-center\">Odkazy<\/h3>\n\n\n\n<figure class=\"wp-block-table aligncenter\"><table><tbody><tr><td><strong>MAS Boskovicko PLUS<\/strong><\/td><td><a href=\"http:\/\/www.masboskovickoplus.cz\" data-type=\"URL\" data-id=\"www.masboskovickoplus.cz\" target=\"_blank\" rel=\"noreferrer noopener\">www.masboskovickoplus.cz<\/a><\/td><\/tr><tr><td><strong>Jihomoravsk\u00fd kraj<\/strong><\/td><td><a rel=\"noreferrer noopener\" href=\"http:\/\/www.kr-jihomoravsky.cz\" data-type=\"URL\" target=\"_blank\">www.kr-jihomoravsky.cz<\/a><\/td><\/tr><tr><td><strong>Port\u00e1l ve\u0159ejn\u00e9 spr\u00e1vy<\/strong><\/td><td><a href=\"http:\/\/www.portal.gov.cz\/obcan\" data-type=\"URL\" data-id=\"www.portal.gov.cz\/obcan\" target=\"_blank\" rel=\"noreferrer noopener\">www.portal.gov.cz\/obcan<\/a><\/td><\/tr><tr><td><strong>M\u011bsta a obce online<\/strong><\/td><td><a rel=\"noreferrer noopener\" href=\"http:\/\/www.mesta.obce.cz\" data-type=\"URL\" data-id=\"www.mesta.obce.cz\" target=\"_blank\">www.mesta.obce.cz<\/a><\/td><\/tr><\/tbody><\/table><\/figure>\n","protected":false},"excerpt":{"rendered":"<p>Obec Koz\u00e1rov (+420) 516 473 143 www.kozarov.cz T\u00eds\u0148ov\u00e9 vol\u00e1n\u00ed: Hasi\u010di 150 www.hzscr.cz Policie 158 www.policie.cz Prvn\u00ed pomoc 155 www.zzsjmk.cz Jednotn\u00e9 evropsk\u00e9 \u010d\u00edslo 112 Pohotovostn\u00ed a&hellip;<\/p>\n","protected":false},"author":1,"featured_media":0,"parent":0,"menu_order":0,"comment_status":"closed","ping_status":"closed","template":"","meta":{"ngg_post_thumbnail":0},"_links":{"self":[{"href":"http:\/\/covecer.cz\/subdom\/kozarov\/wp-json\/wp\/v2\/pages\/547"}],"collection":[{"href":"http:\/\/covecer.cz\/subdom\/kozarov\/wp-json\/wp\/v2\/pages"}],"about":[{"href":"http:\/\/covecer.cz\/subdom\/kozarov\/wp-json\/wp\/v2\/types\/page"}],"author":[{"embeddable":true,"href":"http:\/\/covecer.cz\/subdom\/kozarov\/wp-json\/wp\/v2\/users\/1"}],"replies":[{"embeddable":true,"href":"http:\/\/covecer.cz\/subdom\/kozarov\/wp-json\/wp\/v2\/comments?post=547"}],"version-history":[{"count":23,"href":"http:\/\/covecer.cz\/subdom\/kozarov\/wp-json\/wp\/v2\/pages\/547\/revisions"}],"predecessor-version":[{"id":623,"href":"http:\/\/covecer.cz\/subdom\/kozarov\/wp-json\/wp\/v2\/pages\/547\/revisions\/623"}],"wp:attachment":[{"href":"http:\/\/covecer.cz\/subdom\/kozarov\/wp-json\/wp\/v2\/media?parent=547"}],"curies":[{"name":"wp","href":"https:\/\/api.w.org\/{rel}","templated":true}]}}