{"id":56,"date":"2020-12-09T09:01:18","date_gmt":"2020-12-09T08:01:18","guid":{"rendered":"http:\/\/covecer.cz\/subdom\/kozarov\/?page_id=56"},"modified":"2020-12-10T18:23:18","modified_gmt":"2020-12-10T17:23:18","slug":"popis-uradu","status":"publish","type":"page","link":"http:\/\/covecer.cz\/subdom\/kozarov\/popis-uradu\/","title":{"rendered":"Popis \u00fa\u0159adu"},"content":{"rendered":"\n<h3 class=\"has-text-align-center\">Obecn\u00ed \u00fa\u0159ad<\/h3>\n\n\n\n<figure class=\"wp-block-table aligncenter is-style-stripes\"><table><tbody><tr><td class=\"has-text-align-center\" data-align=\"center\"><em>Starosta<\/em>:<\/td><td class=\"has-text-align-center\" data-align=\"center\">Pavel Bene\u0161<\/td><td>777 039 636<\/td><\/tr><tr><td class=\"has-text-align-center\" data-align=\"center\"><em>M\u00edstostarosta<\/em>:<\/td><td class=\"has-text-align-center\" data-align=\"center\">Ing. Petr Doln\u00ed\u010dek<\/td><td>731 204 706<\/td><\/tr><tr><td class=\"has-text-align-center\" data-align=\"center\"><em>\u00da\u010detn\u00ed<\/em>:<\/td><td class=\"has-text-align-center\" data-align=\"center\">Bc. Franti\u0161ek Sedl\u00e1\u010dek<\/td><td>604&nbsp;255&nbsp;544<\/td><\/tr><\/tbody><\/table><\/figure>\n\n\n<h3 style=\"text-align: center;\"><strong>\u00da\u0159edn\u00ed hodiny<\/strong><br><span style=\"color: #5f9e45;\">P\u00e1tek 19:00 \u2013 21:00<\/span><\/h3>\n\n\n<h3 class=\"has-text-align-center\">Zastupitelstvo<\/h3>\n\n\n\n<figure class=\"wp-block-table aligncenter is-style-stripes\"><table><tbody><tr><td class=\"has-text-align-center\" data-align=\"center\"><em>Starosta:<\/em><\/td><td class=\"has-text-align-center\" data-align=\"center\">Pavel Bene\u0161<\/td><\/tr><tr><td class=\"has-text-align-center\" data-align=\"center\"><em>M\u00edstostarosta:<\/em><\/td><td class=\"has-text-align-center\" data-align=\"center\">Ing. Petr Doln\u00ed\u010dek<\/td><\/tr><tr><td class=\"has-text-align-center\" data-align=\"center\"><em>\u00da\u010detn\u00ed:<\/em><\/td><td class=\"has-text-align-center\" data-align=\"center\">Bc. Franti\u0161ek Sedl\u00e1\u010dek<\/td><\/tr><tr><td class=\"has-text-align-center\" data-align=\"center\"><em>\u010clen:<\/em><\/td><td class=\"has-text-align-center\" data-align=\"center\">Radek \u017dabsk\u00fd<\/td><\/tr><tr><td class=\"has-text-align-center\" data-align=\"center\"><em>\u010clen:<\/em><\/td><td class=\"has-text-align-center\" data-align=\"center\">Jan Lorenc<\/td><\/tr><\/tbody><\/table><\/figure>\n\n\n\n<h3 class=\"has-text-align-center\">Finan\u010dn\u00ed v\u00fdbor<\/h3>\n\n\n\n<figure class=\"wp-block-table aligncenter is-style-stripes\"><table><tbody><tr><td class=\"has-text-align-center\" data-align=\"center\"><em>P\u0159edseda:<\/em><\/td><td class=\"has-text-align-center\" data-align=\"center\">Jan Lorenc<\/td><\/tr><\/tbody><\/table><\/figure>\n\n\n\n<h3 class=\"has-text-align-center\">Kontroln\u00ed v\u00fdbor<\/h3>\n\n\n\n<figure class=\"wp-block-table aligncenter is-style-stripes\"><table><tbody><tr><td class=\"has-text-align-center\" data-align=\"center\"><em>P\u0159edseda:<\/em><\/td><td class=\"has-text-align-center\" data-align=\"center\">Radek \u017dabsk\u00fd<\/td><\/tr><\/tbody><\/table><\/figure>\n","protected":false},"excerpt":{"rendered":"<p>Obecn\u00ed \u00fa\u0159ad Starosta: Pavel Bene\u0161 777 039 636 M\u00edstostarosta: Ing. Petr Doln\u00ed\u010dek 731 204 706 \u00da\u010detn\u00ed: Bc. Franti\u0161ek Sedl\u00e1\u010dek 604&nbsp;255&nbsp;544 \u00da\u0159edn\u00ed hodinyP\u00e1tek 19:00 \u2013 21:00&hellip;<\/p>\n","protected":false},"author":1,"featured_media":0,"parent":0,"menu_order":0,"comment_status":"closed","ping_status":"closed","template":"","meta":{"ngg_post_thumbnail":0},"_links":{"self":[{"href":"http:\/\/covecer.cz\/subdom\/kozarov\/wp-json\/wp\/v2\/pages\/56"}],"collection":[{"href":"http:\/\/covecer.cz\/subdom\/kozarov\/wp-json\/wp\/v2\/pages"}],"about":[{"href":"http:\/\/covecer.cz\/subdom\/kozarov\/wp-json\/wp\/v2\/types\/page"}],"author":[{"embeddable":true,"href":"http:\/\/covecer.cz\/subdom\/kozarov\/wp-json\/wp\/v2\/users\/1"}],"replies":[{"embeddable":true,"href":"http:\/\/covecer.cz\/subdom\/kozarov\/wp-json\/wp\/v2\/comments?post=56"}],"version-history":[{"count":15,"href":"http:\/\/covecer.cz\/subdom\/kozarov\/wp-json\/wp\/v2\/pages\/56\/revisions"}],"predecessor-version":[{"id":476,"href":"http:\/\/covecer.cz\/subdom\/kozarov\/wp-json\/wp\/v2\/pages\/56\/revisions\/476"}],"wp:attachment":[{"href":"http:\/\/covecer.cz\/subdom\/kozarov\/wp-json\/wp\/v2\/media?parent=56"}],"curies":[{"name":"wp","href":"https:\/\/api.w.org\/{rel}","templated":true}]}}