{"id":58,"date":"2020-12-09T09:02:00","date_gmt":"2020-12-09T08:02:00","guid":{"rendered":"http:\/\/covecer.cz\/subdom\/kozarov\/?page_id=58"},"modified":"2020-12-10T18:22:18","modified_gmt":"2020-12-10T17:22:18","slug":"poskytovani-informaci-prijem-podani","status":"publish","type":"page","link":"http:\/\/covecer.cz\/subdom\/kozarov\/poskytovani-informaci-prijem-podani\/","title":{"rendered":"Poskytov\u00e1n\u00ed informac\u00ed, p\u0159\u00edjem pod\u00e1n\u00ed"},"content":{"rendered":"\n<h3>P\u0159\u00edjem \u017e\u00e1dost\u00ed a pod\u00e1n\u00ed<\/h3>\n\n\n\n<p>\u017d\u00e1dost o informace se p\u0159ij\u00edm\u00e1 na obecn\u00edm \u00fa\u0159ad\u011b v \u00fa\u0159edn\u00edch hodin\u00e1ch. \u017d\u00e1dost m\u016f\u017ee b\u00fdt pod\u00e1na \u00fastn\u011b nebo p\u00edsemn\u011b. V p\u0159\u00edpad\u011b, \u017ee je \u017e\u00e1dost pod\u00e1na \u00fastn\u011b, z\u00e1stupce obecn\u00edho \u00fa\u0159adu, kter\u00fd \u017e\u00e1dost p\u0159ijal, ji \u00fastn\u011b vy\u0159\u00edd\u00ed. O takov\u00e9m vy\u0159\u00edzen\u00ed \u017e\u00e1dosti se neprov\u00e1d\u00ed p\u00edsemn\u00fd z\u00e1znam. V p\u0159\u00edpad\u011b, \u017ee je \u017e\u00e1dost pod\u00e1na p\u00edsemn\u011b (v\u010detn\u011b \u017e\u00e1dosti podan\u00e9 elektronickou po\u0161tou nebo faxem), mus\u00ed spl\u0148ovat minim\u00e1ln\u011b tyto n\u00e1le\u017eitosti:<\/p>\n\n\n\n<ul><li>Komu je \u017e\u00e1dost ur\u010dena<\/li><li>Jak\u00e1 konkr\u00e9tn\u00ed informace je po\u017eadov\u00e1na<\/li><li>Kdo \u017e\u00e1dost pod\u00e1v\u00e1<\/li><\/ul>\n\n\n\n<p>Ostatn\u00ed \u017e\u00e1dosti a pod\u00e1n\u00ed se p\u0159ij\u00edmaj\u00ed rovn\u011b\u017e na obecn\u00edm \u00fa\u0159ad\u011b v \u00fa\u0159edn\u00edch hodin\u00e1ch.<\/p>\n","protected":false},"excerpt":{"rendered":"<p>P\u0159\u00edjem \u017e\u00e1dost\u00ed a pod\u00e1n\u00ed \u017d\u00e1dost o informace se p\u0159ij\u00edm\u00e1 na obecn\u00edm \u00fa\u0159ad\u011b v \u00fa\u0159edn\u00edch hodin\u00e1ch. \u017d\u00e1dost m\u016f\u017ee b\u00fdt pod\u00e1na \u00fastn\u011b nebo p\u00edsemn\u011b. V p\u0159\u00edpad\u011b, \u017ee&hellip;<\/p>\n","protected":false},"author":1,"featured_media":0,"parent":0,"menu_order":0,"comment_status":"closed","ping_status":"closed","template":"","meta":{"ngg_post_thumbnail":0},"_links":{"self":[{"href":"http:\/\/covecer.cz\/subdom\/kozarov\/wp-json\/wp\/v2\/pages\/58"}],"collection":[{"href":"http:\/\/covecer.cz\/subdom\/kozarov\/wp-json\/wp\/v2\/pages"}],"about":[{"href":"http:\/\/covecer.cz\/subdom\/kozarov\/wp-json\/wp\/v2\/types\/page"}],"author":[{"embeddable":true,"href":"http:\/\/covecer.cz\/subdom\/kozarov\/wp-json\/wp\/v2\/users\/1"}],"replies":[{"embeddable":true,"href":"http:\/\/covecer.cz\/subdom\/kozarov\/wp-json\/wp\/v2\/comments?post=58"}],"version-history":[{"count":5,"href":"http:\/\/covecer.cz\/subdom\/kozarov\/wp-json\/wp\/v2\/pages\/58\/revisions"}],"predecessor-version":[{"id":474,"href":"http:\/\/covecer.cz\/subdom\/kozarov\/wp-json\/wp\/v2\/pages\/58\/revisions\/474"}],"wp:attachment":[{"href":"http:\/\/covecer.cz\/subdom\/kozarov\/wp-json\/wp\/v2\/media?parent=58"}],"curies":[{"name":"wp","href":"https:\/\/api.w.org\/{rel}","templated":true}]}}