{"id":60,"date":"2020-12-09T09:02:27","date_gmt":"2020-12-09T08:02:27","guid":{"rendered":"http:\/\/covecer.cz\/subdom\/kozarov\/?page_id=60"},"modified":"2020-12-10T18:25:41","modified_gmt":"2020-12-10T17:25:41","slug":"vyhlasky-a-zakony","status":"publish","type":"page","link":"http:\/\/covecer.cz\/subdom\/kozarov\/vyhlasky-a-zakony\/","title":{"rendered":"Vyhl\u00e1\u0161ky a z\u00e1kony"},"content":{"rendered":"\n<p class=\"has-text-align-center\">Moment\u00e1ln\u011b nebyla vlo\u017eena \u017e\u00e1dn\u00e1 data\u2026<\/p>\n","protected":false},"excerpt":{"rendered":"<p>Moment\u00e1ln\u011b nebyla vlo\u017eena \u017e\u00e1dn\u00e1 data\u2026<\/p>\n","protected":false},"author":1,"featured_media":0,"parent":0,"menu_order":0,"comment_status":"closed","ping_status":"closed","template":"","meta":{"ngg_post_thumbnail":0},"_links":{"self":[{"href":"http:\/\/covecer.cz\/subdom\/kozarov\/wp-json\/wp\/v2\/pages\/60"}],"collection":[{"href":"http:\/\/covecer.cz\/subdom\/kozarov\/wp-json\/wp\/v2\/pages"}],"about":[{"href":"http:\/\/covecer.cz\/subdom\/kozarov\/wp-json\/wp\/v2\/types\/page"}],"author":[{"embeddable":true,"href":"http:\/\/covecer.cz\/subdom\/kozarov\/wp-json\/wp\/v2\/users\/1"}],"replies":[{"embeddable":true,"href":"http:\/\/covecer.cz\/subdom\/kozarov\/wp-json\/wp\/v2\/comments?post=60"}],"version-history":[{"count":3,"href":"http:\/\/covecer.cz\/subdom\/kozarov\/wp-json\/wp\/v2\/pages\/60\/revisions"}],"predecessor-version":[{"id":478,"href":"http:\/\/covecer.cz\/subdom\/kozarov\/wp-json\/wp\/v2\/pages\/60\/revisions\/478"}],"wp:attachment":[{"href":"http:\/\/covecer.cz\/subdom\/kozarov\/wp-json\/wp\/v2\/media?parent=60"}],"curies":[{"name":"wp","href":"https:\/\/api.w.org\/{rel}","templated":true}]}}