{"id":62,"date":"2020-12-09T09:02:42","date_gmt":"2020-12-09T08:02:42","guid":{"rendered":"http:\/\/covecer.cz\/subdom\/kozarov\/?page_id=62"},"modified":"2020-12-21T07:11:24","modified_gmt":"2020-12-21T06:11:24","slug":"rozpocet","status":"publish","type":"page","link":"http:\/\/covecer.cz\/subdom\/kozarov\/rozpocet\/","title":{"rendered":"Rozpo\u010det"},"content":{"rendered":"\n<h3 class=\"has-text-align-center\">N\u00e1vrh rozpo\u010dtu obce Koz\u00e1rov na rok 2021<\/h3>\n\n\n\n<p style=\"text-align: center;\"><strong>N\u00e1zev Dokumentu:&nbsp;<span style=\"color: #5f9e45;\"><a style=\"color: #5f9e45;\" href=\"http:\/\/covecer.cz\/subdom\/kozarov\/wp-content\/uploads\/2020\/12\/Navrh-rozpoctu-na-rok-2021.pdf\" target=\"_blank\" rel=\"noopener\">Rozpo\u010det obce Koz\u00e1rov na rok 2021.pdf (st\u00e1hnout)<\/a><\/span><\/strong><\/p>\n\n\n\n<hr class=\"wp-block-separator has-text-color has-background is-style-wide\" style=\"background-color:#5f9e45;color:#5f9e45\"\/>\n\n\n\n<h3 class=\"has-text-align-center\">N\u00e1vrh rozpo\u010dtu obce Koz\u00e1rov na rok 2020<\/h3>\n\n\n<p style=\"text-align: center;\"><strong>N\u00e1zev Dokumentu:&nbsp;<span style=\"color: #5f9e45;\"><a style=\"color: #5f9e45;\" href=\"http:\/\/covecer.cz\/subdom\/kozarov\/wp-content\/uploads\/2020\/12\/Navrh-rozpoctu-na-rok-2020.pdf\" target=\"_blank\" rel=\"noopener\">Rozpo\u010det obce Koz\u00e1rov na rok 2020.pdf (st\u00e1hnout)<\/a><\/span><\/strong><\/p>\n\n\n<hr class=\"wp-block-separator has-text-color has-background is-style-wide\" style=\"background-color:#5f9e45;color:#5f9e45\"\/>\n\n\n\n<h3 class=\"has-text-align-center\">N\u00e1vrh rozpo\u010dtu obce Koz\u00e1rov na rok 2019<\/h3>\n\n\n\n<p style=\"text-align: center;\"><strong>N\u00e1zev Dokumentu:&nbsp;<span style=\"color: #5f9e45;\"><a style=\"color: #5f9e45;\" href=\"http:\/\/covecer.cz\/subdom\/kozarov\/wp-content\/uploads\/2020\/12\/Navrh-rozpoctu-na-rok-2019.pdf\" target=\"_blank\" rel=\"noopener\">Rozpo\u010det obce Koz\u00e1rov na rok 2019.pdf (st\u00e1hnout)<\/a><\/span><\/strong><\/p>\n\n\n\n<hr class=\"wp-block-separator has-text-color has-background is-style-wide\" style=\"background-color:#5f9e45;color:#5f9e45\"\/>\n\n\n\n<h3 class=\"has-text-align-center\">N\u00e1vrh rozpo\u010dtu obce Koz\u00e1rov na rok 2018<\/h3>\n\n\n\n<p style=\"text-align: center;\"><strong>N\u00e1zev Dokumentu:&nbsp;<span style=\"color: #5f9e45;\"><a style=\"color: #5f9e45;\" href=\"http:\/\/covecer.cz\/subdom\/kozarov\/wp-content\/uploads\/2020\/12\/Navrh-rozpoctu-na-rok-2018.pdf\" target=\"_blank\" rel=\"noopener\">Rozpo\u010det obce Koz\u00e1rov na rok 2018.pdf (st\u00e1hnout)<\/a><\/span><\/strong><\/p>\n\n\n\n<hr class=\"wp-block-separator has-text-color has-background is-style-wide\" style=\"background-color:#5f9e45;color:#5f9e45\"\/>\n\n\n\n<h3 class=\"has-text-align-center\">N\u00e1vrh rozpo\u010dtu obce Koz\u00e1rov na rok 2017<\/h3>\n\n\n\n<p style=\"text-align: center;\"><strong>N\u00e1zev Dokumentu:&nbsp;<span style=\"color: #5f9e45;\"><a style=\"color: #5f9e45;\" href=\"http:\/\/covecer.cz\/subdom\/kozarov\/wp-content\/uploads\/2020\/12\/Navrh-rozpoctu-na-rok-2017.pdf\" target=\"_blank\" rel=\"noopener\">Rozpo\u010det obce Koz\u00e1rov na rok 2017.pdf (st\u00e1hnout)<\/a><\/span><\/strong><\/p>\n\n\n\n<hr class=\"wp-block-separator has-text-color has-background is-style-wide\" style=\"background-color:#5f9e45;color:#5f9e45\"\/>\n\n\n\n<h3 class=\"has-text-align-center\">N\u00e1vrh rozpo\u010dtu obce Koz\u00e1rov na rok 2016<\/h3>\n\n\n\n<p style=\"text-align: center;\"><strong>N\u00e1zev Dokumentu:&nbsp;<span style=\"color: #5f9e45;\"><a style=\"color: #5f9e45;\" href=\"http:\/\/covecer.cz\/subdom\/kozarov\/wp-content\/uploads\/2020\/12\/Navrh-rozpoctu-na-rok-2016.pdf\" target=\"_blank\" rel=\"noopener\">Rozpo\u010det obce Koz\u00e1rov na rok 2016.pdf (st\u00e1hnout)<\/a><\/span><\/strong><\/p>\n\n\n\n<hr class=\"wp-block-separator has-text-color has-background is-style-wide\" style=\"background-color:#5f9e45;color:#5f9e45\"\/>\n\n\n\n<h3 class=\"has-text-align-center\">N\u00e1vrh rozpo\u010dtu obce Koz\u00e1rov na rok 2015<\/h3>\n\n\n\n<p style=\"text-align: center;\"><strong>N\u00e1zev Dokumentu:&nbsp;<span style=\"color: #5f9e45;\"><a style=\"color: #5f9e45;\" href=\"http:\/\/covecer.cz\/subdom\/kozarov\/wp-content\/uploads\/2020\/12\/Navrh-rozpoctu-na-rok-2015.pdf\" target=\"_blank\" rel=\"noopener\">Rozpo\u010det obce Koz\u00e1rov na rok 2015.pdf (st\u00e1hnout)<\/a><\/span><\/strong><\/p>\n\n\n\n<hr class=\"wp-block-separator has-text-color has-background is-style-wide\" style=\"background-color:#5f9e45;color:#5f9e45\"\/>\n\n\n\n<h3 class=\"has-text-align-center\">N\u00e1vrh rozpo\u010dtu obce Koz\u00e1rov na rok 2014<\/h3>\n\n\n\n<p style=\"text-align: center;\"><strong>N\u00e1zev Dokumentu:&nbsp;<span style=\"color: #5f9e45;\"><a style=\"color: #5f9e45;\" href=\"http:\/\/covecer.cz\/subdom\/kozarov\/wp-content\/uploads\/2020\/12\/Navrh-rozpoctu-na-rok-2014.pdf\" target=\"_blank\" rel=\"noopener\">Rozpo\u010det obce Koz\u00e1rov na rok 2014.pdf (st\u00e1hnout)<\/a><\/span><\/strong><\/p>\n\n\n\n<hr class=\"wp-block-separator has-text-color has-background is-style-wide\" style=\"background-color:#5f9e45;color:#5f9e45\"\/>\n\n\n\n<h3 class=\"has-text-align-center\">N\u00e1vrh rozpo\u010dtu obce Koz\u00e1rov na rok 2013<\/h3>\n\n\n\n<p class=\"has-text-align-center\"><strong>N\u00e1zev Dokumentu:&nbsp;<span style=\"color: #5f9e45;\"><a style=\"color: #5f9e45;\" href=\"http:\/\/covecer.cz\/subdom\/kozarov\/wp-content\/uploads\/2020\/12\/Navrh-rozpoctu-na-rok-2013.pdf\" target=\"_blank\" rel=\"noopener\">Rozpo\u010det obce Koz\u00e1rov na rok 2013.pdf (st\u00e1hnout)<\/a><\/span><\/strong><\/p>\n\n\n\n<hr class=\"wp-block-separator aligncenter has-text-color has-background is-style-wide\" style=\"background-color:#5f9e45;color:#5f9e45\"\/>\n","protected":false},"excerpt":{"rendered":"<p>N\u00e1vrh rozpo\u010dtu obce Koz\u00e1rov na rok 2021 N\u00e1zev Dokumentu:&nbsp;Rozpo\u010det obce Koz\u00e1rov na rok 2021.pdf (st\u00e1hnout) N\u00e1vrh rozpo\u010dtu obce Koz\u00e1rov na rok 2020 N\u00e1zev Dokumentu:&nbsp;Rozpo\u010det obce&hellip;<\/p>\n","protected":false},"author":1,"featured_media":0,"parent":0,"menu_order":0,"comment_status":"closed","ping_status":"closed","template":"","meta":{"ngg_post_thumbnail":0},"_links":{"self":[{"href":"http:\/\/covecer.cz\/subdom\/kozarov\/wp-json\/wp\/v2\/pages\/62"}],"collection":[{"href":"http:\/\/covecer.cz\/subdom\/kozarov\/wp-json\/wp\/v2\/pages"}],"about":[{"href":"http:\/\/covecer.cz\/subdom\/kozarov\/wp-json\/wp\/v2\/types\/page"}],"author":[{"embeddable":true,"href":"http:\/\/covecer.cz\/subdom\/kozarov\/wp-json\/wp\/v2\/users\/1"}],"replies":[{"embeddable":true,"href":"http:\/\/covecer.cz\/subdom\/kozarov\/wp-json\/wp\/v2\/comments?post=62"}],"version-history":[{"count":17,"href":"http:\/\/covecer.cz\/subdom\/kozarov\/wp-json\/wp\/v2\/pages\/62\/revisions"}],"predecessor-version":[{"id":602,"href":"http:\/\/covecer.cz\/subdom\/kozarov\/wp-json\/wp\/v2\/pages\/62\/revisions\/602"}],"wp:attachment":[{"href":"http:\/\/covecer.cz\/subdom\/kozarov\/wp-json\/wp\/v2\/media?parent=62"}],"curies":[{"name":"wp","href":"https:\/\/api.w.org\/{rel}","templated":true}]}}