{"id":66,"date":"2020-12-09T09:03:25","date_gmt":"2020-12-09T08:03:25","guid":{"rendered":"http:\/\/covecer.cz\/subdom\/kozarov\/?page_id=66"},"modified":"2020-12-23T07:51:32","modified_gmt":"2020-12-23T06:51:32","slug":"dotace","status":"publish","type":"page","link":"http:\/\/covecer.cz\/subdom\/kozarov\/dotace\/","title":{"rendered":"Dotace"},"content":{"rendered":"\n<h4 class=\"has-text-color\" style=\"color:#5f9e45\">Dotace Obec Koz\u00e1rov<\/h4>\n\n\n\n<div class=\"wp-block-image is-style-default\"><figure class=\"alignright size-large is-resized\"><a href=\"https:\/\/www.kr-jihomoravsky.cz\/\" target=\"_blank\" rel=\"noopener\"><img loading=\"lazy\" src=\"http:\/\/covecer.cz\/subdom\/kozarov\/wp-content\/uploads\/2020\/12\/logojmk.jpg\" alt=\"\" class=\"wp-image-629\" width=\"367\" height=\"149\" srcset=\"http:\/\/covecer.cz\/subdom\/kozarov\/wp-content\/uploads\/2020\/12\/logojmk.jpg 814w, http:\/\/covecer.cz\/subdom\/kozarov\/wp-content\/uploads\/2020\/12\/logojmk-300x122.jpg 300w, http:\/\/covecer.cz\/subdom\/kozarov\/wp-content\/uploads\/2020\/12\/logojmk-768x312.jpg 768w\" sizes=\"(max-width: 367px) 100vw, 367px\" \/><\/a><\/figure><\/div>\n\n\n\n<p><strong>Poskytovatel:<\/strong>&nbsp;Jihomoravsk\u00fd kraj<br><strong>\u00da\u010del:<\/strong>&nbsp;Po\u0159\u00edzen\u00ed znaku a praporu obce<br><strong>V\u00fd\u0161e dotace:<\/strong>&nbsp;80.000,- K\u010d<br><strong>Datum:<\/strong>&nbsp;12.2018<\/p>\n\n\n\n<!-- default-view.php -->\n<div\n\tclass=\"ngg-galleryoverview default-view \"\n\tid=\"ngg-gallery-60a6b3b2340d5313af5cb9e5c6fd36ae-1\">\n\n\t\t<!-- Thumbnails -->\n\t\t\t\t<div id=\"ngg-image-0\" class=\"ngg-gallery-thumbnail-box \" >\n\t\t\t\t        <div class=\"ngg-gallery-thumbnail\">\n            <a href=\"http:\/\/covecer.cz\/subdom\/kozarov\/wp-content\/gallery\/dotace-prapor-znak\/DSC_0984.jpg\"\n               title=\"\"\n               data-src=\"http:\/\/covecer.cz\/subdom\/kozarov\/wp-content\/gallery\/dotace-prapor-znak\/DSC_0984.jpg\"\n               data-thumbnail=\"http:\/\/covecer.cz\/subdom\/kozarov\/wp-content\/gallery\/dotace-prapor-znak\/thumbs\/thumbs_DSC_0984.jpg\"\n               data-image-id=\"9\"\n               data-title=\"Obecn\u00ed prapor\"\n               data-description=\"\"\n               data-image-slug=\"dsc_0984\"\n               class=\"ngg-simplelightbox\" rel=\"60a6b3b2340d5313af5cb9e5c6fd36ae\">\n                <img\n                    title=\"Obecn\u00ed prapor\"\n                    alt=\"Obecn\u00ed prapor\"\n                    src=\"http:\/\/covecer.cz\/subdom\/kozarov\/wp-content\/gallery\/dotace-prapor-znak\/thumbs\/thumbs_DSC_0984.jpg\"\n                    width=\"240\"\n                    height=\"160\"\n                    style=\"max-width:100%;\"\n                \/>\n            <\/a>\n        <\/div>\n\t\t\t\t\t\t\t<\/div> \n\t\t\t\n\t\t\t\t<div id=\"ngg-image-1\" class=\"ngg-gallery-thumbnail-box \" >\n\t\t\t\t        <div class=\"ngg-gallery-thumbnail\">\n            <a href=\"http:\/\/covecer.cz\/subdom\/kozarov\/wp-content\/gallery\/dotace-prapor-znak\/DSC_0990.jpg\"\n               title=\"\"\n               data-src=\"http:\/\/covecer.cz\/subdom\/kozarov\/wp-content\/gallery\/dotace-prapor-znak\/DSC_0990.jpg\"\n               data-thumbnail=\"http:\/\/covecer.cz\/subdom\/kozarov\/wp-content\/gallery\/dotace-prapor-znak\/thumbs\/thumbs_DSC_0990.jpg\"\n               data-image-id=\"10\"\n               data-title=\"Obecn\u00ed prapor\"\n               data-description=\"\"\n               data-image-slug=\"dsc_0990\"\n               class=\"ngg-simplelightbox\" rel=\"60a6b3b2340d5313af5cb9e5c6fd36ae\">\n                <img\n                    title=\"Obecn\u00ed prapor\"\n                    alt=\"Obecn\u00ed prapor\"\n                    src=\"http:\/\/covecer.cz\/subdom\/kozarov\/wp-content\/gallery\/dotace-prapor-znak\/thumbs\/thumbs_DSC_0990.jpg\"\n                    width=\"240\"\n                    height=\"160\"\n                    style=\"max-width:100%;\"\n                \/>\n            <\/a>\n        <\/div>\n\t\t\t\t\t\t\t<\/div> \n\t\t\t\n\t\t\t\t<div id=\"ngg-image-2\" class=\"ngg-gallery-thumbnail-box \" >\n\t\t\t\t        <div class=\"ngg-gallery-thumbnail\">\n            <a href=\"http:\/\/covecer.cz\/subdom\/kozarov\/wp-content\/gallery\/dotace-prapor-znak\/DSC_0980.jpg\"\n               title=\"\"\n               data-src=\"http:\/\/covecer.cz\/subdom\/kozarov\/wp-content\/gallery\/dotace-prapor-znak\/DSC_0980.jpg\"\n               data-thumbnail=\"http:\/\/covecer.cz\/subdom\/kozarov\/wp-content\/gallery\/dotace-prapor-znak\/thumbs\/thumbs_DSC_0980.jpg\"\n               data-image-id=\"11\"\n               data-title=\"Obecn\u00ed prapor\"\n               data-description=\"\"\n               data-image-slug=\"dsc_0980\"\n               class=\"ngg-simplelightbox\" rel=\"60a6b3b2340d5313af5cb9e5c6fd36ae\">\n                <img\n                    title=\"Obecn\u00ed prapor\"\n                    alt=\"Obecn\u00ed prapor\"\n                    src=\"http:\/\/covecer.cz\/subdom\/kozarov\/wp-content\/gallery\/dotace-prapor-znak\/thumbs\/thumbs_DSC_0980.jpg\"\n                    width=\"240\"\n                    height=\"160\"\n                    style=\"max-width:100%;\"\n                \/>\n            <\/a>\n        <\/div>\n\t\t\t\t\t\t\t<\/div> \n\t\t\t\n\t\n\t<br style=\"clear: both\" \/>\n\n\t\n\t\t<!-- Pagination -->\n\t<div class='ngg-clear'><\/div>\t<\/div>\n\n\n\n\n<hr class=\"wp-block-separator has-text-color has-background is-style-wide\" style=\"background-color:#5f9e45;color:#5f9e45\"\/>\n\n\n\n<h4 class=\"has-text-color\" id=\"block-9c4c5e12-60d4-47b1-bd18-345787f633f7\" style=\"color:#5f9e45\"><br>Dotace SH \u010cMS-SDH Koz\u00e1rov<\/h4>\n\n\n\n<div class=\"wp-block-image is-style-default\"><figure class=\"alignright size-large is-resized\"><a href=\"https:\/\/www.kr-jihomoravsky.cz\/\" target=\"_blank\" rel=\"noopener\"><img loading=\"lazy\" src=\"http:\/\/covecer.cz\/subdom\/kozarov\/wp-content\/uploads\/2020\/12\/logojmk.jpg\" alt=\"\" class=\"wp-image-629\" width=\"359\" height=\"146\" srcset=\"http:\/\/covecer.cz\/subdom\/kozarov\/wp-content\/uploads\/2020\/12\/logojmk.jpg 814w, http:\/\/covecer.cz\/subdom\/kozarov\/wp-content\/uploads\/2020\/12\/logojmk-300x122.jpg 300w, http:\/\/covecer.cz\/subdom\/kozarov\/wp-content\/uploads\/2020\/12\/logojmk-768x312.jpg 768w\" sizes=\"(max-width: 359px) 100vw, 359px\" \/><\/a><\/figure><\/div>\n\n\n\n<p><strong>Poskytovatel:<\/strong>&nbsp;Jihomoravsk\u00fd kraj<br><strong>\u00da\u010del:<\/strong>&nbsp;Po\u0159\u00edzen\u00ed praporu sboru<br><strong>V\u00fd\u0161e dotace:<\/strong>&nbsp;50.000,- K\u010d<br><strong>Datum:<\/strong>&nbsp;12.2018<\/p>\n\n\n\n<!-- default-view.php -->\n<div\n\tclass=\"ngg-galleryoverview default-view \"\n\tid=\"ngg-gallery-aed252589d55f7bf7ba0a9c0338d089d-1\">\n\n\t\t<!-- Thumbnails -->\n\t\t\t\t<div id=\"ngg-image-0\" class=\"ngg-gallery-thumbnail-box \" >\n\t\t\t\t        <div class=\"ngg-gallery-thumbnail\">\n            <a href=\"http:\/\/covecer.cz\/subdom\/kozarov\/wp-content\/gallery\/dotace-prapor-sboru\/DSC_0988.jpg\"\n               title=\"\"\n               data-src=\"http:\/\/covecer.cz\/subdom\/kozarov\/wp-content\/gallery\/dotace-prapor-sboru\/DSC_0988.jpg\"\n               data-thumbnail=\"http:\/\/covecer.cz\/subdom\/kozarov\/wp-content\/gallery\/dotace-prapor-sboru\/thumbs\/thumbs_DSC_0988.jpg\"\n               data-image-id=\"12\"\n               data-title=\"Prapor sboru\"\n               data-description=\"\"\n               data-image-slug=\"dsc_0988\"\n               class=\"ngg-simplelightbox\" rel=\"aed252589d55f7bf7ba0a9c0338d089d\">\n                <img\n                    title=\"Prapor sboru\"\n                    alt=\"Prapor sboru\"\n                    src=\"http:\/\/covecer.cz\/subdom\/kozarov\/wp-content\/gallery\/dotace-prapor-sboru\/thumbs\/thumbs_DSC_0988.jpg\"\n                    width=\"240\"\n                    height=\"160\"\n                    style=\"max-width:100%;\"\n                \/>\n            <\/a>\n        <\/div>\n\t\t\t\t\t\t\t<\/div> \n\t\t\t\n\t\t\t\t<div id=\"ngg-image-1\" class=\"ngg-gallery-thumbnail-box \" >\n\t\t\t\t        <div class=\"ngg-gallery-thumbnail\">\n            <a href=\"http:\/\/covecer.cz\/subdom\/kozarov\/wp-content\/gallery\/dotace-prapor-sboru\/DSC_0989.jpg\"\n               title=\"\"\n               data-src=\"http:\/\/covecer.cz\/subdom\/kozarov\/wp-content\/gallery\/dotace-prapor-sboru\/DSC_0989.jpg\"\n               data-thumbnail=\"http:\/\/covecer.cz\/subdom\/kozarov\/wp-content\/gallery\/dotace-prapor-sboru\/thumbs\/thumbs_DSC_0989.jpg\"\n               data-image-id=\"13\"\n               data-title=\"Prapor sboru\"\n               data-description=\"\"\n               data-image-slug=\"dsc_0989\"\n               class=\"ngg-simplelightbox\" rel=\"aed252589d55f7bf7ba0a9c0338d089d\">\n                <img\n                    title=\"Prapor sboru\"\n                    alt=\"Prapor sboru\"\n                    src=\"http:\/\/covecer.cz\/subdom\/kozarov\/wp-content\/gallery\/dotace-prapor-sboru\/thumbs\/thumbs_DSC_0989.jpg\"\n                    width=\"240\"\n                    height=\"160\"\n                    style=\"max-width:100%;\"\n                \/>\n            <\/a>\n        <\/div>\n\t\t\t\t\t\t\t<\/div> \n\t\t\t\n\t\t\t\t<div id=\"ngg-image-2\" class=\"ngg-gallery-thumbnail-box \" >\n\t\t\t\t        <div class=\"ngg-gallery-thumbnail\">\n            <a href=\"http:\/\/covecer.cz\/subdom\/kozarov\/wp-content\/gallery\/dotace-prapor-sboru\/DSC_0982.jpg\"\n               title=\"\"\n               data-src=\"http:\/\/covecer.cz\/subdom\/kozarov\/wp-content\/gallery\/dotace-prapor-sboru\/DSC_0982.jpg\"\n               data-thumbnail=\"http:\/\/covecer.cz\/subdom\/kozarov\/wp-content\/gallery\/dotace-prapor-sboru\/thumbs\/thumbs_DSC_0982.jpg\"\n               data-image-id=\"14\"\n               data-title=\"Prapor sboru\"\n               data-description=\"\"\n               data-image-slug=\"dsc_0982\"\n               class=\"ngg-simplelightbox\" rel=\"aed252589d55f7bf7ba0a9c0338d089d\">\n                <img\n                    title=\"Prapor sboru\"\n                    alt=\"Prapor sboru\"\n                    src=\"http:\/\/covecer.cz\/subdom\/kozarov\/wp-content\/gallery\/dotace-prapor-sboru\/thumbs\/thumbs_DSC_0982.jpg\"\n                    width=\"240\"\n                    height=\"160\"\n                    style=\"max-width:100%;\"\n                \/>\n            <\/a>\n        <\/div>\n\t\t\t\t\t\t\t<\/div> \n\t\t\t\n\t\n\t<br style=\"clear: both\" \/>\n\n\t\n\t\t<!-- Pagination -->\n\t<div class='ngg-clear'><\/div>\t<\/div>\n\n\n\n\n<hr class=\"wp-block-separator has-text-color has-background is-style-wide\" style=\"background-color:#5f9e45;color:#5f9e45\"\/>\n","protected":false},"excerpt":{"rendered":"<p>Dotace Obec Koz\u00e1rov Poskytovatel:&nbsp;Jihomoravsk\u00fd kraj\u00da\u010del:&nbsp;Po\u0159\u00edzen\u00ed znaku a praporu obceV\u00fd\u0161e dotace:&nbsp;80.000,- K\u010dDatum:&nbsp;12.2018 Dotace SH \u010cMS-SDH Koz\u00e1rov Poskytovatel:&nbsp;Jihomoravsk\u00fd kraj\u00da\u010del:&nbsp;Po\u0159\u00edzen\u00ed praporu sboruV\u00fd\u0161e dotace:&nbsp;50.000,- K\u010dDatum:&nbsp;12.2018<\/p>\n","protected":false},"author":1,"featured_media":0,"parent":0,"menu_order":0,"comment_status":"closed","ping_status":"closed","template":"","meta":{"ngg_post_thumbnail":0},"_links":{"self":[{"href":"http:\/\/covecer.cz\/subdom\/kozarov\/wp-json\/wp\/v2\/pages\/66"}],"collection":[{"href":"http:\/\/covecer.cz\/subdom\/kozarov\/wp-json\/wp\/v2\/pages"}],"about":[{"href":"http:\/\/covecer.cz\/subdom\/kozarov\/wp-json\/wp\/v2\/types\/page"}],"author":[{"embeddable":true,"href":"http:\/\/covecer.cz\/subdom\/kozarov\/wp-json\/wp\/v2\/users\/1"}],"replies":[{"embeddable":true,"href":"http:\/\/covecer.cz\/subdom\/kozarov\/wp-json\/wp\/v2\/comments?post=66"}],"version-history":[{"count":18,"href":"http:\/\/covecer.cz\/subdom\/kozarov\/wp-json\/wp\/v2\/pages\/66\/revisions"}],"predecessor-version":[{"id":659,"href":"http:\/\/covecer.cz\/subdom\/kozarov\/wp-json\/wp\/v2\/pages\/66\/revisions\/659"}],"wp:attachment":[{"href":"http:\/\/covecer.cz\/subdom\/kozarov\/wp-json\/wp\/v2\/media?parent=66"}],"curies":[{"name":"wp","href":"https:\/\/api.w.org\/{rel}","templated":true}]}}