{"id":80,"date":"2020-12-09T09:06:07","date_gmt":"2020-12-09T08:06:07","guid":{"rendered":"http:\/\/covecer.cz\/subdom\/kozarov\/?page_id=80"},"modified":"2020-12-23T15:05:10","modified_gmt":"2020-12-23T14:05:10","slug":"kultura-a-tradice-v-obci","status":"publish","type":"page","link":"http:\/\/covecer.cz\/subdom\/kozarov\/kultura-a-tradice-v-obci\/","title":{"rendered":"Kultura a tradice v obci"},"content":{"rendered":"\n<p>P\u0159esto\u017ee obec Koz\u00e1rov m\u00e1 n\u011bco p\u0159es sto dvacet obyvatel, kulturn\u00ed \u017eivot je zde bohat\u00fd. Nejsiln\u011bj\u0161\u00ed organizac\u00ed jsou hasi\u010di, kte\u0159\u00ed se pod\u00edl\u00ed svoj\u00ed \u010dinnost\u00ed nejv\u00edce na cel\u00e9m d\u011bn\u00ed v\u00a0obci. T\u00fdk\u00e1 se to zejm\u00e9na \u00fa\u010dasti na brig\u00e1d\u00e1ch, \u00fa\u010dasti na r\u016fzn\u00fdch oslav\u00e1ch nebo sout\u011b\u017e\u00edch v\u00a0okoln\u00edch obc\u00edch, tak i po\u0159\u00e1d\u00e1n\u00ed r\u016fzn\u00fdch tane\u010dn\u00edch z\u00e1bav a dal\u0161\u00edch akc\u00edch v\u00a0pr\u016fb\u011bhu cel\u00e9ho roku.<br>Dal\u0161\u00edm v\u00fdznamn\u00fdm spolkem v\u00a0obci je odd\u00edl mal\u00e9 kopan\u00e9. P\u0159\u00edznivci tohoto sportu nav\u0161t\u011bvuj\u00ed v\u00a0hojn\u00e9m po\u010dtu v\u0161echny z\u00e1pasy m\u00edstn\u00edho klubu AC Koz\u00e1rov odehran\u00e9 v\u00a0pr\u016fb\u011bhu cel\u00e9 sez\u00f3ny na m\u00edstn\u00edm fotbalov\u00e9m h\u0159i\u0161ti na Babylon\u011b, \u010d\u00edm\u017e tvo\u0159\u00ed ojedin\u011blou kulisu ka\u017ed\u00e9ho z\u00e1pasu.<br>Mimo tohoto \u017eije obec dal\u0161\u00edmi, dnes ji\u017e pravideln\u00fdmi a za\u017eit\u00fdmi akcemi po dobu cel\u00e9ho roku.<\/p>\n\n\n\n<figure class=\"wp-block-table aligncenter\"><table><tbody><tr><td><strong>Leden :<\/strong><\/td><td>Mysliveck\u00fd ples s\u00a0mysliveckou kuchyn\u00ed a bohatou tombolou<\/td><\/tr><tr><td><strong>Leden \u2013 \u00fanor:<\/strong><\/td><td>Hasi\u010dsk\u00fd ples s\u00a0bohatou tombolou<\/td><\/tr><tr><td><\/td><td>Oslava masopustu s masopustn\u00edm pr\u016fvodem<\/td><\/tr><tr><td><strong>Duben:<\/strong><\/td><td>P\u00e1len\u00ed \u010darod\u011bjnic na kopci Babylon<\/td><\/tr><tr><td><strong>\u010cerven:<\/strong><\/td><td>Oslava dne d\u011bt\u00ed \u2013 den pln\u00fd her nejen pro d\u011bti spojen\u00fd s\u00a0leteck\u00fdm dnem<\/td><\/tr><tr><td><\/td><td>Den rozhleden po\u0159\u00e1dan\u00fd spole\u010dn\u011b s MAS Boskovicko Plus<\/td><\/tr><tr><td><strong>\u010cervenec:<\/strong><\/td><td>V\u00edt\u00e1n\u00ed pr\u00e1zdnin \u2013 z\u00e1bavn\u00fd program pro d\u011bti s\u00a0op\u00e9k\u00e1n\u00edm p\u00e1rk\u016f<\/td><\/tr><tr><td><\/td><td>Spe\u0161l b\u00ed\u010d volejbal \u2013 turnaj sm\u00ed\u0161en\u00fdch trojic v pl\u00e1\u017eov\u00e9m volejbalu<\/td><\/tr><tr><td><\/td><td>Hudebn\u00ed akce ,,NAKOPEC legendary open air \u2013 open air of the deep underground\u201c<\/td><\/tr><tr><td><\/td><td>Pou\u0165 ke sv. Ann\u011b s p\u0159edpou\u0165ovou a pou\u0165ovou z\u00e1bavou a tradi\u010dn\u00edm fotbalov\u00fdm z\u00e1pasem svobodn\u00ed \u2013 \u017eenat\u00ed<\/td><\/tr><tr><td><strong>Srpen:<\/strong><\/td><td>Babylon Cup \u2013 turnaj v\u00a0mal\u00e9 kopan\u00e9<\/td><\/tr><tr><td><\/td><td>Counry b\u00e1l<\/td><\/tr><tr><td><strong>Z\u00e1\u0159\u00ed:<\/strong><\/td><td>Krojovan\u00e9 hody s hodovou z\u00e1bavou, ortelem a soudem berana, kter\u00fd to\u00a0v\u0161echno zavinil<\/td><\/tr><tr><td><strong>\u0158\u00edjen:<\/strong><\/td><td>Draki\u00e1da na rozhledn\u011b \u2013 z\u00e1bavn\u00e9 odpoledne nejenom pro d\u011bti<\/td><\/tr><tr><td><\/td><td>Zab\u00edja\u010dka na rozhledn\u011b s\u00a0mo\u017enost\u00ed ochutn\u00e1n\u00ed zab\u00edja\u010dkov\u00fdch specialit<\/td><\/tr><tr><td><\/td><td>Mezin\u00e1rodn\u00ed sraz p\u0159\u00edznivc\u016f voz\u016f Land Rover<\/td><\/tr><tr><td><\/td><td>Hubertova j\u00edzda s honem na li\u0161ku<\/td><\/tr><tr><td><\/td><td>Lampionov\u00fd pr\u016fvod na rozhlednu<\/td><\/tr><tr><td><strong>Listopad:<\/strong><\/td><td>Slavnostn\u00ed rozsv\u00edcen\u00ed v\u00e1no\u010dn\u00edho stromu na n\u00e1vsi s oh\u0148ostrojem<\/td><\/tr><tr><td><strong>Prosinec:<\/strong><\/td><td>V\u00e1no\u010dn\u00ed turnaj ve stoln\u00edm tenise<\/td><\/tr><\/tbody><\/table><\/figure>\n","protected":false},"excerpt":{"rendered":"<p>P\u0159esto\u017ee obec Koz\u00e1rov m\u00e1 n\u011bco p\u0159es sto dvacet obyvatel, kulturn\u00ed \u017eivot je zde bohat\u00fd. Nejsiln\u011bj\u0161\u00ed organizac\u00ed jsou hasi\u010di, kte\u0159\u00ed se pod\u00edl\u00ed svoj\u00ed \u010dinnost\u00ed nejv\u00edce na&hellip;<\/p>\n","protected":false},"author":1,"featured_media":0,"parent":0,"menu_order":0,"comment_status":"closed","ping_status":"closed","template":"","meta":{"ngg_post_thumbnail":0},"_links":{"self":[{"href":"http:\/\/covecer.cz\/subdom\/kozarov\/wp-json\/wp\/v2\/pages\/80"}],"collection":[{"href":"http:\/\/covecer.cz\/subdom\/kozarov\/wp-json\/wp\/v2\/pages"}],"about":[{"href":"http:\/\/covecer.cz\/subdom\/kozarov\/wp-json\/wp\/v2\/types\/page"}],"author":[{"embeddable":true,"href":"http:\/\/covecer.cz\/subdom\/kozarov\/wp-json\/wp\/v2\/users\/1"}],"replies":[{"embeddable":true,"href":"http:\/\/covecer.cz\/subdom\/kozarov\/wp-json\/wp\/v2\/comments?post=80"}],"version-history":[{"count":3,"href":"http:\/\/covecer.cz\/subdom\/kozarov\/wp-json\/wp\/v2\/pages\/80\/revisions"}],"predecessor-version":[{"id":1815,"href":"http:\/\/covecer.cz\/subdom\/kozarov\/wp-json\/wp\/v2\/pages\/80\/revisions\/1815"}],"wp:attachment":[{"href":"http:\/\/covecer.cz\/subdom\/kozarov\/wp-json\/wp\/v2\/media?parent=80"}],"curies":[{"name":"wp","href":"https:\/\/api.w.org\/{rel}","templated":true}]}}