{"id":82,"date":"2020-12-09T09:06:36","date_gmt":"2020-12-09T08:06:36","guid":{"rendered":"http:\/\/covecer.cz\/subdom\/kozarov\/?page_id=82"},"modified":"2020-12-23T15:00:14","modified_gmt":"2020-12-23T14:00:14","slug":"koupaliste-pozarni-nadrz","status":"publish","type":"page","link":"http:\/\/covecer.cz\/subdom\/kozarov\/koupaliste-pozarni-nadrz\/","title":{"rendered":"Koupali\u0161t\u011b (po\u017e\u00e1rn\u00ed n\u00e1dr\u017e)"},"content":{"rendered":"\n<h4>V\u00edce\u00fa\u010delov\u00e1 po\u017e\u00e1rn\u00ed n\u00e1dr\u017e \u2013 koupali\u0161t\u011b<\/h4>\n\n\n\n<p>V\u00edce\u00fa\u010delov\u00e1 po\u017e\u00e1rn\u00ed n\u00e1dr\u017e se nach\u00e1z\u00ed ve spodn\u00ed \u010d\u00e1sti obce. Jej\u00ed vznik se datuje k roku 1975. Pr\u00e1v\u011b v\u00a0tento rok byla slavnostn\u011b otev\u0159ena prodejna sm\u00ed\u0161en\u00e9ho zbo\u017e\u00ed, kter\u00e1 se nach\u00e1z\u00ed na n\u00e1vsi. Pr\u00e1v\u011b v\u00a0tomto m\u00edst\u011b st\u00e1val rybn\u00edk, kter\u00fd musel v\u00fdstavb\u011b nov\u00e9ho obchodu, kter\u00fd doposud v obci chyb\u011bl,\u00a0ustoupit. Proto asi o 100 metr\u016f n\u00ed\u017ee pod obc\u00ed byla nejprve vyhrnuta j\u00e1ma o rozm\u011brech 16\u00a0x\u00a023\u00a0m tak, aby do\u0161lo k slehnut\u00ed zeminy pro stavbu nov\u00e9 po\u017e\u00e1rn\u00ed n\u00e1dr\u017ee. Tyto zemn\u00ed pr\u00e1ce byly zapo\u010daty u\u017e v roce 1973 s t\u00edm, \u017ee jako po\u017e\u00e1rn\u00ed n\u00e1dr\u017e slou\u017eila tato j\u00e1ma jako provizorn\u00ed, do n\u00ed\u017e byla svedena voda, aby byla pro p\u0159\u00edpad po\u017e\u00e1ru alespo\u0148 n\u011bjak\u00e1 z\u00e1soba. V roce 1974 bylo zapo\u010dato s\u00a0v\u00fdstavbou betonov\u00e9 n\u00e1dr\u017ee. Stavba byla zam\u011b\u0159ena a pozemky vykoupeny od st\u00e1vaj\u00edc\u00edch vlastn\u00edk\u016f pana Josefa \u0160pa\u010dka a Franti\u0161ka Sedl\u00e1\u010dka.<br>N\u00e1dr\u017e m\u00e1 rozm\u011bry 23 x 16 m s t\u00edm, \u017ee men\u0161\u00ed polovina je hlubok\u00e1 asi 0,5-1m postupn\u011b se m\u00edrn\u011b sva\u017euj\u00edc\u00ed od schodk\u016f sm\u011brem k hlubok\u00e9 (2m). Ze t\u0159\u00ed stran je po obvodu polo\u017eena dla\u017eba.<br>S postupem \u010dasu doch\u00e1zelo k posunu panel\u016f tvo\u0159\u00edc\u00edch st\u011bny n\u00e1dr\u017ee a prask\u00e1n\u00ed obvodov\u00e9ho v\u011bnce. Za\u00a0t\u00edmto \u00fa\u010delem se obec rozhodla prov\u00e9st celkovou rekonstrukci. V z\u00e1\u0159\u00ed \u2013 listopadu roku 2004 byla provedena firmou Starstav-Sanace, s.r.o. tato rekonstrukce v hodnot\u011b 802.tis. K\u010d.<br>\u010c\u00e1stka ve v\u00fd\u0161i 400 tis. K\u010d byla poskytnuta formou dotace prost\u0159ednictv\u00edm Ministerstva pro m\u00edstn\u00ed rozvoj jako odm\u011bna za z\u00edsk\u00e1n\u00ed titulu ,,Modr\u00e1 stuha\u201c v sout\u011b\u017ei ,,Vesnice roku 2004\u201c Jihomoravsk\u00e9ho kraje.<br>O tuto po\u017e\u00e1rn\u00ed n\u00e1dr\u017e se poctiv\u011b star\u00e1 m\u00edstn\u00ed spolek SDH Koz\u00e1rov, kter\u00fd pravideln\u011b rok co rok tuto n\u00e1dr\u017e \u010dist\u00ed a udr\u017euje ji tak, aby byla p\u0159ipravena pro hork\u00e9 letn\u00ed dny, kdy tu najde p\u0159\u00edjemn\u00e9 osv\u011b\u017een\u00ed mnoho vyznava\u010d\u016f vodn\u00edch radov\u00e1nek.<\/p>\n\n\n\n<figure class=\"wp-block-image alignwide size-large is-style-rounded\"><img loading=\"lazy\" width=\"1024\" height=\"555\" src=\"http:\/\/covecer.cz\/subdom\/kozarov\/wp-content\/uploads\/2020\/12\/koupaliste-1024x555.jpg\" alt=\"\" class=\"wp-image-851\" srcset=\"http:\/\/covecer.cz\/subdom\/kozarov\/wp-content\/uploads\/2020\/12\/koupaliste-1024x555.jpg 1024w, http:\/\/covecer.cz\/subdom\/kozarov\/wp-content\/uploads\/2020\/12\/koupaliste-300x163.jpg 300w, http:\/\/covecer.cz\/subdom\/kozarov\/wp-content\/uploads\/2020\/12\/koupaliste-768x416.jpg 768w, http:\/\/covecer.cz\/subdom\/kozarov\/wp-content\/uploads\/2020\/12\/koupaliste-1536x833.jpg 1536w, http:\/\/covecer.cz\/subdom\/kozarov\/wp-content\/uploads\/2020\/12\/koupaliste.jpg 2048w\" sizes=\"(max-width: 1024px) 100vw, 1024px\" \/><\/figure>\n","protected":false},"excerpt":{"rendered":"<p>V\u00edce\u00fa\u010delov\u00e1 po\u017e\u00e1rn\u00ed n\u00e1dr\u017e \u2013 koupali\u0161t\u011b V\u00edce\u00fa\u010delov\u00e1 po\u017e\u00e1rn\u00ed n\u00e1dr\u017e se nach\u00e1z\u00ed ve spodn\u00ed \u010d\u00e1sti obce. Jej\u00ed vznik se datuje k roku 1975. Pr\u00e1v\u011b v\u00a0tento rok byla&hellip;<\/p>\n","protected":false},"author":1,"featured_media":0,"parent":0,"menu_order":0,"comment_status":"closed","ping_status":"closed","template":"","meta":{"ngg_post_thumbnail":0},"_links":{"self":[{"href":"http:\/\/covecer.cz\/subdom\/kozarov\/wp-json\/wp\/v2\/pages\/82"}],"collection":[{"href":"http:\/\/covecer.cz\/subdom\/kozarov\/wp-json\/wp\/v2\/pages"}],"about":[{"href":"http:\/\/covecer.cz\/subdom\/kozarov\/wp-json\/wp\/v2\/types\/page"}],"author":[{"embeddable":true,"href":"http:\/\/covecer.cz\/subdom\/kozarov\/wp-json\/wp\/v2\/users\/1"}],"replies":[{"embeddable":true,"href":"http:\/\/covecer.cz\/subdom\/kozarov\/wp-json\/wp\/v2\/comments?post=82"}],"version-history":[{"count":4,"href":"http:\/\/covecer.cz\/subdom\/kozarov\/wp-json\/wp\/v2\/pages\/82\/revisions"}],"predecessor-version":[{"id":1816,"href":"http:\/\/covecer.cz\/subdom\/kozarov\/wp-json\/wp\/v2\/pages\/82\/revisions\/1816"}],"wp:attachment":[{"href":"http:\/\/covecer.cz\/subdom\/kozarov\/wp-json\/wp\/v2\/media?parent=82"}],"curies":[{"name":"wp","href":"https:\/\/api.w.org\/{rel}","templated":true}]}}