{"id":84,"date":"2020-12-09T09:06:57","date_gmt":"2020-12-09T08:06:57","guid":{"rendered":"http:\/\/covecer.cz\/subdom\/kozarov\/?page_id=84"},"modified":"2020-12-23T14:58:13","modified_gmt":"2020-12-23T13:58:13","slug":"fotbalove-hriste","status":"publish","type":"page","link":"http:\/\/covecer.cz\/subdom\/kozarov\/fotbalove-hriste\/","title":{"rendered":"Fotbalov\u00e9 h\u0159i\u0161t\u011b"},"content":{"rendered":"\n<div class=\"wp-block-image is-style-default\"><figure class=\"alignright size-large is-resized\"><img loading=\"lazy\" src=\"http:\/\/covecer.cz\/subdom\/kozarov\/wp-content\/uploads\/2020\/12\/P1010011.jpg\" alt=\"\" class=\"wp-image-844\" width=\"512\" height=\"384\" srcset=\"http:\/\/covecer.cz\/subdom\/kozarov\/wp-content\/uploads\/2020\/12\/P1010011.jpg 1024w, http:\/\/covecer.cz\/subdom\/kozarov\/wp-content\/uploads\/2020\/12\/P1010011-300x225.jpg 300w, http:\/\/covecer.cz\/subdom\/kozarov\/wp-content\/uploads\/2020\/12\/P1010011-768x576.jpg 768w\" sizes=\"(max-width: 512px) 100vw, 512px\" \/><\/figure><\/div>\n\n\n\n<p>Na Koz\u00e1rov\u011b m\u00e1 fotbal ji\u017e dlouhou tradici. To jsou slova ka\u017ed\u00e9ho pam\u011btn\u00edka, kdy\u017e se \u0159e\u010d oto\u010d\u00ed ke\u00a0kopan\u00e9. D\u0159\u00edve v\u00a0obci nebyla \u017e\u00e1dn\u00e1 plocha, kter\u00e1 by alespo\u0148 trochu spl\u0148ovala podm\u00ednky h\u0159i\u0161t\u011b. Hr\u00e1valo se nejd\u0159\u00edve za krav\u00ednem, kde byla u Horky mal\u00e1 lou\u010dka a kde bylo mo\u017eno po sklizni sena hr\u00e1t fotbal. Branky byly zhotoveny z\u00a0r\u00e1hen na\u0159ezan\u00fdch ve zm\u00edn\u011bn\u00e9 p\u0159ilehl\u00e9 Horce. Pokrokem v\u00a0tomto sportu bylo h\u0159i\u0161t\u011b v\u00a0lokalit\u011b Ob\u010dina. Byla to zase louka v\u00a0lese mezi obcemi Koz\u00e1rov a Strha\u0159e. P\u0159esto\u017ee se sva\u017eovala ke Strha\u0159\u016fm, byli jsme v\u0161ichni \u0161\u0165astn\u00ed, \u017ee m\u00e1me kde hr\u00e1t. Tak\u017ee se ob\u010das stalo, \u017ee v\u00a0p\u0159\u00edpad\u011b autu se m\u00ed\u010d kut\u00e1lel lesem a\u017e nad Strha\u0159e. P\u0159esto ned\u011bli co ned\u011bli proudily davy p\u0159\u00edznivc\u016f kopan\u00e9 z\u00a0Koz\u00e1rova i z\u00a0Kun\u010diny Vsi do Ob\u010diny, kde se hr\u00e1l fotbalov\u00fd ma\u010d. Velik\u00e9 zklam\u00e1n\u00ed bylo pro v\u0161echny, kdy\u017e jsme jednu ned\u011bli do\u0161li na fotbal a zjistili, \u017ee je h\u0159i\u0161t\u011b rozoran\u00e9. Majitel tohoto pozemku ho rozoral a\u00a0zasadil tam lesn\u00ed stromky. T\u00edm skon\u010dila \u00e9ra koz\u00e1rovsk\u00e9ho fotbalu v\u00a0Ob\u010din\u011b. Ml\u00e1de\u017e se p\u0159est\u011bhovala znovu za m\u00edstn\u00ed krav\u00edn, ale u\u017e to nebylo ono. Obrat nastal v\u00a0roce 1974, kdy se z\u00e1sluhou p\u0159edstavitel\u016f tehdej\u0161\u00edho m\u00edstn\u00edho n\u00e1rodn\u00edho v\u00fdboru poda\u0159ilo zajistit buldozer a vyhrnout plochu nad obc\u00ed mezi lesn\u00edmi stromy na kopci Babylon. Sem byla navezena hl\u00edna, nebo\u0165 skalnat\u00fd podklad byl\u00a0nejm\u00e9n\u011b vhodn\u00fd. Tuto hl\u00ednu chodila m\u00edstn\u00ed ml\u00e1de\u017e po vyu\u010dov\u00e1n\u00ed rozhrnovat a rozhrabovat. Nakonec bylo toto h\u0159i\u0161t\u011b oseto travn\u00edm semenem a vybudov\u00e1ny pracovn\u00edky zem\u011bd\u011blsk\u00e9ho dru\u017estva Lysice\u00a0\u2013\u00a0d\u00edlna Bed\u0159ichov, kovov\u00e9 branky. T\u00edm byly polo\u017eeny z\u00e1klady nov\u00e9 fotbalov\u00e9 \u00e9ry v\u00a0Koz\u00e1rov\u011b. V\u00a0roce 1993 byla po\u0159\u00edzena stavebn\u00ed bu\u0148ka, kter\u00e1 slou\u017e\u00ed jako z\u00e1zem\u00ed pro fotbalov\u00e1 utk\u00e1n\u00ed. V\u00a0roce 1998 byl partou senior\u016f p\u0159istav\u011bn u t\u00e9to bu\u0148ky d\u0159ev\u011bn\u00fd p\u0159\u00edst\u0159e\u0161ek, kter\u00fd slou\u017e\u00ed jako z\u00e1zem\u00ed obsluhy s\u00a0ob\u010derstven\u00edm. V\u00a0roce 1999 byl v\u00a0horn\u00ed \u010d\u00e1sti h\u0159i\u0161t\u011b nainstalov\u00e1n n\u00e1pis AC KOZ\u00c1ROV. V\u00a0roce 2001 byla na h\u0159i\u0161t\u011b p\u0159ivedena voda a elektrick\u00e1 energie z\u00a0nedalek\u00e9ho obecn\u00edho vodojemu.<\/p>\n\n\n\n<div class=\"wp-block-image is-style-default\"><figure class=\"alignleft size-large is-resized\"><img loading=\"lazy\" src=\"http:\/\/covecer.cz\/subdom\/kozarov\/wp-content\/uploads\/2020\/12\/P1010465.jpg\" alt=\"\" class=\"wp-image-848\" width=\"512\" height=\"384\" srcset=\"http:\/\/covecer.cz\/subdom\/kozarov\/wp-content\/uploads\/2020\/12\/P1010465.jpg 1024w, http:\/\/covecer.cz\/subdom\/kozarov\/wp-content\/uploads\/2020\/12\/P1010465-300x225.jpg 300w, http:\/\/covecer.cz\/subdom\/kozarov\/wp-content\/uploads\/2020\/12\/P1010465-768x576.jpg 768w\" sizes=\"(max-width: 512px) 100vw, 512px\" \/><\/figure><\/div>\n\n\n\n<p>Vzhledem k&nbsp;tomu, \u017ee na spodn\u00ed \u010d\u00e1st se nav\u00e1\u017eela postupn\u011b nav\u00e1\u017eka, doch\u00e1zelo k&nbsp;sed\u00e1n\u00ed zeminy a t\u00edm p\u00e1dem k&nbsp;nerovnosti. Z&nbsp;tohoto d\u016fvodu bylo rozhodnuto o gener\u00e1ln\u00ed oprav\u011b tohoto h\u0159i\u0161t\u011b.<\/p>\n\n\n\n<p>Pr\u00e1ce zapo\u010daly v&nbsp;m\u011bs\u00edci srpnu 2004 s&nbsp;t\u00edm, \u017ee byla odstran\u011bna vrchn\u00ed ,,\u00farodn\u00e1\u201c vrstva ornice, povrch srovn\u00e1n a tato navezena zp\u011bt v\u010detn\u011b ornice nov\u00e9. Po obou stran\u00e1ch byly vybudov\u00e1ny lavi\u010dky. Rovn\u011b\u017e byly za ob\u011bma brankami a v&nbsp;\u010d\u00e1sti od obce Koz\u00e1rov vzty\u010deny sto\u017e\u00e1ry se s\u00edt\u011bmi. Opraveny byly tak\u00e9 ob\u011b branky a opat\u0159eny nov\u00fdmi s\u00edt\u011bmi. Celkov\u00e9 n\u00e1klady na tuto opravu \u010dinily 174.139,70 K\u010d, p\u0159i\u010dem\u017e Jihomoravsk\u00fd kraj poskytl v&nbsp;r\u00e1mci programu rozvoje venkova dotaci ve v\u00fd\u0161i 100.000,- K\u010d.<\/p>\n\n\n\n<p>V&nbsp;roce 2008 bylo vybudov\u00e1no ozvu\u010den\u00ed h\u0159i\u0161t\u011b a od roku 2010 jsou hr\u00e1\u010d\u016fm k&nbsp;dispozici \u0161atny v&nbsp;nedalek\u00e9 budov\u011b u rozhledny.<\/p>\n\n\n\n<p>H\u0159i\u0161t\u011b je pln\u011b vyu\u017e\u00edv\u00e1no k&nbsp;nejr\u016fzn\u011bj\u0161\u00edm sportovn\u00edm kl\u00e1n\u00edm, zejm\u00e9na pak m\u00edstn\u00edm odd\u00edlem mal\u00e9 kopan\u00e9 AC Koz\u00e1rov, kter\u00fd zde po\u0159\u00e1d\u00e1 mimo jin\u00e9ho ka\u017edoro\u010dn\u011b fotbalov\u00fd turnaj Babylon Cup.<\/p>\n\n\n\n<p>Kvalitou toto h\u0159i\u0161t\u011b pat\u0159\u00ed k&nbsp;nejlep\u0161\u00edm a fotbalisty nejuzn\u00e1van\u011bj\u0161\u00edm ploch\u00e1m tohoto druhu v&nbsp;r\u00e1mci okresu Blansko.<\/p>\n","protected":false},"excerpt":{"rendered":"<p>Na Koz\u00e1rov\u011b m\u00e1 fotbal ji\u017e dlouhou tradici. To jsou slova ka\u017ed\u00e9ho pam\u011btn\u00edka, kdy\u017e se \u0159e\u010d oto\u010d\u00ed ke\u00a0kopan\u00e9. D\u0159\u00edve v\u00a0obci nebyla \u017e\u00e1dn\u00e1 plocha, kter\u00e1 by alespo\u0148&hellip;<\/p>\n","protected":false},"author":1,"featured_media":0,"parent":0,"menu_order":0,"comment_status":"closed","ping_status":"closed","template":"","meta":{"ngg_post_thumbnail":0},"_links":{"self":[{"href":"http:\/\/covecer.cz\/subdom\/kozarov\/wp-json\/wp\/v2\/pages\/84"}],"collection":[{"href":"http:\/\/covecer.cz\/subdom\/kozarov\/wp-json\/wp\/v2\/pages"}],"about":[{"href":"http:\/\/covecer.cz\/subdom\/kozarov\/wp-json\/wp\/v2\/types\/page"}],"author":[{"embeddable":true,"href":"http:\/\/covecer.cz\/subdom\/kozarov\/wp-json\/wp\/v2\/users\/1"}],"replies":[{"embeddable":true,"href":"http:\/\/covecer.cz\/subdom\/kozarov\/wp-json\/wp\/v2\/comments?post=84"}],"version-history":[{"count":4,"href":"http:\/\/covecer.cz\/subdom\/kozarov\/wp-json\/wp\/v2\/pages\/84\/revisions"}],"predecessor-version":[{"id":850,"href":"http:\/\/covecer.cz\/subdom\/kozarov\/wp-json\/wp\/v2\/pages\/84\/revisions\/850"}],"wp:attachment":[{"href":"http:\/\/covecer.cz\/subdom\/kozarov\/wp-json\/wp\/v2\/media?parent=84"}],"curies":[{"name":"wp","href":"https:\/\/api.w.org\/{rel}","templated":true}]}}