{"id":86,"date":"2020-12-09T09:07:17","date_gmt":"2020-12-09T08:07:17","guid":{"rendered":"http:\/\/covecer.cz\/subdom\/kozarov\/?page_id=86"},"modified":"2020-12-23T14:55:08","modified_gmt":"2020-12-23T13:55:08","slug":"plazove-hriste","status":"publish","type":"page","link":"http:\/\/covecer.cz\/subdom\/kozarov\/plazove-hriste\/","title":{"rendered":"Pl\u00e1\u017eov\u00e9 h\u0159i\u0161t\u011b"},"content":{"rendered":"\n<p>Pl\u00e1\u017eov\u00e9 h\u0159i\u0161t\u011b se nach\u00e1z\u00ed v&nbsp;t\u011bsn\u00e9 bl\u00edzkosti v\u00edce\u00fa\u010delov\u00e9 po\u017e\u00e1rn\u00ed n\u00e1dr\u017ee ve spodn\u00ed \u010d\u00e1sti obce. P\u016fvodn\u011b zde byla plocha, kter\u00e1 byla urovn\u00e1na a pokryta pros\u00edvkou. V&nbsp;roce 2005 byla Ministerstvem pro m\u00edstn\u00ed rozvoj z&nbsp;Programu obnovy venkova poskytnuta dotace ve v\u00fd\u0161i 120.000,- K\u010d jako odm\u011bna za obdr\u017een\u00ed ,,B\u00edl\u00e9 stuhy\u201c v&nbsp;sout\u011b\u017ei ,,Vesnice roku.\u201c V&nbsp;\u010dervnu tohoto roku byly zah\u00e1jeny pr\u00e1ce na \u00faprav\u011b tohoto h\u0159i\u0161t\u011b. Byla provedena v\u00fdstavba op\u011brn\u00e9 zdi od po\u017e\u00e1rn\u00ed zbrojnice, osazen\u00ed obrubn\u00edk\u016f, odvodn\u011bn\u00ed dren\u00e1\u017e\u00ed, dobudov\u00e1n\u00ed oplocen\u00ed s\u00edt\u011bmi a p\u0159\u00edprava kufru pro p\u00edskov\u00fd povrch. Tyto pr\u00e1ce prov\u00e1d\u011bla firma&nbsp;A-Z Stavitelstv\u00ed s.r.o.Lysice. Sl\u00e9v\u00e1rensk\u00fd p\u00edsek dodala firma Moravsk\u00e9 keramick\u00e9 z\u00e1vody a.s.&nbsp;R\u00e1jec&nbsp;\u2013&nbsp;Jest\u0159eb\u00ed.<\/p>\n\n\n\n<p>V\u00a0sou\u010dasn\u00e9 dob\u011b slou\u017e\u00ed toto h\u0159i\u0161t\u011b v\u0161em n\u00e1v\u0161t\u011bvn\u00edk\u016fm, kte\u0159\u00ed maj\u00ed chu\u0165 si zahr\u00e1t volejbal, nebo se\u00a0z\u00fa\u010dastnit dnes ji\u017e tradi\u010dn\u00edho ,,Spe\u0161l b\u00ed\u010d volejbalu,\u201c turnaje sm\u00ed\u0161en\u00fdch trojic, kter\u00fd se kon\u00e1 v\u00a0m\u011bs\u00edci \u010dervenci.<\/p>\n\n\n\n<div class=\"wp-block-image is-style-rounded\"><figure class=\"aligncenter size-large\"><img loading=\"lazy\" width=\"640\" height=\"480\" src=\"http:\/\/covecer.cz\/subdom\/kozarov\/wp-content\/uploads\/2020\/12\/Plazove-hriste.jpg\" alt=\"\" class=\"wp-image-841\" srcset=\"http:\/\/covecer.cz\/subdom\/kozarov\/wp-content\/uploads\/2020\/12\/Plazove-hriste.jpg 640w, http:\/\/covecer.cz\/subdom\/kozarov\/wp-content\/uploads\/2020\/12\/Plazove-hriste-300x225.jpg 300w\" sizes=\"(max-width: 640px) 100vw, 640px\" \/><\/figure><\/div>\n","protected":false},"excerpt":{"rendered":"<p>Pl\u00e1\u017eov\u00e9 h\u0159i\u0161t\u011b se nach\u00e1z\u00ed v&nbsp;t\u011bsn\u00e9 bl\u00edzkosti v\u00edce\u00fa\u010delov\u00e9 po\u017e\u00e1rn\u00ed n\u00e1dr\u017ee ve spodn\u00ed \u010d\u00e1sti obce. P\u016fvodn\u011b zde byla plocha, kter\u00e1 byla urovn\u00e1na a pokryta pros\u00edvkou. V&nbsp;roce 2005&hellip;<\/p>\n","protected":false},"author":1,"featured_media":0,"parent":0,"menu_order":0,"comment_status":"closed","ping_status":"closed","template":"","meta":{"ngg_post_thumbnail":0},"_links":{"self":[{"href":"http:\/\/covecer.cz\/subdom\/kozarov\/wp-json\/wp\/v2\/pages\/86"}],"collection":[{"href":"http:\/\/covecer.cz\/subdom\/kozarov\/wp-json\/wp\/v2\/pages"}],"about":[{"href":"http:\/\/covecer.cz\/subdom\/kozarov\/wp-json\/wp\/v2\/types\/page"}],"author":[{"embeddable":true,"href":"http:\/\/covecer.cz\/subdom\/kozarov\/wp-json\/wp\/v2\/users\/1"}],"replies":[{"embeddable":true,"href":"http:\/\/covecer.cz\/subdom\/kozarov\/wp-json\/wp\/v2\/comments?post=86"}],"version-history":[{"count":4,"href":"http:\/\/covecer.cz\/subdom\/kozarov\/wp-json\/wp\/v2\/pages\/86\/revisions"}],"predecessor-version":[{"id":1817,"href":"http:\/\/covecer.cz\/subdom\/kozarov\/wp-json\/wp\/v2\/pages\/86\/revisions\/1817"}],"wp:attachment":[{"href":"http:\/\/covecer.cz\/subdom\/kozarov\/wp-json\/wp\/v2\/media?parent=86"}],"curies":[{"name":"wp","href":"https:\/\/api.w.org\/{rel}","templated":true}]}}