{"id":92,"date":"2020-12-09T09:09:55","date_gmt":"2020-12-09T08:09:55","guid":{"rendered":"http:\/\/covecer.cz\/subdom\/kozarov\/?page_id=92"},"modified":"2020-12-23T15:32:21","modified_gmt":"2020-12-23T14:32:21","slug":"hasici","status":"publish","type":"page","link":"http:\/\/covecer.cz\/subdom\/kozarov\/hasici\/","title":{"rendered":"Hasi\u010di"},"content":{"rendered":"\n<div class=\"wp-block-image is-style-default\"><figure class=\"alignleft size-large is-resized\"><img loading=\"lazy\" src=\"http:\/\/covecer.cz\/subdom\/kozarov\/wp-content\/uploads\/2020\/12\/SDH_Kozarov_Hasici-725x1024.png\" alt=\"\" class=\"wp-image-687\" width=\"181\" height=\"256\" srcset=\"http:\/\/covecer.cz\/subdom\/kozarov\/wp-content\/uploads\/2020\/12\/SDH_Kozarov_Hasici-725x1024.png 725w, http:\/\/covecer.cz\/subdom\/kozarov\/wp-content\/uploads\/2020\/12\/SDH_Kozarov_Hasici-213x300.png 213w, http:\/\/covecer.cz\/subdom\/kozarov\/wp-content\/uploads\/2020\/12\/SDH_Kozarov_Hasici-768x1084.png 768w, http:\/\/covecer.cz\/subdom\/kozarov\/wp-content\/uploads\/2020\/12\/SDH_Kozarov_Hasici.png 850w\" sizes=\"(max-width: 181px) 100vw, 181px\" \/><\/figure><\/div>\n\n\n\n<p class=\"has-text-align-left\"><strong>Velitel SDH Koz\u00e1rov:<\/strong> Jan Sedl\u00e1\u010dek<\/p>\n\n\n\n<h4>Z historie<\/h4>\n\n\n\n<p>Ji\u017e v minulosti, a to p\u0159edev\u0161\u00edm p\u0159ed 1. sv\u011btovou v\u00e1lkou, kdy nebylo techniky a zp\u016fsob\u016f, jak zabr\u00e1nit na&nbsp;vesnic\u00edch p\u0159\u00edrodn\u00edm katastrof\u00e1m, kter\u00e9 byly zap\u0159\u00ed\u010din\u011bny po\u017e\u00e1rem, se oz\u00fdvaly hlasy o zalo\u017een\u00ed po\u017e\u00e1rn\u00edho sboru. Nejv\u00fdznamn\u011bj\u0161\u00edm okam\u017eikem Sboru dobrovoln\u00fdch hasi\u010d\u016f v&nbsp;Koz\u00e1rov\u011b se proto stal 1.leden 1928, kdy byl tento sbor zalo\u017een. P\u0159ihl\u00e1silo se 22 \u010dinn\u00fdch a 12 p\u0159isp\u00edvaj\u00edc\u00edch \u010dlen\u016f. Starostou sboru byl zvolen Josef Buben\u00edk z \u010d.p. 15<br>Hned n\u00e1sleduj\u00edc\u00edho roku, 1929, obecn\u00ed zastupitelstvo darovalo hasi\u010dsk\u00e9mu sboru obnos 215,24 koruny na&nbsp;po\u0159\u00edzen\u00ed hasi\u010dsk\u00e9 v\u00fdzbroje. Za \u010d\u00e1stku 12 000 korun na n\u00e1klady obce byla po\u0159\u00edzena \u010dty\u0159kolov\u00e1 ru\u010dn\u00ed st\u0159\u00edka\u010dka od sboru z Ro\u017e\u00ednky. V\u00fdzbroj od firmy Hr\u010dek za 5 000 korun a&nbsp;140 m hadic z hasi\u010dsk\u00fdch z\u00e1vod\u016f za&nbsp;3 000 korun dokoupil sbor pozd\u011bji. Jako hasi\u010dsk\u00e9 skladi\u0161t\u011b slou\u017eila vypr\u00e1zdn\u011bn\u00e1 stodola v \u010d.p. 29. T\u00e9ho\u017e roku koupil sbor d\u016fm v \u010d.p. 18 ( budovu dne\u0161n\u00edho kulturn\u00edho domu), ve kter\u00e9m b\u00fdval obchod Marie Halouzkov\u00e9, kter\u00fd p\u0159i\u0161el do z\u00e1klad\u016f zbo\u0159it a na jeho m\u00edst\u011b byla postavena nov\u00e1 spolkov\u00e1 m\u00edstnost a&nbsp;hasi\u010dsk\u00e9 skladi\u0161t\u011b. Pr\u00e1ce byly prov\u00e1d\u011bny p\u0159ev\u00e1\u017en\u011b zdarma. Na zvl\u00e1dnut\u00ed v\u0161ech t\u011bchto v\u00fddaj\u016f, kter\u00e9 hasi\u010dsky sbor m\u011bl, vyp\u016fj\u010dil \u010d\u00e1stku 30 000 korun ve Velk\u00e9 B\u00edte\u0161i. Dluh potom spl\u00e1cel&nbsp;ze z\u00e1bav, divadel a&nbsp;v\u00fdlet\u016f. Prvn\u00ed v\u00fdlet po\u0159\u00e1dal sbor v roce 1928 v zahrad\u011b u Dou\u0161k\u016f v \u010d.p. 9&nbsp; a&nbsp;prvn\u00ed hasi\u010dsk\u00fd ples prob\u011bhl 13.&nbsp;ledna 1929.<\/p>\n\n\n\n<div class=\"wp-block-image is-style-default\"><figure class=\"alignright size-large is-resized\"><img loading=\"lazy\" src=\"http:\/\/covecer.cz\/subdom\/kozarov\/wp-content\/uploads\/2020\/12\/08-1024x755.jpg\" alt=\"\" class=\"wp-image-689\" width=\"768\" height=\"566\" srcset=\"http:\/\/covecer.cz\/subdom\/kozarov\/wp-content\/uploads\/2020\/12\/08-1024x755.jpg 1024w, http:\/\/covecer.cz\/subdom\/kozarov\/wp-content\/uploads\/2020\/12\/08-300x221.jpg 300w, http:\/\/covecer.cz\/subdom\/kozarov\/wp-content\/uploads\/2020\/12\/08-768x566.jpg 768w, http:\/\/covecer.cz\/subdom\/kozarov\/wp-content\/uploads\/2020\/12\/08-1536x1133.jpg 1536w, http:\/\/covecer.cz\/subdom\/kozarov\/wp-content\/uploads\/2020\/12\/08-2048x1511.jpg 2048w\" sizes=\"(max-width: 768px) 100vw, 768px\" \/><\/figure><\/div>\n\n\n\n<p>20.\u010dervence 1930 byl slavnostn\u011b otev\u0159en spolkov\u00fd d\u016fm. Po ukon\u010den\u00ed slavnosti n\u00e1sledovala tane\u010dn\u00ed z\u00e1bava. K velk\u00e9mu p\u0159ekvapen\u00ed v\u0161ech p\u0159\u00edtomn\u00fdch se o p\u016fl dev\u00e1t\u00e9 hodin\u011b ve\u010der vz\u0148ala st\u0159echa. R\u00e1zn\u00fdm z\u00e1sahem m\u00edstn\u00edho sboru byl ohe\u0148 uha\u0161en a v z\u00e1bav\u011b se pokra\u010dovalo.<br>Roku 1965 byla provedena oprava kancel\u00e1\u0159e MNV, hasi\u010dsk\u00e9ho skladi\u0161t\u011b a p\u0159\u00eds\u00e1l\u00ed v kulturn\u00edm dom\u011b. Na&nbsp;tyto pr\u00e1ce poskytl Okresn\u00ed n\u00e1rodn\u00ed v\u00fdbor \u010d\u00e1stku 13 500 korun.<br>V polovin\u011b prosince roku 1973 byla vyhloubena nov\u00e1 po\u017e\u00e1rn\u00ed n\u00e1dr\u017e na vodu o rozm\u011brech 25x13m nebo\u0165 na m\u00edst\u011b star\u00e9 n\u00e1dr\u017ee za\u010daly p\u0159\u00edpravn\u00e9 pr\u00e1ce na stavb\u011b prodejny sm\u00ed\u0161en\u00e9ho zbo\u017e\u00ed.<br>V kv\u011btnu r .1976&nbsp; byla zapo\u010data dostavba vodn\u00ed n\u00e1dr\u017ee. Tento rok je tak\u00e9 jak\u00fdmsi d\u016fle\u017eit\u00fdm mezn\u00edkem ve&nbsp;v\u00fdvoji historie na\u0161eho sboru. P\u0159ed V\u00e1nocemi (t\u00e9ho\u017e roku) se za\u010dali m\u00edstn\u00ed hasi\u010di sch\u00e1zet v kulturn\u00edm dom\u011b, kde si vytvo\u0159ili hasi\u010dskou klubovnu. A t\u00edm byly polo\u017eeny z\u00e1klady hostince U&nbsp;ka\u0161tanu, kde se \u010dlenov\u00e9 sboru po t\u00fddnu vz\u00e1jemn\u011b st\u0159\u00eddali v obsluze z\u00e1kazn\u00edk\u016f a\u017e do roku 2001.<br>Roku 1977 byla oplocena po\u017e\u00e1rn\u00ed n\u00e1dr\u017e a u n\u00ed nov\u011b postaven su\u0161\u00e1k na hadice.<br>Pades\u00e1t\u00e9 v\u00fdro\u010d\u00ed zalo\u017een\u00ed hasi\u010dsk\u00e9ho sboru se konalo 18. \u010dervna 1978 a bylo tak\u00e9 n\u00e1le\u017eit\u011b oslaveno.<br>Ke konci roku 1986 bylo zapo\u010dato se stavbou po\u017e\u00e1rn\u00ed zbrojnice. N\u00e1sleduj\u00edc\u00ed rok byla dokon\u010dena a&nbsp;vz\u00e1p\u011bt\u00ed nato se intenzivn\u011b pokra\u010dovalo na p\u0159estavb\u011b star\u00e9 hasi\u010dsk\u00e9 zbrojnice&nbsp;na vin\u00e1rnu. I toto d\u00edlo bylo zd\u00e1rn\u011b dokon\u010deno ke konci ji\u017e zmi\u0148ovan\u00e9ho roku.<br>Rok 1988 se op\u011bt nesmazateln\u011b zapsal do pam\u011bti koz\u00e1rovsk\u00fdch rod\u00e1k\u016f, a to oslavami 387&nbsp;(t\u0159\u00edset&nbsp;\u2013&nbsp;osmdes\u00e1ti&nbsp;\u2013&nbsp;sedmi) rok\u016f od prvn\u00ed p\u00edsemn\u00e9 zm\u00ednky o Koz\u00e1rov\u011b a oslavami 60 let od&nbsp;zalo\u017een\u00ed po\u017e\u00e1rn\u00edho sboru v Koz\u00e1rov\u011b.<br>Roku 1989 byl b\u011bhem 2 dn\u016f (18.a 19.b\u0159ezna) ru\u010dn\u011b vykop\u00e1n v\u00fdkop od pumpy na n\u00e1vsi&nbsp;k po\u017e\u00e1rn\u00ed n\u00e1dr\u017ei a&nbsp;do n\u011bj ulo\u017eeno potrub\u00ed za \u00fa\u010delem pos\u00edlen\u00ed p\u0159\u00edtoku vody do t\u00e9to n\u00e1dr\u017ee.<br>Na sv\u00e9 valn\u00e9 hromad\u011b se hasi\u010dsk\u00fd sbor roku 2001 usnesl, \u017ee po 24 letech provozov\u00e1n\u00ed pohostinstv\u00ed v&nbsp;p\u0159\u00eds\u00e1l\u00ed kulturn\u00edho domu, kdy se jednotliv\u00ed hostin\u0161t\u00ed po t\u00fddnu vz\u00e1jemn\u011b st\u0159\u00eddali, tuto \u010dinnost ukon\u010d\u00ed. Provozov\u00e1n\u00ed pohostinstv\u00ed se proto r\u00e1da ujala Vendulka Filippiov\u00e1 z \u010d.p. 17.<br>Stejn\u011b tak jako v minulosti se hasi\u010di pod\u00edleli na kulturn\u00edm \u017eivot\u011b v obci, a to na po\u0159\u00e1d\u00e1n\u00ed ka\u017edoro\u010dn\u00edch novoro\u010dn\u00edch ples\u016f, d\u011btsk\u00fdch dn\u016f, tane\u010dn\u00edch z\u00e1bav a mnoh\u00fdch dal\u0161\u00edch, ani dnes tomu nen\u00ed jinak a&nbsp;kulturn\u00ed \u017eivot v t\u00e9to obci by bez p\u0159isp\u011bn\u00ed hasi\u010dsk\u00e9ho sboru byl jist\u011b mnohem chud\u0161\u00ed a nebyl by tak pestr\u00fd,&nbsp;jako&nbsp;je&nbsp;tomu dnes.<\/p>\n\n\n\n<div class=\"wp-block-image is-style-default\"><figure class=\"aligncenter size-large\"><img loading=\"lazy\" width=\"1024\" height=\"680\" src=\"http:\/\/covecer.cz\/subdom\/kozarov\/wp-content\/uploads\/2020\/12\/SDH_Kozarov_2014_01-1024x680.jpg\" alt=\"\" class=\"wp-image-690\" srcset=\"http:\/\/covecer.cz\/subdom\/kozarov\/wp-content\/uploads\/2020\/12\/SDH_Kozarov_2014_01-1024x680.jpg 1024w, http:\/\/covecer.cz\/subdom\/kozarov\/wp-content\/uploads\/2020\/12\/SDH_Kozarov_2014_01-300x199.jpg 300w, http:\/\/covecer.cz\/subdom\/kozarov\/wp-content\/uploads\/2020\/12\/SDH_Kozarov_2014_01-768x510.jpg 768w, http:\/\/covecer.cz\/subdom\/kozarov\/wp-content\/uploads\/2020\/12\/SDH_Kozarov_2014_01-1536x1020.jpg 1536w, http:\/\/covecer.cz\/subdom\/kozarov\/wp-content\/uploads\/2020\/12\/SDH_Kozarov_2014_01-2048x1360.jpg 2048w\" sizes=\"(max-width: 1024px) 100vw, 1024px\" \/><\/figure><\/div>\n","protected":false},"excerpt":{"rendered":"<p>Velitel SDH Koz\u00e1rov: Jan Sedl\u00e1\u010dek Z historie Ji\u017e v minulosti, a to p\u0159edev\u0161\u00edm p\u0159ed 1. sv\u011btovou v\u00e1lkou, kdy nebylo techniky a zp\u016fsob\u016f, jak zabr\u00e1nit na&nbsp;vesnic\u00edch&hellip;<\/p>\n","protected":false},"author":1,"featured_media":0,"parent":0,"menu_order":0,"comment_status":"closed","ping_status":"closed","template":"","meta":{"ngg_post_thumbnail":0},"_links":{"self":[{"href":"http:\/\/covecer.cz\/subdom\/kozarov\/wp-json\/wp\/v2\/pages\/92"}],"collection":[{"href":"http:\/\/covecer.cz\/subdom\/kozarov\/wp-json\/wp\/v2\/pages"}],"about":[{"href":"http:\/\/covecer.cz\/subdom\/kozarov\/wp-json\/wp\/v2\/types\/page"}],"author":[{"embeddable":true,"href":"http:\/\/covecer.cz\/subdom\/kozarov\/wp-json\/wp\/v2\/users\/1"}],"replies":[{"embeddable":true,"href":"http:\/\/covecer.cz\/subdom\/kozarov\/wp-json\/wp\/v2\/comments?post=92"}],"version-history":[{"count":20,"href":"http:\/\/covecer.cz\/subdom\/kozarov\/wp-json\/wp\/v2\/pages\/92\/revisions"}],"predecessor-version":[{"id":1814,"href":"http:\/\/covecer.cz\/subdom\/kozarov\/wp-json\/wp\/v2\/pages\/92\/revisions\/1814"}],"wp:attachment":[{"href":"http:\/\/covecer.cz\/subdom\/kozarov\/wp-json\/wp\/v2\/media?parent=92"}],"curies":[{"name":"wp","href":"https:\/\/api.w.org\/{rel}","templated":true}]}}