{"id":96,"date":"2020-12-09T09:11:05","date_gmt":"2020-12-09T08:11:05","guid":{"rendered":"http:\/\/covecer.cz\/subdom\/kozarov\/?page_id=96"},"modified":"2020-12-23T14:37:41","modified_gmt":"2020-12-23T13:37:41","slug":"myslivci","status":"publish","type":"page","link":"http:\/\/covecer.cz\/subdom\/kozarov\/myslivci\/","title":{"rendered":"Myslivci"},"content":{"rendered":"\n<h4>Mysliveck\u00e9 sdru\u017een\u00ed Strha\u0159e-Koz\u00e1rov<\/h4>\n\n\n\n<p>Mysliveck\u00e9 sdru\u017een\u00ed Strha\u0159e-Koz\u00e1rov vzniklo na z\u00e1klad\u011b novelizace z\u00e1kona o myslivosti rozd\u011blen\u00edm p\u0159edchoz\u00edho sdru\u017een\u00ed obc\u00ed Bed\u0159ichov, Koz\u00e1rov, Strha\u0159e a Ra\u0161ov. Toto sdru\u017een\u00ed hospoda\u0159ilo na v\u00fdm\u011b\u0159e 2\u00a0200 ha. Po roce 1989, kdy z\u00e1kon umo\u017enil vznik men\u0161\u00edch honiteb s minim\u00e1ln\u00ed v\u00fdm\u011brou 500 ha, vznikly nov\u00e9 honitby a to Bed\u0159ichov, Ra\u0161ov a Strha\u0159e-Koz\u00e1rov.<br>Honitba Strha\u0159e-Koz\u00e1rov hospoda\u0159\u00ed na v\u00fdm\u011b\u0159e 545 ha. Z toho je 255 ha poln\u00ed honitby, 285 lesn\u00ed honitby a\u00a05 ha ostatn\u00ed.<br>Honitba je pronaj\u00edm\u00e1na od vlastn\u00edk\u016f pozemk\u016f, kte\u0159\u00ed za t\u00edmto \u00fa\u010delem zalo\u017eili honebn\u00ed spole\u010denstvo pod\u00a0n\u00e1zvem Strha\u0159e. D\u00e1le pak od dal\u0161\u00edho vlastn\u00edka, kter\u00fdm jsou Lesy \u010cR a.s.<br>Sdru\u017een\u00ed hospoda\u0159\u00ed se zv\u011b\u0159\u00ed srn\u010d\u00ed a se zv\u011b\u0159\u00ed \u010dernou. Zv\u011b\u0159 drobn\u00e1 (zaj\u00edc, ba\u017eant) vzhledem k n\u00edzk\u00fdm stav\u016fm se nepl\u00e1nuje k odlovu a hospoda\u0159\u00ed se v minim\u00e1ln\u00edch kmenov\u00fdch stavech.<br>U srn\u010d\u00ed zv\u011b\u0159e je maxim\u00e1ln\u00ed kmenov\u00fd stav 26 kus\u016f a u zv\u011b\u0159e \u010dern\u00e9 tento kmenov\u00fd stav nen\u00ed ur\u010den. Lov\u00ed se celoro\u010dn\u011b sele a lon\u010d\u00e1k.<br>Sdru\u017een\u00ed m\u00e1 9 \u010dlen\u016f, kte\u0159\u00ed zabezpe\u010duj\u00ed krmen\u00ed a ochranu zv\u011b\u0159e. V honitb\u011b se nach\u00e1z\u00ed 10 krm\u00edc\u00edch za\u0159\u00edzen\u00ed pro zv\u011b\u0159 srn\u010d\u00ed a zaje\u010d\u00ed, 2 krmeli\u0161t\u011b pro p\u0159ikrmov\u00e1n\u00ed zv\u011b\u0159e \u010dern\u00e9 a 1 z\u00e1syp pro ba\u017eanty v\u00a0lokalit\u011b obce Strha\u0159e.<br>\u010clenov\u00e9 sdru\u017een\u00ed se pravideln\u011b sch\u00e1z\u00ed na sch\u016fz\u00edch, kde \u0159e\u0161\u00ed problematiku spojenou s\u00a0chodem sdru\u017een\u00ed a\u00a0problematiku p\u0159ikrmov\u00e1n\u00ed a odlovu zv\u011b\u0159e.<br>Stejn\u011b tak se sch\u00e1zej\u00ed i p\u0159i nah\u00e1\u0148k\u00e1ch v p\u0159\u00edpad\u011b obezn\u00e1n\u00ed \u010dern\u00e9 zv\u011b\u0159e v honitb\u011b.<br>V oblasti kultury je v podv\u011bdom\u00ed ob\u010dan\u016f ji\u017e tradi\u010dn\u00ed mysliveck\u00fd ples, kter\u00fd sdru\u017een\u00ed po\u0159\u00e1d\u00e1 v s\u00e1le kulturn\u00edho domu v Koz\u00e1rov\u011b v\u017edy 2. p\u00e1tek v m\u011bs\u00edci lednu. Tento se t\u011b\u0161\u00ed velk\u00e9 oblib\u011b zejm\u00e9na z d\u016fvodu bohat\u00e9 tomboly a vynikaj\u00edc\u00ed mysliveck\u00e9 kuchyn\u011b.<\/p>\n\n\n\n<div class=\"wp-block-image is-style-default\"><figure class=\"aligncenter size-large is-resized\"><a href=\"https:\/\/www.cmmj.cz\/\" target=\"_blank\" rel=\"noopener\"><img loading=\"lazy\" src=\"http:\/\/covecer.cz\/subdom\/kozarov\/wp-content\/uploads\/2020\/12\/Myslivecka_jednota-824x1024.png\" alt=\"\" class=\"wp-image-820\" width=\"206\" height=\"256\" srcset=\"http:\/\/covecer.cz\/subdom\/kozarov\/wp-content\/uploads\/2020\/12\/Myslivecka_jednota-824x1024.png 824w, http:\/\/covecer.cz\/subdom\/kozarov\/wp-content\/uploads\/2020\/12\/Myslivecka_jednota-241x300.png 241w, http:\/\/covecer.cz\/subdom\/kozarov\/wp-content\/uploads\/2020\/12\/Myslivecka_jednota-768x955.png 768w, http:\/\/covecer.cz\/subdom\/kozarov\/wp-content\/uploads\/2020\/12\/Myslivecka_jednota-1235x1536.png 1235w, http:\/\/covecer.cz\/subdom\/kozarov\/wp-content\/uploads\/2020\/12\/Myslivecka_jednota-1647x2048.png 1647w, http:\/\/covecer.cz\/subdom\/kozarov\/wp-content\/uploads\/2020\/12\/Myslivecka_jednota.png 1738w\" sizes=\"(max-width: 206px) 100vw, 206px\" \/><\/a><figcaption><a rel=\"noreferrer noopener\" href=\"https:\/\/www.cmmj.cz\/\" data-type=\"URL\" data-id=\"https:\/\/www.cmmj.cz\/\" target=\"_blank\">V\u00edce..<\/a><a href=\"https:\/\/www.cmmj.cz\/\" data-type=\"URL\" data-id=\"https:\/\/www.cmmj.cz\/\" target=\"_blank\" rel=\"noreferrer noopener\">.<\/a><\/figcaption><\/figure><\/div>\n\n\n\n<figure class=\"wp-block-embed aligncenter is-type-video is-provider-youtube wp-block-embed-youtube wp-embed-aspect-4-3 wp-has-aspect-ratio\"><div class=\"wp-block-embed__wrapper\">\n<iframe title=\"Mysliveck\u00fd ples\" width=\"843\" height=\"632\" src=\"https:\/\/www.youtube.com\/embed\/vnzfU_1a240?feature=oembed\" frameborder=\"0\" allow=\"accelerometer; autoplay; clipboard-write; encrypted-media; gyroscope; picture-in-picture\" allowfullscreen><\/iframe>\n<\/div><\/figure>\n\n\n\n<hr class=\"wp-block-separator has-text-color has-background is-style-wide\" style=\"background-color:#5f9e45;color:#5f9e45\"\/>\n","protected":false},"excerpt":{"rendered":"<p>Mysliveck\u00e9 sdru\u017een\u00ed Strha\u0159e-Koz\u00e1rov Mysliveck\u00e9 sdru\u017een\u00ed Strha\u0159e-Koz\u00e1rov vzniklo na z\u00e1klad\u011b novelizace z\u00e1kona o myslivosti rozd\u011blen\u00edm p\u0159edchoz\u00edho sdru\u017een\u00ed obc\u00ed Bed\u0159ichov, Koz\u00e1rov, Strha\u0159e a Ra\u0161ov. Toto sdru\u017een\u00ed hospoda\u0159ilo&hellip;<\/p>\n","protected":false},"author":1,"featured_media":0,"parent":0,"menu_order":0,"comment_status":"closed","ping_status":"closed","template":"","meta":{"ngg_post_thumbnail":0},"_links":{"self":[{"href":"http:\/\/covecer.cz\/subdom\/kozarov\/wp-json\/wp\/v2\/pages\/96"}],"collection":[{"href":"http:\/\/covecer.cz\/subdom\/kozarov\/wp-json\/wp\/v2\/pages"}],"about":[{"href":"http:\/\/covecer.cz\/subdom\/kozarov\/wp-json\/wp\/v2\/types\/page"}],"author":[{"embeddable":true,"href":"http:\/\/covecer.cz\/subdom\/kozarov\/wp-json\/wp\/v2\/users\/1"}],"replies":[{"embeddable":true,"href":"http:\/\/covecer.cz\/subdom\/kozarov\/wp-json\/wp\/v2\/comments?post=96"}],"version-history":[{"count":3,"href":"http:\/\/covecer.cz\/subdom\/kozarov\/wp-json\/wp\/v2\/pages\/96\/revisions"}],"predecessor-version":[{"id":823,"href":"http:\/\/covecer.cz\/subdom\/kozarov\/wp-json\/wp\/v2\/pages\/96\/revisions\/823"}],"wp:attachment":[{"href":"http:\/\/covecer.cz\/subdom\/kozarov\/wp-json\/wp\/v2\/media?parent=96"}],"curies":[{"name":"wp","href":"https:\/\/api.w.org\/{rel}","templated":true}]}}