{"id":98,"date":"2020-12-09T09:11:24","date_gmt":"2020-12-09T08:11:24","guid":{"rendered":"http:\/\/covecer.cz\/subdom\/kozarov\/?page_id=98"},"modified":"2021-01-12T22:09:55","modified_gmt":"2021-01-12T21:09:55","slug":"fotogalerie","status":"publish","type":"page","link":"http:\/\/covecer.cz\/subdom\/kozarov\/fotogalerie\/","title":{"rendered":"Fotogalerie"},"content":{"rendered":"\n<div class=\"ngg-albumoverview default-view\">\n            <div class=\"ngg-album-compact\">\n            <div class=\"ngg-album-compactbox\">\n                <div class=\"ngg-album-link\">\n                                        <a title='Kultura a tradice v obci'\n                       href='http:\/\/covecer.cz\/subdom\/kozarov\/fotogalerie-kultura-a-tradice-v-obci\/'>\n                        <img class=\"Thumb\"\n                             alt=\"Kultura a tradice v obci\"\n                             src=\"http:\/\/covecer.cz\/subdom\/kozarov\/wp-content\/gallery\/hody-2014\/cache\/P1010151.jpg-nggid03379-ngg0dyn-240x160x100-00f0w010c011r110f110r010t010.jpg\"\/>\n                    <\/a>\n                                    <\/div>\n            <\/div>\n                        <h4>\n                <a class='ngg-album-desc' title='Kultura a tradice v obci'\n                       href='http:\/\/covecer.cz\/subdom\/kozarov\/fotogalerie-kultura-a-tradice-v-obci\/'style=\"max-width: 260px\">Kultura a tradice v obci<\/a>\n            <\/h4>\n            <p class=\"ngg-album-gallery-image-counter\">\n                                    &nbsp;\n                            <\/p>\n        <\/div>\n            <div class=\"ngg-album-compact\">\n            <div class=\"ngg-album-compactbox\">\n                <div class=\"ngg-album-link\">\n                                        <a title='Rozhledna Babylon \/ KSA'\n                       href='http:\/\/covecer.cz\/subdom\/kozarov\/fotogalerie\/nggallery\/rozhledna-babylo-ksa'>\n                        <img class=\"Thumb\"\n                             alt=\"Rozhledna Babylon \/ KSA\"\n                             src=\"http:\/\/covecer.cz\/subdom\/kozarov\/wp-content\/gallery\/rozhledna-babylon-kulturne-spolecensky-areal\/cache\/Kozarov-rozhledna.jpg-nggid03419-ngg0dyn-240x160x100-00f0w010c011r110f110r010t010.jpg\"\/>\n                    <\/a>\n                                    <\/div>\n            <\/div>\n                        <h4>\n                <a class='ngg-album-desc' title='Rozhledna Babylon \/ KSA'\n                       href='http:\/\/covecer.cz\/subdom\/kozarov\/fotogalerie\/nggallery\/rozhledna-babylo-ksa'style=\"max-width: 260px\">Rozhledna Babylon \/ KSA<\/a>\n            <\/h4>\n            <p class=\"ngg-album-gallery-image-counter\">\n                                    &nbsp;\n                            <\/p>\n        <\/div>\n            <div class=\"ngg-album-compact\">\n            <div class=\"ngg-album-compactbox\">\n                <div class=\"ngg-album-link\">\n                                        <a title='Koupali\u0161t\u011b \/ Po\u017e\u00e1rn\u00ed n\u00e1dr\u017e'\n                       href='http:\/\/covecer.cz\/subdom\/kozarov\/fotogalerie\/nggallery\/koupaliste-pozarni-nadrz'>\n                        <img class=\"Thumb\"\n                             alt=\"Koupali\u0161t\u011b \/ Po\u017e\u00e1rn\u00ed n\u00e1dr\u017e\"\n                             src=\"http:\/\/covecer.cz\/subdom\/kozarov\/wp-content\/gallery\/koupaliste-pozarni-nadrz\/cache\/10375125_10203465631272988_3256270989663680640_n.jpg-nggid03444-ngg0dyn-240x160x100-00f0w010c011r110f110r010t010.jpg\"\/>\n                    <\/a>\n                                    <\/div>\n            <\/div>\n                        <h4>\n                <a class='ngg-album-desc' title='Koupali\u0161t\u011b \/ Po\u017e\u00e1rn\u00ed n\u00e1dr\u017e'\n                       href='http:\/\/covecer.cz\/subdom\/kozarov\/fotogalerie\/nggallery\/koupaliste-pozarni-nadrz'style=\"max-width: 260px\">Koupali\u0161t\u011b \/ Po\u017e\u00e1rn\u00ed n\u00e1dr\u017e<\/a>\n            <\/h4>\n            <p class=\"ngg-album-gallery-image-counter\">\n                                    &nbsp;\n                            <\/p>\n        <\/div>\n            <div class=\"ngg-album-compact\">\n            <div class=\"ngg-album-compactbox\">\n                <div class=\"ngg-album-link\">\n                                        <a title='Farma Koz\u00e1rov (ZEAS Lysice a.s.)'\n                       href='http:\/\/covecer.cz\/subdom\/kozarov\/fotogalerie\/nggallery\/farma-kozarov-zeas-lysice-a-s'>\n                        <img class=\"Thumb\"\n                             alt=\"Farma Koz\u00e1rov (ZEAS Lysice a.s.)\"\n                             src=\"http:\/\/covecer.cz\/subdom\/kozarov\/wp-content\/gallery\/farma-kozarov-zeas-lysice-a-s\/cache\/P1090003.jpg-nggid03448-ngg0dyn-240x160x100-00f0w010c011r110f110r010t010.jpg\"\/>\n                    <\/a>\n                                    <\/div>\n            <\/div>\n                        <h4>\n                <a class='ngg-album-desc' title='Farma Koz\u00e1rov (ZEAS Lysice a.s.)'\n                       href='http:\/\/covecer.cz\/subdom\/kozarov\/fotogalerie\/nggallery\/farma-kozarov-zeas-lysice-a-s'style=\"max-width: 260px\">Farma Koz\u00e1rov (ZEAS Lysice a.s.)<\/a>\n            <\/h4>\n            <p class=\"ngg-album-gallery-image-counter\">\n                                    &nbsp;\n                            <\/p>\n        <\/div>\n            <div class=\"ngg-album-compact\">\n            <div class=\"ngg-album-compactbox\">\n                <div class=\"ngg-album-link\">\n                                        <a title='Obec a okol\u00ed'\n                       href='http:\/\/covecer.cz\/subdom\/kozarov\/fotogalerie\/nggallery\/obec-a-okoli'>\n                        <img class=\"Thumb\"\n                             alt=\"Obec a okol\u00ed\"\n                             src=\"http:\/\/covecer.cz\/subdom\/kozarov\/wp-content\/gallery\/obec-a-okoli\/cache\/2011-029-315-050-02-Kozarov.jpg-nggid03459-ngg0dyn-240x160x100-00f0w010c011r110f110r010t010.jpg\"\/>\n                    <\/a>\n                                    <\/div>\n            <\/div>\n                        <h4>\n                <a class='ngg-album-desc' title='Obec a okol\u00ed'\n                       href='http:\/\/covecer.cz\/subdom\/kozarov\/fotogalerie\/nggallery\/obec-a-okoli'style=\"max-width: 260px\">Obec a okol\u00ed<\/a>\n            <\/h4>\n            <p class=\"ngg-album-gallery-image-counter\">\n                                    &nbsp;\n                            <\/p>\n        <\/div>\n            <div class=\"ngg-album-compact\">\n            <div class=\"ngg-album-compactbox\">\n                <div class=\"ngg-album-link\">\n                                        <a title='Kaple sv. Anny'\n                       href='http:\/\/covecer.cz\/subdom\/kozarov\/fotogalerie\/nggallery\/kaple-sv-anny'>\n                        <img class=\"Thumb\"\n                             alt=\"Kaple sv. Anny\"\n                             src=\"http:\/\/covecer.cz\/subdom\/kozarov\/wp-content\/gallery\/kaple-sv-anny\/cache\/kaple3_jpg-1.jpg-nggid03473-ngg0dyn-240x160x100-00f0w010c011r110f110r010t010.jpg\"\/>\n                    <\/a>\n                                    <\/div>\n            <\/div>\n                        <h4>\n                <a class='ngg-album-desc' title='Kaple sv. Anny'\n                       href='http:\/\/covecer.cz\/subdom\/kozarov\/fotogalerie\/nggallery\/kaple-sv-anny'style=\"max-width: 260px\">Kaple sv. Anny<\/a>\n            <\/h4>\n            <p class=\"ngg-album-gallery-image-counter\">\n                                    &nbsp;\n                            <\/p>\n        <\/div>\n            <div class=\"ngg-album-compact\">\n            <div class=\"ngg-album-compactbox\">\n                <div class=\"ngg-album-link\">\n                                        <a title='SDH Koz\u00e1rov'\n                       href='http:\/\/covecer.cz\/subdom\/kozarov\/fotogalerie\/nggallery\/sdh-kozarov'>\n                        <img class=\"Thumb\"\n                             alt=\"SDH Koz\u00e1rov\"\n                             src=\"http:\/\/covecer.cz\/subdom\/kozarov\/wp-content\/gallery\/sdh-kozarov\/cache\/SDH_Kozarov_2014-1.jpg-nggid03485-ngg0dyn-240x160x100-00f0w010c011r110f110r010t010.jpg\"\/>\n                    <\/a>\n                                    <\/div>\n            <\/div>\n                        <h4>\n                <a class='ngg-album-desc' title='SDH Koz\u00e1rov'\n                       href='http:\/\/covecer.cz\/subdom\/kozarov\/fotogalerie\/nggallery\/sdh-kozarov'style=\"max-width: 260px\">SDH Koz\u00e1rov<\/a>\n            <\/h4>\n            <p class=\"ngg-album-gallery-image-counter\">\n                                    &nbsp;\n                            <\/p>\n        <\/div>\n            <div class=\"ngg-album-compact\">\n            <div class=\"ngg-album-compactbox\">\n                <div class=\"ngg-album-link\">\n                                        <a title='Pl\u00e1\u017eov\u00e9 h\u0159i\u0161t\u011b'\n                       href='http:\/\/covecer.cz\/subdom\/kozarov\/fotogalerie\/nggallery\/plazove-hriste'>\n                        <img class=\"Thumb\"\n                             alt=\"Pl\u00e1\u017eov\u00e9 h\u0159i\u0161t\u011b\"\n                             src=\"http:\/\/covecer.cz\/subdom\/kozarov\/wp-content\/gallery\/plazove-hriste\/cache\/10489718_10203469177961653_71981563427835150_n.jpg-nggid03499-ngg0dyn-240x160x100-00f0w010c011r110f110r010t010.jpg\"\/>\n                    <\/a>\n                                    <\/div>\n            <\/div>\n                        <h4>\n                <a class='ngg-album-desc' title='Pl\u00e1\u017eov\u00e9 h\u0159i\u0161t\u011b'\n                       href='http:\/\/covecer.cz\/subdom\/kozarov\/fotogalerie\/nggallery\/plazove-hriste'style=\"max-width: 260px\">Pl\u00e1\u017eov\u00e9 h\u0159i\u0161t\u011b<\/a>\n            <\/h4>\n            <p class=\"ngg-album-gallery-image-counter\">\n                                    &nbsp;\n                            <\/p>\n        <\/div>\n            <div class=\"ngg-album-compact\">\n            <div class=\"ngg-album-compactbox\">\n                <div class=\"ngg-album-link\">\n                                        <a title='Fotbalist\u00e9 \/ Fotbalov\u00e9 h\u0159i\u0161t\u011b'\n                       href='http:\/\/covecer.cz\/subdom\/kozarov\/fotogalerie-fotbaliste-fotbalove-hriste\/'>\n                        <img class=\"Thumb\"\n                             alt=\"Fotbalist\u00e9 \/ Fotbalov\u00e9 h\u0159i\u0161t\u011b\"\n                             src=\"http:\/\/covecer.cz\/subdom\/kozarov\/wp-content\/gallery\/fotbaliste-fotbalove-hriste\/cache\/AC-Kozarov.jpg-nggid03438-ngg0dyn-240x160x100-00f0w010c011r110f110r010t010.jpg\"\/>\n                    <\/a>\n                                    <\/div>\n            <\/div>\n                        <h4>\n                <a class='ngg-album-desc' title='Fotbalist\u00e9 \/ Fotbalov\u00e9 h\u0159i\u0161t\u011b'\n                       href='http:\/\/covecer.cz\/subdom\/kozarov\/fotogalerie-fotbaliste-fotbalove-hriste\/'style=\"max-width: 260px\">Fotbalist\u00e9 \/ Fotbalov\u00e9 h\u0159i\u0161t\u011b<\/a>\n            <\/h4>\n            <p class=\"ngg-album-gallery-image-counter\">\n                                    &nbsp;\n                            <\/p>\n        <\/div>\n        <br class=\"ngg-clear\"\/>\n    <div class='ngg-clear'><\/div><\/div>\n\n","protected":false},"excerpt":{"rendered":"","protected":false},"author":1,"featured_media":0,"parent":0,"menu_order":0,"comment_status":"closed","ping_status":"closed","template":"","meta":{"ngg_post_thumbnail":0},"_links":{"self":[{"href":"http:\/\/covecer.cz\/subdom\/kozarov\/wp-json\/wp\/v2\/pages\/98"}],"collection":[{"href":"http:\/\/covecer.cz\/subdom\/kozarov\/wp-json\/wp\/v2\/pages"}],"about":[{"href":"http:\/\/covecer.cz\/subdom\/kozarov\/wp-json\/wp\/v2\/types\/page"}],"author":[{"embeddable":true,"href":"http:\/\/covecer.cz\/subdom\/kozarov\/wp-json\/wp\/v2\/users\/1"}],"replies":[{"embeddable":true,"href":"http:\/\/covecer.cz\/subdom\/kozarov\/wp-json\/wp\/v2\/comments?post=98"}],"version-history":[{"count":35,"href":"http:\/\/covecer.cz\/subdom\/kozarov\/wp-json\/wp\/v2\/pages\/98\/revisions"}],"predecessor-version":[{"id":1792,"href":"http:\/\/covecer.cz\/subdom\/kozarov\/wp-json\/wp\/v2\/pages\/98\/revisions\/1792"}],"wp:attachment":[{"href":"http:\/\/covecer.cz\/subdom\/kozarov\/wp-json\/wp\/v2\/media?parent=98"}],"curies":[{"name":"wp","href":"https:\/\/api.w.org\/{rel}","templated":true}]}}